{"id":19,"date":"2025-08-01T16:08:31","date_gmt":"2025-08-01T16:08:31","guid":{"rendered":"https:\/\/ritualsbyglow.com\/?page_id=19"},"modified":"2025-08-28T00:10:45","modified_gmt":"2025-08-28T00:10:45","slug":"glow-reset","status":"publish","type":"page","link":"https:\/\/ritualsbyglow.com\/en\/glow-reset\/","title":{"rendered":"Glow reset"},"content":{"rendered":"<p>[et_pb_section fb_built=\u00bb1&#8243; _builder_version=\u00bb4.21.0&#8243; _module_preset=\u00bbdefault\u00bb custom_padding=\u00bb||0px||false|false\u00bb global_colors_info=\u00bb{}\u00bb][et_pb_row column_structure=\u00bb1_2,1_2&#8243; _builder_version=\u00bb4.21.0&#8243; _module_preset=\u00bbdefault\u00bb custom_padding=\u00bb5px||0px||false|false\u00bb global_colors_info=\u00bb{}\u00bb][et_pb_column type=\u00bb1_2&#8243; _builder_version=\u00bb4.21.0&#8243; _module_preset=\u00bbdefault\u00bb global_colors_info=\u00bb{}\u00bb][et_pb_text _builder_version=\u00bb4.21.0&#8243; _module_preset=\u00bbdefault\u00bb header_font=\u00bbMerriweather|700|||||||\u00bb custom_margin=\u00bb||8px|||\u00bb header_font_size_tablet=\u00bb\u00bb header_font_size_phone=\u00bb18px\u00bb header_font_size_last_edited=\u00bbon|phone\u00bb global_colors_info=\u00bb{}\u00bb]<\/p>\n<h1>Reset by Rituals<\/h1>\n<p>[\/et_pb_text][et_pb_text _builder_version=\u00bb4.21.0&#8243; _module_preset=\u00bbdefault\u00bb header_2_font=\u00bbMerriweather|300|||||||\u00bb header_2_font_size=\u00bb23px\u00bb header_2_font_size_tablet=\u00bb23px\u00bb header_2_font_size_phone=\u00bb17px\u00bb header_2_font_size_last_edited=\u00bbon|phone\u00bb global_colors_info=\u00bb{}\u00bb]<\/p>\n<h2>Head Spa de Renovaci\u00f3n Personal.<\/h2>\n<p>[\/et_pb_text][et_pb_text _builder_version=\u00bb4.21.0&#8243; _module_preset=\u00bbdefault\u00bb text_font=\u00bbRoboto|300|||||||\u00bb text_font_size=\u00bb16px\u00bb global_colors_info=\u00bb{}\u00bb]<\/p>\n<p>Un ritual creado para quienes necesitan detenerse, soltar el peso del d\u00eda a d\u00eda y volver a s\u00ed mismos. Glow Reset es una experiencia sensorial profunda, pensada para liberar tensiones, desconectar de las exigencias externas y reconectar con el cuerpo, la respiraci\u00f3n y el presente. Un tratamiento transformador, que combina la esencia del Head Spa con una mirada integral al bienestar f\u00edsico, mental y emocional.<\/p>\n<p>[\/et_pb_text][et_pb_text _builder_version=\u00bb4.21.0&#8243; _module_preset=\u00bbdefault\u00bb text_font=\u00bbMerriweather|300|||||||\u00bb custom_margin=\u00bb||13px|||\u00bb custom_padding=\u00bb||||false|false\u00bb border_radii=\u00bbon|1px|1px|1px|1px\u00bb border_width_all=\u00bb1px\u00bb border_color_all=\u00bb#FFFFFF\u00bb global_colors_info=\u00bb{}\u00bb]<\/p>\n<p><strong>\ud83d\udd5d <\/strong>Duraci\u00f3n: <strong>50 minutos.<\/strong><\/p>\n<p>[\/et_pb_text][et_pb_text _builder_version=\u00bb4.21.0&#8243; _module_preset=\u00bbdefault\u00bb text_font=\u00bbMerriweather|300|||||||\u00bb custom_margin=\u00bb||7px|||\u00bb custom_padding=\u00bb||||false|false\u00bb border_radii=\u00bbon|1px|1px|1px|1px\u00bb border_width_all=\u00bb1px\u00bb border_color_all=\u00bb#FFFFFF\u00bb global_colors_info=\u00bb{}\u00bb]<\/p>\n<p><strong>\ud83d\udcb2 <\/strong>Valor por persona: <strong>70 euros.<\/strong><\/p>\n<p>[\/et_pb_text][et_pb_text _builder_version=\u00bb4.21.0&#8243; _module_preset=\u00bbdefault\u00bb text_font=\u00bbMerriweather|300|||||||\u00bb custom_padding=\u00bb||||false|false\u00bb hover_enabled=\u00bb0&#8243; border_radii=\u00bbon|1px|1px|1px|1px\u00bb border_width_all=\u00bb1px\u00bb border_color_all=\u00bb#FFFFFF\u00bb global_colors_info=\u00bb{}\u00bb sticky_enabled=\u00bb0&#8243;]<\/p>\n<p><strong>\ud83d\udc6b <\/strong>Hasta<strong> dos personas.<\/strong><\/p>\n<p>[\/et_pb_text][\/et_pb_column][et_pb_column type=\u00bb1_2&#8243; _builder_version=\u00bb4.21.0&#8243; _module_preset=\u00bbdefault\u00bb global_colors_info=\u00bb{}\u00bb][et_pb_text _builder_version=\u00bb4.21.0&#8243; _module_preset=\u00bbdefault\u00bb text_font=\u00bbMerriweather|700|||||||\u00bb text_text_color=\u00bb#000000&#8243; text_font_size=\u00bb26px\u00bb global_colors_info=\u00bb{}\u00bb]<\/p>\n<p>Reserva tu cita<\/p>\n<p>[\/et_pb_text][divi_catalog_booking _builder_version=\u00bb4.21.0&#8243; _module_preset=\u00bbdefault\u00bb catalog=\u00bbservice\u00bb services=\u00bb1&#8243; booking_params=\u00bbon\u00bb locations=\u00bb1&#8243; hover_enabled=\u00bb0&#8243; sticky_enabled=\u00bb0&#8243; skip_categories=\u00bboff\u00bb][\/divi_catalog_booking][\/et_pb_column][\/et_pb_row][\/et_pb_section][et_pb_section fb_built=\u00bb1&#8243; _builder_version=\u00bb4.21.0&#8243; _module_preset=\u00bbdefault\u00bb custom_padding=\u00bb2px|||||\u00bb global_colors_info=\u00bb{}\u00bb][et_pb_row column_structure=\u00bb1_2,1_2&#8243; _builder_version=\u00bb4.21.0&#8243; _module_preset=\u00bbdefault\u00bb custom_padding=\u00bb62px|||0px||\u00bb global_colors_info=\u00bb{}\u00bb][et_pb_column type=\u00bb1_2&#8243; _builder_version=\u00bb4.21.0&#8243; _module_preset=\u00bbdefault\u00bb global_colors_info=\u00bb{}\u00bb][et_pb_text _builder_version=\u00bb4.21.0&#8243; _module_preset=\u00bbdefault\u00bb header_font=\u00bbMerriweather|700|||||||\u00bb custom_margin=\u00bb||8px|||\u00bb global_colors_info=\u00bb{}\u00bb]<\/p>\n<h1>\u00bfQu\u00e9 incluye la experiencia?<\/h1>\n<p>[\/et_pb_text][et_pb_text _builder_version=\u00bb4.21.0&#8243; _module_preset=\u00bbdefault\u00bb header_2_font=\u00bbMerriweather|300|||||||\u00bb header_2_font_size=\u00bb23px\u00bb global_colors_info=\u00bb{}\u00bb]<\/p>\n<h2>Head Spa de Renovaci\u00f3n Personal.<\/h2>\n<p>[\/et_pb_text][et_pb_text _builder_version=\u00bb4.21.0&#8243; _module_preset=\u00bbdefault\u00bb text_font=\u00bbRoboto|300|||||||\u00bb text_font_size=\u00bb16px\u00bb global_colors_info=\u00bb{}\u00bb]<\/p>\n<p>Un ritual creado para quienes necesitan detenerse, soltar el peso del d\u00eda a d\u00eda y volver a s\u00ed mismos. Glow Reset es una experiencia sensorial profunda, pensada para liberar tensiones, desconectar de las exigencias externas y reconectar con el cuerpo, la respiraci\u00f3n y el presente. Un tratamiento transformador, que combina la esencia del Head Spa con una mirada integral al bienestar f\u00edsico, mental y emocional.<\/p>\n<p>[\/et_pb_text][\/et_pb_column][et_pb_column type=\u00bb1_2&#8243; _builder_version=\u00bb4.21.0&#8243; _module_preset=\u00bbdefault\u00bb global_colors_info=\u00bb{}\u00bb][\/et_pb_column][\/et_pb_row][et_pb_row column_structure=\u00bb1_3,1_3,1_3&#8243; _builder_version=\u00bb4.21.0&#8243; _module_preset=\u00bbdefault\u00bb custom_margin=\u00bb31px|auto||auto||\u00bb custom_padding=\u00bb18px|||||\u00bb global_colors_info=\u00bb{}\u00bb][et_pb_column type=\u00bb1_3&#8243; _builder_version=\u00bb4.21.0&#8243; _module_preset=\u00bbdefault\u00bb global_colors_info=\u00bb{}\u00bb][et_pb_blurb title=\u00bbLavado Purificador\u00bb use_icon=\u00bbon\u00bb font_icon=\u00bb&#xf5bb;||fa||900&#8243; icon_color=\u00bb#f2b9c4&#8243; image_icon_width=\u00bb56px\u00bb _builder_version=\u00bb4.21.0&#8243; _module_preset=\u00bbdefault\u00bb header_font=\u00bbMerriweather||||||||\u00bb body_font=\u00bbRoboto|300|||||||\u00bb body_font_size=\u00bb16px\u00bb text_orientation=\u00bbcenter\u00bb custom_padding=\u00bb40px|20px|40px|20px|false|false\u00bb border_radii=\u00bbon|15px|15px|15px|15px\u00bb border_width_all=\u00bb1px\u00bb border_color_all=\u00bb#f2b9c4&#8243; global_colors_info=\u00bb{}\u00bb background__hover_enabled=\u00bbon|hover\u00bb background_color__hover=\u00bb#D6D6D6&#8243; background_enable_color__hover=\u00bbon\u00bb]<\/p>\n<p style=\"text-align: center;\">Del cuero cabelludo con productos bot\u00e1nicos revitalizantes creando una experiencia \u00fanica.<\/p>\n<p>[\/et_pb_blurb][\/et_pb_column][et_pb_column type=\u00bb1_3&#8243; _builder_version=\u00bb4.21.0&#8243; _module_preset=\u00bbdefault\u00bb global_colors_info=\u00bb{}\u00bb][et_pb_blurb title=\u00bbHidroterapia\u00bb use_icon=\u00bbon\u00bb font_icon=\u00bb&#xf5bb;||fa||900&#8243; icon_color=\u00bb#f2b9c4&#8243; image_icon_width=\u00bb56px\u00bb _builder_version=\u00bb4.21.0&#8243; _module_preset=\u00bbdefault\u00bb header_font=\u00bbMerriweather||||||||\u00bb body_font=\u00bbRoboto|300|||||||\u00bb body_font_size=\u00bb16px\u00bb text_orientation=\u00bbcenter\u00bb custom_padding=\u00bb40px|20px|40px|20px|false|false\u00bb border_radii=\u00bbon|15px|15px|15px|15px\u00bb border_width_all=\u00bb1px\u00bb border_color_all=\u00bb#f2b9c4&#8243; global_colors_info=\u00bb{}\u00bb background_color__hover=\u00bb#D6D6D6&#8243; background__hover_enabled=\u00bbon|hover\u00bb background_enable_color__hover=\u00bbon\u00bb]<\/p>\n<p style=\"text-align: center;\">Con chorros de agua templada que inducen una relajaci\u00f3n progresiva desde la ra\u00edz.<\/p>\n<p>[\/et_pb_blurb][\/et_pb_column][et_pb_column type=\u00bb1_3&#8243; _builder_version=\u00bb4.21.0&#8243; _module_preset=\u00bbdefault\u00bb global_colors_info=\u00bb{}\u00bb][et_pb_blurb title=\u00bbMasaje craneal\u00bb use_icon=\u00bbon\u00bb font_icon=\u00bb&#xf5bb;||fa||900&#8243; icon_color=\u00bb#f2b9c4&#8243; image_icon_width=\u00bb56px\u00bb _builder_version=\u00bb4.21.0&#8243; _module_preset=\u00bbdefault\u00bb header_font=\u00bbMerriweather||||||||\u00bb body_font=\u00bbRoboto|300|||||||\u00bb body_font_size=\u00bb16px\u00bb text_orientation=\u00bbcenter\u00bb custom_padding=\u00bb40px|20px|40px|20px|false|false\u00bb border_radii=\u00bbon|15px|15px|15px|15px\u00bb border_width_all=\u00bb1px\u00bb border_color_all=\u00bb#f2b9c4&#8243; global_colors_info=\u00bb{}\u00bb background_color__hover=\u00bb#D6D6D6&#8243; background__hover_enabled=\u00bbon|hover\u00bb background_enable_color__hover=\u00bbon\u00bb]<\/p>\n<p style=\"text-align: center;\">Con presiones r\u00edtmicas combinadas con respiraci\u00f3n guiada, propiciando un estado de equilibrio y calma profunda.<\/p>\n<p>[\/et_pb_blurb][\/et_pb_column][\/et_pb_row][et_pb_row column_structure=\u00bb1_3,1_3,1_3&#8243; _builder_version=\u00bb4.21.0&#8243; _module_preset=\u00bbdefault\u00bb custom_padding=\u00bb||0px|||\u00bb global_colors_info=\u00bb{}\u00bb][et_pb_column type=\u00bb1_3&#8243; _builder_version=\u00bb4.21.0&#8243; _module_preset=\u00bbdefault\u00bb global_colors_info=\u00bb{}\u00bb][et_pb_blurb title=\u00bbMasaje facial relajante\u00bb use_icon=\u00bbon\u00bb font_icon=\u00bb&#xf5bb;||fa||900&#8243; icon_color=\u00bb#f2b9c4&#8243; image_icon_width=\u00bb56px\u00bb _builder_version=\u00bb4.21.0&#8243; _module_preset=\u00bbdefault\u00bb header_font=\u00bbMerriweather||||||||\u00bb body_font=\u00bbRoboto|300|||||||\u00bb body_font_size=\u00bb16px\u00bb text_orientation=\u00bbcenter\u00bb custom_padding=\u00bb40px|20px|40px|20px|false|false\u00bb border_radii=\u00bbon|15px|15px|15px|15px\u00bb border_width_all=\u00bb1px\u00bb border_color_all=\u00bb#f2b9c4&#8243; global_colors_info=\u00bb{}\u00bb background_color__hover=\u00bb#D6D6D6&#8243; background__hover_enabled=\u00bbon|hover\u00bb background_enable_color__hover=\u00bbon\u00bb]<\/p>\n<p style=\"text-align: center;\">Usamos t\u00e9cnicas de estiramiento para activar el riego sangu\u00edneo y devolver luz y elasticidad a la piel.<\/p>\n<p>[\/et_pb_blurb][\/et_pb_column][et_pb_column type=\u00bb1_3&#8243; _builder_version=\u00bb4.21.0&#8243; _module_preset=\u00bbdefault\u00bb global_colors_info=\u00bb{}\u00bb][et_pb_blurb title=\u00bbAromaterapia\u00bb use_icon=\u00bbon\u00bb font_icon=\u00bb&#xf5bb;||fa||900&#8243; icon_color=\u00bb#f2b9c4&#8243; image_icon_width=\u00bb56px\u00bb _builder_version=\u00bb4.21.0&#8243; _module_preset=\u00bbdefault\u00bb header_font=\u00bbMerriweather||||||||\u00bb body_font=\u00bbRoboto|300|||||||\u00bb body_font_size=\u00bb16px\u00bb text_orientation=\u00bbcenter\u00bb custom_padding=\u00bb40px|20px|40px|20px|false|false\u00bb border_radii=\u00bbon|15px|15px|15px|15px\u00bb border_width_all=\u00bb1px\u00bb border_color_all=\u00bb#f2b9c4&#8243; global_colors_info=\u00bb{}\u00bb background_color__hover=\u00bb#D6D6D6&#8243; background__hover_enabled=\u00bbon|hover\u00bb background_enable_color__hover=\u00bbon\u00bb]<\/p>\n<p style=\"text-align: center;\">Aromaterapia personalizada con aceites esenciales adaptados a tu estado emocional.<\/p>\n<p>[\/et_pb_blurb][\/et_pb_column][et_pb_column type=\u00bb1_3&#8243; _builder_version=\u00bb4.21.0&#8243; _module_preset=\u00bbdefault\u00bb global_colors_info=\u00bb{}\u00bb][et_pb_blurb title=\u00bbSonoterapia\u00bb use_icon=\u00bbon\u00bb font_icon=\u00bb&#xf5bb;||fa||900&#8243; icon_color=\u00bb#f2b9c4&#8243; image_icon_width=\u00bb56px\u00bb _builder_version=\u00bb4.21.0&#8243; _module_preset=\u00bbdefault\u00bb header_font=\u00bbMerriweather||||||||\u00bb body_font=\u00bbRoboto|300|||||||\u00bb body_font_size=\u00bb16px\u00bb text_orientation=\u00bbcenter\u00bb custom_padding=\u00bb40px|20px|40px|20px|false|false\u00bb border_radii=\u00bbon|15px|15px|15px|15px\u00bb border_width_all=\u00bb1px\u00bb border_color_all=\u00bb#f2b9c4&#8243; global_colors_info=\u00bb{}\u00bb background_color__hover=\u00bb#D6D6D6&#8243; background__hover_enabled=\u00bbon|hover\u00bb background_enable_color__hover=\u00bbon\u00bb]<\/p>\n<p style=\"text-align: center;\">Sonoterapia con cuenco tibetano y frecuencias suaves que acompa\u00f1an y expanden la experiencia.<\/p>\n<p>[\/et_pb_blurb][\/et_pb_column][\/et_pb_row][\/et_pb_section][et_pb_section fb_built=\u00bb1&#8243; _builder_version=\u00bb4.21.0&#8243; _module_preset=\u00bbdefault\u00bb background_color=\u00bb#f2b9c4&#8243; global_module=\u00bb27563432&#8243; saved_tabs=\u00bball\u00bb global_colors_info=\u00bb{}\u00bb][et_pb_row column_structure=\u00bb1_4,1_4,1_4,1_4&#8243; _builder_version=\u00bb4.21.0&#8243; _module_preset=\u00bbdefault\u00bb global_colors_info=\u00bb{}\u00bb][et_pb_column type=\u00bb1_4&#8243; _builder_version=\u00bb4.21.0&#8243; _module_preset=\u00bbdefault\u00bb global_colors_info=\u00bb{}\u00bb][et_pb_image src=\u00bbhttps:\/\/ritualsbyglow.com\/wp-content\/uploads\/2025\/08\/Logo-Glow-Zen.png\u00bb title_text=\u00bbLogo-Glow-Zen\u00bb force_fullwidth=\u00bbon\u00bb _builder_version=\u00bb4.21.0&#8243; _module_preset=\u00bbdefault\u00bb global_colors_info=\u00bb{}\u00bb][\/et_pb_image][\/et_pb_column][et_pb_column type=\u00bb1_4&#8243; _builder_version=\u00bb4.21.0&#8243; _module_preset=\u00bbdefault\u00bb global_colors_info=\u00bb{}\u00bb][et_pb_text _builder_version=\u00bb4.21.0&#8243; _module_preset=\u00bbdefault\u00bb text_font=\u00bbRoboto|300|||||||\u00bb text_text_color=\u00bb#FFFFFF\u00bb global_colors_info=\u00bb{}\u00bb]<\/p>\n<p style=\"text-align: center;\"><span style=\"text-decoration: underline;\"><strong>Head Spa<\/strong><\/span><br \/><span style=\"color: #ffffff;\"><a href=\"https:\/\/ritualsbyglow.com\/glow-reset\/\" style=\"color: #ffffff;\">Reset<\/a><\/span><br \/><span style=\"color: #ffffff;\"><a href=\"https:\/\/ritualsbyglow.com\/glow-harmony\/\" style=\"color: #ffffff;\">Harmony<\/a><\/span><br \/><span style=\"color: #ffffff;\"><a href=\"https:\/\/ritualsbyglow.com\/glow-supreme\/\" style=\"color: #ffffff;\">Supreme<\/a><\/span><\/p>\n<p>[\/et_pb_text][et_pb_text _builder_version=\u00bb4.21.0&#8243; _module_preset=\u00bbdefault\u00bb text_font=\u00bbRoboto|300|||||||\u00bb text_text_color=\u00bb#FFFFFF\u00bb global_colors_info=\u00bb{}\u00bb]<\/p>\n<p style=\"text-align: center;\"><span style=\"text-decoration: underline;\"><strong>Limpiezas faciales<\/strong><\/span><br \/><span style=\"color: #ffffff;\"><a href=\"https:\/\/ritualsbyglow.com\/limpieza-facial-bloom\/\" style=\"color: #ffffff;\">Bloom<\/a><\/span><br \/><span style=\"color: #ffffff;\"><a href=\"https:\/\/ritualsbyglow.com\/limpieza-facial-nova\/\" style=\"color: #ffffff;\">Nova<\/a><\/span><br \/><span style=\"color: #ffffff;\"><a href=\"https:\/\/ritualsbyglow.com\/limpieza-facial-eternal\/\" style=\"color: #ffffff;\">Eternal<\/a><\/span><\/p>\n<p>[\/et_pb_text][\/et_pb_column][et_pb_column type=\u00bb1_4&#8243; _builder_version=\u00bb4.21.0&#8243; _module_preset=\u00bbdefault\u00bb global_colors_info=\u00bb{}\u00bb][et_pb_text _builder_version=\u00bb4.21.0&#8243; _module_preset=\u00bbdefault\u00bb text_font=\u00bbRoboto|300|||||||\u00bb text_text_color=\u00bb#FFFFFF\u00bb global_colors_info=\u00bb{}\u00bb]<\/p>\n<p style=\"text-align: center;\"><span style=\"text-decoration: underline;\"><strong>Masajes<\/strong><\/span><br \/><span style=\"color: #ffffff;\"><a href=\"https:\/\/ritualsbyglow.com\/detox-2\/\" style=\"color: #ffffff;\">Detox<\/a><\/span><br \/><span style=\"color: #ffffff;\"><a href=\"https:\/\/ritualsbyglow.com\/nurture\/\" style=\"color: #ffffff;\">Nurture<\/a><\/span><br \/><span style=\"color: #ffffff;\"><a href=\"https:\/\/ritualsbyglow.com\/reflexologia-podal\/\" style=\"color: #ffffff;\">Reflexologia podal<\/a><\/span><br \/><span style=\"color: #ffffff;\"><a href=\"https:\/\/ritualsbyglow.com\/piedras-calientes\/\" style=\"color: #ffffff;\">Piedras calientes<\/a><\/span><br \/><span style=\"color: #ffffff;\"><a href=\"https:\/\/ritualsbyglow.com\/masajerelajante\/\" style=\"color: #ffffff;\">Masaje relajante<\/a><a href=\"https:\/\/ritualsbyglow.com\/masajerelajante\/\" style=\"color: #ffffff;\"><br \/><\/a><a href=\"https:\/\/ritualsbyglow.com\/masaje-balines\/\" style=\"color: #ffffff;\">Balines<\/a><\/span><a href=\"https:\/\/ritualsbyglow.com\/masajerelajante\/\"><\/a><\/p>\n<p>[\/et_pb_text][\/et_pb_column][et_pb_column type=\u00bb1_4&#8243; _builder_version=\u00bb4.21.0&#8243; _module_preset=\u00bbdefault\u00bb global_colors_info=\u00bb{}\u00bb][et_pb_text _builder_version=\u00bb4.21.0&#8243; _module_preset=\u00bbdefault\u00bb text_font=\u00bbMerriweather||||||||\u00bb text_text_color=\u00bb#FFFFFF\u00bb text_font_size=\u00bb17px\u00bb text_orientation=\u00bbcenter\u00bb custom_padding=\u00bb20px|20px|20px|20px|false|false\u00bb link_option_url=\u00bbhttps:\/\/ritualsbyglow.com\/reservas\/\u00bb border_width_all=\u00bb1px\u00bb border_color_all=\u00bb#FFFFFF\u00bb global_colors_info=\u00bb{}\u00bb]<\/p>\n<p>Reservas<\/p>\n<p>[\/et_pb_text][et_pb_social_media_follow _builder_version=\u00bb4.21.0&#8243; _module_preset=\u00bbdefault\u00bb text_orientation=\u00bbcenter\u00bb global_colors_info=\u00bb{}\u00bb][et_pb_social_media_follow_network social_network=\u00bbfacebook\u00bb url=\u00bbhttps:\/\/www.facebook.com\/glowoficial.es\u00bb icon_color=\u00bb#f2b9c4&#8243; _builder_version=\u00bb4.21.0&#8243; _module_preset=\u00bbdefault\u00bb background_color=\u00bb#FFFFFF\u00bb background_enable_color=\u00bbon\u00bb global_colors_info=\u00bb{}\u00bb follow_button=\u00bboff\u00bb url_new_window=\u00bbon\u00bb]facebook[\/et_pb_social_media_follow_network][et_pb_social_media_follow_network social_network=\u00bbinstagram\u00bb url=\u00bbhttps:\/\/www.instagram.com\/glowoficial.es\/\u00bb icon_color=\u00bb#f2b9c4&#8243; _builder_version=\u00bb4.21.0&#8243; _module_preset=\u00bbdefault\u00bb background_color=\u00bb#FFFFFF\u00bb background_enable_color=\u00bbon\u00bb global_colors_info=\u00bb{}\u00bb follow_button=\u00bboff\u00bb url_new_window=\u00bbon\u00bb]instagram[\/et_pb_social_media_follow_network][et_pb_social_media_follow_network social_network=\u00bbtiktok\u00bb url=\u00bbhttps:\/\/www.tiktok.com\/@glowexperience.es\u00bb icon_color=\u00bb#f2b9c4&#8243; _builder_version=\u00bb4.21.0&#8243; _module_preset=\u00bbdefault\u00bb background_color=\u00bb#FFFFFF\u00bb background_enable_color=\u00bbon\u00bb global_colors_info=\u00bb{}\u00bb follow_button=\u00bboff\u00bb url_new_window=\u00bbon\u00bb]tiktok[\/et_pb_social_media_follow_network][et_pb_social_media_follow_network social_network=\u00bblinkedin\u00bb url=\u00bbhttps:\/\/www.linkedin.com\/company\/world-beauty-corporation-holding-sl\/\u00bb icon_color=\u00bb#f2b9c4&#8243; _builder_version=\u00bb4.21.0&#8243; _module_preset=\u00bbdefault\u00bb background_color=\u00bb#FFFFFF\u00bb background_enable_color=\u00bbon\u00bb global_colors_info=\u00bb{}\u00bb follow_button=\u00bboff\u00bb url_new_window=\u00bbon\u00bb]linkedin[\/et_pb_social_media_follow_network][\/et_pb_social_media_follow][\/et_pb_column][\/et_pb_row][\/et_pb_section]<\/p>\n","protected":false},"excerpt":{"rendered":"<p>Reset by RitualsHead Spa de Renovaci\u00f3n Personal.Un ritual creado para quienes necesitan detenerse, soltar el peso del d\u00eda a d\u00eda y volver a s\u00ed mismos. Glow Reset es una experiencia sensorial profunda, pensada para liberar tensiones, desconectar de las exigencias externas y reconectar con el cuerpo, la respiraci\u00f3n y el presente. Un tratamiento transformador, que [&hellip;]<\/p>\n","protected":false},"author":1,"featured_media":0,"parent":0,"menu_order":0,"comment_status":"closed","ping_status":"closed","template":"","meta":{"_et_pb_use_builder":"on","_et_pb_old_content":"<!-- wp:divi\/placeholder \/-->","_et_gb_content_width":"","footnotes":""},"class_list":["post-19","page","type-page","status-publish","hentry"],"yoast_head":"<!-- This site is optimized with the Yoast SEO plugin v27.4 - https:\/\/yoast.com\/product\/yoast-seo-wordpress\/ -->\n<title>Glow reset - Rituals by Glow<\/title>\n<meta name=\"robots\" content=\"index, follow, max-snippet:-1, max-image-preview:large, max-video-preview:-1\" \/>\n<link rel=\"canonical\" href=\"https:\/\/ritualsbyglow.com\/en\/glow-reset\/\" \/>\n<meta property=\"og:locale\" content=\"en_GB\" \/>\n<meta property=\"og:type\" content=\"article\" \/>\n<meta property=\"og:title\" content=\"Glow reset - Rituals by Glow\" \/>\n<meta property=\"og:description\" content=\"Reset by RitualsHead Spa de Renovaci\u00f3n Personal.Un ritual creado para quienes necesitan detenerse, soltar el peso del d\u00eda a d\u00eda y volver a s\u00ed mismos. Glow Reset es una experiencia sensorial profunda, pensada para liberar tensiones, desconectar de las exigencias externas y reconectar con el cuerpo, la respiraci\u00f3n y el presente. Un tratamiento transformador, que [&hellip;]\" \/>\n<meta property=\"og:url\" content=\"https:\/\/ritualsbyglow.com\/en\/glow-reset\/\" \/>\n<meta property=\"og:site_name\" content=\"Rituals by Glow\" \/>\n<meta property=\"article:modified_time\" content=\"2025-08-28T00:10:45+00:00\" \/>\n<meta name=\"twitter:card\" content=\"summary_large_image\" \/>\n<meta name=\"twitter:label1\" content=\"Estimated reading time\" \/>\n\t<meta name=\"twitter:data1\" content=\"9 minutes\" \/>\n<script type=\"application\/ld+json\" class=\"yoast-schema-graph\">{\"@context\":\"https:\\\/\\\/schema.org\",\"@graph\":[{\"@type\":\"WebPage\",\"@id\":\"https:\\\/\\\/ritualsbyglow.com\\\/glow-reset\\\/\",\"url\":\"https:\\\/\\\/ritualsbyglow.com\\\/glow-reset\\\/\",\"name\":\"Glow reset - Rituals by Glow\",\"isPartOf\":{\"@id\":\"https:\\\/\\\/ritualsbyglow.com\\\/#website\"},\"datePublished\":\"2025-08-01T16:08:31+00:00\",\"dateModified\":\"2025-08-28T00:10:45+00:00\",\"breadcrumb\":{\"@id\":\"https:\\\/\\\/ritualsbyglow.com\\\/glow-reset\\\/#breadcrumb\"},\"inLanguage\":\"en-GB\",\"potentialAction\":[{\"@type\":\"ReadAction\",\"target\":[\"https:\\\/\\\/ritualsbyglow.com\\\/glow-reset\\\/\"]}]},{\"@type\":\"BreadcrumbList\",\"@id\":\"https:\\\/\\\/ritualsbyglow.com\\\/glow-reset\\\/#breadcrumb\",\"itemListElement\":[{\"@type\":\"ListItem\",\"position\":1,\"name\":\"Portada\",\"item\":\"https:\\\/\\\/ritualsbyglow.com\\\/\"},{\"@type\":\"ListItem\",\"position\":2,\"name\":\"Glow reset\"}]},{\"@type\":\"WebSite\",\"@id\":\"https:\\\/\\\/ritualsbyglow.com\\\/#website\",\"url\":\"https:\\\/\\\/ritualsbyglow.com\\\/\",\"name\":\"Rituals by Glow\",\"description\":\"Japanese Head Spa y masajes relajantes en M\u00e1laga\",\"potentialAction\":[{\"@type\":\"SearchAction\",\"target\":{\"@type\":\"EntryPoint\",\"urlTemplate\":\"https:\\\/\\\/ritualsbyglow.com\\\/?s={search_term_string}\"},\"query-input\":{\"@type\":\"PropertyValueSpecification\",\"valueRequired\":true,\"valueName\":\"search_term_string\"}}],\"inLanguage\":\"en-GB\"}]}<\/script>\n<!-- \/ Yoast SEO plugin. -->","yoast_head_json":{"title":"Glow reset - Rituals by Glow","robots":{"index":"index","follow":"follow","max-snippet":"max-snippet:-1","max-image-preview":"max-image-preview:large","max-video-preview":"max-video-preview:-1"},"canonical":"https:\/\/ritualsbyglow.com\/en\/glow-reset\/","og_locale":"en_GB","og_type":"article","og_title":"Glow reset - Rituals by Glow","og_description":"Reset by RitualsHead Spa de Renovaci\u00f3n Personal.Un ritual creado para quienes necesitan detenerse, soltar el peso del d\u00eda a d\u00eda y volver a s\u00ed mismos. Glow Reset es una experiencia sensorial profunda, pensada para liberar tensiones, desconectar de las exigencias externas y reconectar con el cuerpo, la respiraci\u00f3n y el presente. Un tratamiento transformador, que [&hellip;]","og_url":"https:\/\/ritualsbyglow.com\/en\/glow-reset\/","og_site_name":"Rituals by Glow","article_modified_time":"2025-08-28T00:10:45+00:00","twitter_card":"summary_large_image","twitter_misc":{"Estimated reading time":"9 minutes"},"schema":{"@context":"https:\/\/schema.org","@graph":[{"@type":"WebPage","@id":"https:\/\/ritualsbyglow.com\/glow-reset\/","url":"https:\/\/ritualsbyglow.com\/glow-reset\/","name":"Glow reset - Rituals by Glow","isPartOf":{"@id":"https:\/\/ritualsbyglow.com\/#website"},"datePublished":"2025-08-01T16:08:31+00:00","dateModified":"2025-08-28T00:10:45+00:00","breadcrumb":{"@id":"https:\/\/ritualsbyglow.com\/glow-reset\/#breadcrumb"},"inLanguage":"en-GB","potentialAction":[{"@type":"ReadAction","target":["https:\/\/ritualsbyglow.com\/glow-reset\/"]}]},{"@type":"BreadcrumbList","@id":"https:\/\/ritualsbyglow.com\/glow-reset\/#breadcrumb","itemListElement":[{"@type":"ListItem","position":1,"name":"Portada","item":"https:\/\/ritualsbyglow.com\/"},{"@type":"ListItem","position":2,"name":"Glow reset"}]},{"@type":"WebSite","@id":"https:\/\/ritualsbyglow.com\/#website","url":"https:\/\/ritualsbyglow.com\/","name":"Rituals by Glow","description":"Japanese Head Spa y masajes relajantes en M\u00e1laga","potentialAction":[{"@type":"SearchAction","target":{"@type":"EntryPoint","urlTemplate":"https:\/\/ritualsbyglow.com\/?s={search_term_string}"},"query-input":{"@type":"PropertyValueSpecification","valueRequired":true,"valueName":"search_term_string"}}],"inLanguage":"en-GB"}]}},"_hostinger_reach_plugin_has_subscription_block":false,"_hostinger_reach_plugin_is_elementor":false,"_links":{"self":[{"href":"https:\/\/ritualsbyglow.com\/en\/wp-json\/wp\/v2\/pages\/19","targetHints":{"allow":["GET"]}}],"collection":[{"href":"https:\/\/ritualsbyglow.com\/en\/wp-json\/wp\/v2\/pages"}],"about":[{"href":"https:\/\/ritualsbyglow.com\/en\/wp-json\/wp\/v2\/types\/page"}],"author":[{"embeddable":true,"href":"https:\/\/ritualsbyglow.com\/en\/wp-json\/wp\/v2\/users\/1"}],"replies":[{"embeddable":true,"href":"https:\/\/ritualsbyglow.com\/en\/wp-json\/wp\/v2\/comments?post=19"}],"version-history":[{"count":31,"href":"https:\/\/ritualsbyglow.com\/en\/wp-json\/wp\/v2\/pages\/19\/revisions"}],"predecessor-version":[{"id":27563699,"href":"https:\/\/ritualsbyglow.com\/en\/wp-json\/wp\/v2\/pages\/19\/revisions\/27563699"}],"wp:attachment":[{"href":"https:\/\/ritualsbyglow.com\/en\/wp-json\/wp\/v2\/media?parent=19"}],"curies":[{"name":"wp","href":"https:\/\/api.w.org\/{rel}","templated":true}]}}