{"id":27564224,"date":"2025-09-24T15:52:43","date_gmt":"2025-09-24T15:52:43","guid":{"rendered":"https:\/\/ritualsbyglow.com\/?page_id=27564224"},"modified":"2026-03-06T20:19:22","modified_gmt":"2026-03-06T19:19:22","slug":"politicas-de-privacidad","status":"publish","type":"page","link":"https:\/\/ritualsbyglow.com\/en\/politicas-de-privacidad\/","title":{"rendered":"Privacy policies"},"content":{"rendered":"<p>[et_pb_section fb_built=\u00bb1&#8243; _builder_version=\u00bb4.21.0&#8243; _module_preset=\u00bbdefault\u00bb global_colors_info=\u00bb{}\u00bb][et_pb_row _builder_version=\u00bb4.21.0&#8243; _module_preset=\u00bbdefault\u00bb global_colors_info=\u00bb{}\u00bb][et_pb_column type=\u00bb4_4&#8243; _builder_version=\u00bb4.21.0&#8243; _module_preset=\u00bbdefault\u00bb global_colors_info=\u00bb{}\u00bb][et_pb_text _builder_version=\u00bb4.21.0&#8243; _module_preset=\u00bbdefault\u00bb text_font=\u00bbPlayfair Display||||||||\u00bb text_text_color=\u00bb#000000&#8243; text_font_size=\u00bb34px\u00bb text_orientation=\u00bbcenter\u00bb global_colors_info=\u00bb{}\u00bb]<\/p>\n<p>Condiciones de Privacidad<\/p>\n<p>[\/et_pb_text][\/et_pb_column][\/et_pb_row][et_pb_row _builder_version=\u00bb4.21.0&#8243; _module_preset=\u00bbdefault\u00bb global_colors_info=\u00bb{}\u00bb][et_pb_column type=\u00bb4_4&#8243; _builder_version=\u00bb4.21.0&#8243; _module_preset=\u00bbdefault\u00bb global_colors_info=\u00bb{}\u00bb][et_pb_text _builder_version=\u00bb4.21.0&#8243; _module_preset=\u00bbdefault\u00bb text_font=\u00bbNunito||||||||\u00bb global_colors_info=\u00bb{}\u00bb]<\/p>\n<div class=\"et_pb_module et_pb_text et_pb_text_0  et_pb_text_align_left et_pb_bg_layout_light\">\n<div class=\"et_pb_text_inner\">\n<h1><strong style=\"font-size: 16px;\">POL\u00cdTICA DE PROTECCI\u00d3N DE DATOS Y PRIVACIDAD<\/strong><\/h1>\n<\/div>\n<\/div>\n<div class=\"et_pb_module et_pb_text et_pb_text_1  et_pb_text_align_left et_pb_bg_layout_light\">\n<div class=\"et_pb_text_inner\">\n<p><strong>\u00a0<\/strong>Tu privacidad es importante para nosotros. En esta declaraci\u00f3n de privacidad se explica qu\u00e9 datos personales recopilamos de nuestros usuarios y c\u00f3mo los utilizamos. Te animamos a leer detenidamente estos t\u00e9rminos antes de facilitar tus datos personales. En el caso de los menores de 14 a\u00f1os se requiere el consentimiento de los padres o tutores para el tratamiento de sus datos personales.<\/p>\n<p>En ning\u00fan caso se recabar\u00e1n del menor de edad datos relativos a la situaci\u00f3n profesional, econ\u00f3mica o a la intimidad de los otros miembros de la familia, sin el consentimiento de \u00e9stos.<\/p>\n<p>Nunca solicitamos informaci\u00f3n personal a menos que realmente sea necesaria para prestar los servicios que nos requieras.<\/p>\n<p>Nunca compartimos informaci\u00f3n personal de nuestros usuarios con nadie, excepto para cumplir con la ley o en caso que contemos con tu autorizaci\u00f3n expresa.<\/p>\n<p>Nunca utilizaremos tus datos personales con una finalidad diferente a la expresada en esta pol\u00edtica de privacidad.<\/p>\n<p><span><strong>WORLD BEAUTY BF SL<\/strong> \u00a0<\/span>ha adecuado esta politica a las exigencias del Reglamento (UE) 2016\/679 del Parlamento Europeo y del Consejo de 27 de abril de 2016 relativo a la protecci\u00f3n de las personas f\u00edsicas (RGPD), la Ley Org\u00e1nica 3\/2018, de 5 de diciembre, de Protecci\u00f3n de Datos Personales y garant\u00eda de los derechos digitales (LOPDGDD), as\u00ed como con la Ley 34\/2002, de 11 de julio, de Servicios de la Sociedad de la Informaci\u00f3n y Comercio Electr\u00f3nico (LSSICE o LSSI).<\/p>\n<p><strong>Responsable del tratamiento de tus datos personales<\/strong><\/p>\n<p>Identidad del Responsable: WORLD BEAUTY BF SL<\/p>\n<p>Nombre comercial: GLOW<\/p>\n<p>CIF: B75949008<\/p>\n<p>Direcci\u00f3n: C. Capulino Jauregui, 5. 29002 Malaga (Malaga, Espa\u00f1a)<\/p>\n<p>Correo electr\u00f3nico:<span>\u00a0<\/span><a href=\"mailto:administracion@glowexperience.eu\">administracion@glowexperience.eu<\/a><\/p>\n<p>Actividad: Actividades de cuidad de belleza<\/p>\n<p>Para el tratamiento de datos de nuestros usuarios, implementamos todas las medidas t\u00e9cnicas y organizativas de seguridad establecidas en la legislaci\u00f3n vigente.<\/p>\n<p><strong>\u00bfC\u00f3mo hemos obtenido tus datos?<\/strong><\/p>\n<p>Los datos personales que tratamos en WORLD BEAUTY BF SL\u00a0proceden de:<\/p>\n<ul>\n<li>Formulario de contacto y de presupuesto<\/li>\n<\/ul>\n<p><strong>\u00bfCu\u00e1les son tus derechos cuando nos facilitas tus datos?<\/strong><\/p>\n<p>Cualquier persona tiene derecho a obtener confirmaci\u00f3n sobre si en WORLD BEAUTY BF SL\u00a0estamos tratando datos personales que me concierne, o no.<\/p>\n<p>Las personas interesadas tienen derecho a:<\/p>\n<ul>\n<li>Solicitar el acceso a los datos personales relativos al interesado<\/li>\n<li>Solicitar su rectificaci\u00f3n o supresi\u00f3n<\/li>\n<li>Solicitar la limitaci\u00f3n de su tratamiento<\/li>\n<li>Oponerse al tratamiento<\/li>\n<li>Solicitar la portabilidad de los datos<\/li>\n<\/ul>\n<p><strong>\u00bfCon qu\u00e9 finalidad tratamos tus datos personales?<\/strong><\/p>\n<p>Cuando un usuario se conecta con esta web para reservar una cita o solicitar informacion de nuestros servicios, est\u00e1 facilitando informaci\u00f3n de car\u00e1cter personal de la que es responsable WORLD BEAUTY BF SL. Esa informaci\u00f3n puede incluir datos de car\u00e1cter personal como pueden ser tu nombre, direcci\u00f3n f\u00edsica, direcci\u00f3n de correo electr\u00f3nico, n\u00famero de tel\u00e9fono, y otra informaci\u00f3n. Al facilitar esta informaci\u00f3n, el usuario da su consentimiento para que su informaci\u00f3n sea recopilada, utilizada, gestionada y almacenada por WORLD BEAUTY BF SL, s\u00f3lo como se describe en el Aviso Legal y en la presente Pol\u00edtica de Privacidad.<\/p>\n<p>En WORLD BEAUTY BF SL\u00a0existe el sistema de captura de informaci\u00f3n personal:<span>\u00a0<\/span><strong>Formulario de reserva de citas:<\/strong>\u00a0En este caso, solicitamos los siguientes datos personales: Nombre, Email, Tel\u00e9fono, para reservar una cita.<\/p>\n<p>WORLD BEAUTY BF SL, no vende, alquila ni cede datos de car\u00e1cter personal que puedan identificar al usuario, ni lo har\u00e1 en el futuro, a terceros sin el consentimiento previo. Sin embargo, en algunos casos se pueden realizar colaboraciones con otros profesionales, en esos casos, se requerir\u00e1 consentimiento a los usuarios informando sobre la identidad del colaborador y la finalidad de la colaboraci\u00f3n. Siempre se realizar\u00e1 con los m\u00e1s estrictos est\u00e1ndares de seguridad. Podemos seleccionar y publicar testimonios de clientes en nuestros Servicios, que pueden contener informaci\u00f3n de identificaci\u00f3n personal, como su nombre y \/ o la ciudad, estado o pa\u00eds en el que vive. Obtendremos su consentimiento antes de publicar cualquier testimonio con su nombre. Si se publica dicho contenido, estar\u00e1 disponible para otros usuarios de los Servicios.<\/p>\n<p>Podemos publicar rese\u00f1as de los clientes en nuestras web o Servicios, que pueden contener informaci\u00f3n de identificaci\u00f3n personal, como tu nombre y \/ o la ciudad, estado o pa\u00eds en el que vive. Al enviar su opini\u00f3n nos est\u00e1s dando permiso para publicar tu opini\u00f3n en nuestros Sitios o Servicios. Si publicas dicho contenido, estar\u00e1 disponible para otros usuarios de los Sitios o Servicios. Su publicaci\u00f3n tambi\u00e9n puede hacerse p\u00fablica y no podemos evitar que dicha informaci\u00f3n se use de una manera que pueda violar esta Pol\u00edtica o la ley.<\/p>\n<p><strong>Legitimaci\u00f3n para el tratamiento de tus datos<\/strong><\/p>\n<p>La base legal para el tratamiento de sus datos es: el consentimiento.<\/p>\n<p>Para contactar o realizar comentarios se requiere el consentimiento con esta pol\u00edtica de privacidad.<\/p>\n<p>La oferta prospectiva o comercial de productos y servicios est\u00e1 basada en el consentimiento que se le solicita, sin que en ning\u00fan caso la retirada de este consentimiento condicione la ejecuci\u00f3n del contrato de suscripci\u00f3n.<\/p>\n<p><strong>Categor\u00eda de datos<\/strong><\/p>\n<p>Las categor\u00edas de datos que se tratan son datos identificativos. No se tratan categor\u00edas de datos especialmente protegidos.<\/p>\n<p><strong>\u00bfPor cu\u00e1nto tiempo conservaremos tus datos?<\/strong><\/p>\n<p>Los datos personales proporcionados se conservar\u00e1n, hasta que se solicite su supresi\u00f3n por el interesado.<\/p>\n<p><strong>Aceptaci\u00f3n y consentimiento<\/strong><\/p>\n<p>El usuario declara haber sido informado de las condiciones sobre protecci\u00f3n de datos de car\u00e1cter personal, aceptando y consintiendo el tratamiento de los mismos por parte de WORLD BEAUTY BF SL en la forma y para las finalidades indicadas en esta pol\u00edtica de privacidad.<\/p>\n<p><strong>Revocabilidad<\/strong><\/p>\n<p>El consentimiento prestado, tanto para el tratamiento como para la cesi\u00f3n de los datos de los interesados, es revocable en cualquier momento comunic\u00e1ndolo a WORLD BEAUTY BF SL en los t\u00e9rminos establecidos en esta Pol\u00edtica para el ejercicio de los derechos. Esta revocaci\u00f3n en ning\u00fan caso tendr\u00e1 car\u00e1cter retroactivo.<\/p>\n<p><strong>Cambios en la pol\u00edtica de privacidad<\/strong><\/p>\n<p>WORLD BEAUTY BF SL se reserva el derecho a modificar la presente pol\u00edtica para adaptarla a novedades legislativas o jurisprudenciales, as\u00ed como a pr\u00e1cticas de la industria.<\/p>\n<\/div>\n<\/div>\n<p>[\/et_pb_text][\/et_pb_column][\/et_pb_row][\/et_pb_section][et_pb_section fb_built=\u00bb1&#8243; _builder_version=\u00bb4.21.0&#8243; _module_preset=\u00bbdefault\u00bb background_color=\u00bb#f2b9c4&#8243; global_module=\u00bb27563432&#8243; saved_tabs=\u00bball\u00bb global_colors_info=\u00bb{}\u00bb][et_pb_row column_structure=\u00bb1_4,1_4,1_4,1_4&#8243; _builder_version=\u00bb4.21.0&#8243; _module_preset=\u00bbdefault\u00bb custom_padding=\u00bb||11px|||\u00bb global_colors_info=\u00bb{}\u00bb][et_pb_column type=\u00bb1_4&#8243; _builder_version=\u00bb4.21.0&#8243; _module_preset=\u00bbdefault\u00bb global_colors_info=\u00bb{}\u00bb][et_pb_image src=\u00bbhttps:\/\/ritualsbyglow.com\/wp-content\/uploads\/2025\/08\/Logo-Glow-Zen.png\u00bb title_text=\u00bbLogo-Glow-Zen\u00bb force_fullwidth=\u00bbon\u00bb _builder_version=\u00bb4.21.0&#8243; _module_preset=\u00bbdefault\u00bb global_colors_info=\u00bb{}\u00bb][\/et_pb_image][\/et_pb_column][et_pb_column type=\u00bb1_4&#8243; _builder_version=\u00bb4.21.0&#8243; _module_preset=\u00bbdefault\u00bb global_colors_info=\u00bb{}\u00bb][et_pb_text _builder_version=\u00bb4.21.0&#8243; _module_preset=\u00bbdefault\u00bb text_font=\u00bbRoboto|300|||||||\u00bb text_text_color=\u00bb#FFFFFF\u00bb global_colors_info=\u00bb{}\u00bb]<\/p>\n<p style=\"text-align: left;\"><span style=\"color: #ffffff;\"><a href=\"https:\/\/ritualsbyglow.com\/servicios-head-spa\/\" style=\"color: #ffffff;\"><b><u>Head Spa<\/u><\/b><\/a><\/span><\/p>\n<p style=\"text-align: left;\"><span style=\"color: #ffffff;\"><a href=\"https:\/\/ritualsbyglow.com\/servicios-de-masajes\/\" style=\"color: #ffffff;\"><b><u>Corporales<\/u><\/b><\/a><\/span><\/p>\n<p style=\"text-align: left;\"><span style=\"color: #ffffff;\"><a href=\"https:\/\/ritualsbyglow.com\/servicios-faciales\/\" style=\"color: #ffffff;\"><b><u>Faciales<\/u><\/b><\/a><\/span><\/p>\n<p style=\"text-align: left;\"><span style=\"color: #ffffff;\"><a href=\"https:\/\/ritualsbyglow.com\/bonos-regalo\/\" style=\"color: #ffffff;\"><b><u>Tarjetas Regalo<\/u><\/b><\/a><\/span><\/p>\n<p>[\/et_pb_text][\/et_pb_column][et_pb_column type=\u00bb1_4&#8243; _builder_version=\u00bb4.21.0&#8243; _module_preset=\u00bbdefault\u00bb global_colors_info=\u00bb{}\u00bb][et_pb_text _builder_version=\u00bb4.21.0&#8243; _module_preset=\u00bbdefault\u00bb text_font=\u00bbRoboto|300|||||||\u00bb text_text_color=\u00bb#FFFFFF\u00bb global_colors_info=\u00bb{}\u00bb]<\/p>\n<p style=\"text-align: left;\"><span style=\"text-decoration: underline;\"><strong>Pol\u00edticas de datos<\/strong><\/span><br \/><a href=\"https:\/\/ritualsbyglow.com\/politicas-de-privacidad\"><span style=\"color: #ffffff;\">Pol\u00edticas de privacidad<\/span><\/a><br \/><span style=\"color: #ffffff;\"><a href=\"https:\/\/ritualsbyglow.com\/politicas-de-reservas\/\" style=\"color: #ffffff;\">Pol\u00edticas de reservas<\/a><\/span><br \/><a href=\"https:\/\/ritualsbyglow.com\/politicas-de-cookies\/\"><span style=\"color: #ffffff;\">Pol\u00edticas de cookies<\/span><\/a><br \/><span style=\"color: #ffffff;\"><a href=\"https:\/\/ritualsbyglow.com\/aviso-legal\/\" style=\"color: #ffffff;\">Aviso Legal<\/a><\/span><\/p>\n<p>[\/et_pb_text][\/et_pb_column][et_pb_column type=\u00bb1_4&#8243; _builder_version=\u00bb4.21.0&#8243; _module_preset=\u00bbdefault\u00bb global_colors_info=\u00bb{}\u00bb][et_pb_text _builder_version=\u00bb4.21.0&#8243; _module_preset=\u00bbdefault\u00bb text_font=\u00bbInter||||||||\u00bb text_text_color=\u00bb#FFFFFF\u00bb text_font_size=\u00bb17px\u00bb text_orientation=\u00bbcenter\u00bb custom_padding=\u00bb20px|20px|20px|20px|false|false\u00bb link_option_url=\u00bbhttps:\/\/ritualsbyglow.com\/localizacion\/\u00bb border_width_all=\u00bb1px\u00bb border_color_all=\u00bb#FFFFFF\u00bb global_colors_info=\u00bb{}\u00bb]<\/p>\n<p>Reservas<\/p>\n<p>[\/et_pb_text][et_pb_social_media_follow _builder_version=\u00bb4.21.0&#8243; _module_preset=\u00bbdefault\u00bb text_orientation=\u00bbcenter\u00bb global_colors_info=\u00bb{}\u00bb][et_pb_social_media_follow_network social_network=\u00bbfacebook\u00bb url=\u00bbhttps:\/\/www.facebook.com\/glowoficial.es\u00bb icon_color=\u00bb#f2b9c4&#8243; _builder_version=\u00bb4.21.0&#8243; _module_preset=\u00bbdefault\u00bb background_color=\u00bb#FFFFFF\u00bb background_enable_color=\u00bbon\u00bb global_colors_info=\u00bb{}\u00bb follow_button=\u00bboff\u00bb url_new_window=\u00bbon\u00bb]facebook[\/et_pb_social_media_follow_network][et_pb_social_media_follow_network social_network=\u00bbinstagram\u00bb url=\u00bbhttps:\/\/www.instagram.com\/glowoficial.es\/\u00bb icon_color=\u00bb#f2b9c4&#8243; _builder_version=\u00bb4.21.0&#8243; _module_preset=\u00bbdefault\u00bb background_color=\u00bb#FFFFFF\u00bb background_enable_color=\u00bbon\u00bb global_colors_info=\u00bb{}\u00bb follow_button=\u00bboff\u00bb url_new_window=\u00bbon\u00bb]instagram[\/et_pb_social_media_follow_network][et_pb_social_media_follow_network social_network=\u00bbtiktok\u00bb url=\u00bbhttps:\/\/www.tiktok.com\/@glowexperience.es\u00bb icon_color=\u00bb#f2b9c4&#8243; _builder_version=\u00bb4.21.0&#8243; _module_preset=\u00bbdefault\u00bb background_color=\u00bb#FFFFFF\u00bb background_enable_color=\u00bbon\u00bb global_colors_info=\u00bb{}\u00bb follow_button=\u00bboff\u00bb url_new_window=\u00bbon\u00bb]tiktok[\/et_pb_social_media_follow_network][et_pb_social_media_follow_network social_network=\u00bblinkedin\u00bb url=\u00bbhttps:\/\/www.linkedin.com\/company\/world-beauty-corporation-holding-sl\/\u00bb icon_color=\u00bb#f2b9c4&#8243; _builder_version=\u00bb4.21.0&#8243; _module_preset=\u00bbdefault\u00bb background_color=\u00bb#FFFFFF\u00bb background_enable_color=\u00bbon\u00bb global_colors_info=\u00bb{}\u00bb follow_button=\u00bboff\u00bb url_new_window=\u00bbon\u00bb]linkedin[\/et_pb_social_media_follow_network][\/et_pb_social_media_follow][\/et_pb_column][\/et_pb_row][\/et_pb_section]<\/p>\n","protected":false},"excerpt":{"rendered":"<p>Condiciones de Privacidad POL\u00cdTICA DE PROTECCI\u00d3N DE DATOS Y PRIVACIDAD \u00a0Tu privacidad es importante para nosotros. En esta declaraci\u00f3n de privacidad se explica qu\u00e9 datos personales recopilamos de nuestros usuarios y c\u00f3mo los utilizamos. Te animamos a leer detenidamente estos t\u00e9rminos antes de facilitar tus datos personales. En el caso de los menores de 14 [&hellip;]<\/p>\n","protected":false},"author":1,"featured_media":0,"parent":0,"menu_order":0,"comment_status":"closed","ping_status":"closed","template":"","meta":{"_et_pb_use_builder":"on","_et_pb_old_content":"","_et_gb_content_width":"","footnotes":""},"class_list":["post-27564224","page","type-page","status-publish","hentry"],"yoast_head":"<!-- This site is optimized with the Yoast SEO plugin v27.3 - https:\/\/yoast.com\/product\/yoast-seo-wordpress\/ -->\n<title>Pol\u00edticas de privacidad - Rituals by Glow<\/title>\n<meta name=\"robots\" content=\"noindex, nofollow\" \/>\n<meta property=\"og:locale\" content=\"en_GB\" \/>\n<meta property=\"og:type\" content=\"article\" \/>\n<meta property=\"og:title\" content=\"Pol\u00edticas de privacidad - Rituals by Glow\" \/>\n<meta property=\"og:description\" content=\"Condiciones de Privacidad POL\u00cdTICA DE PROTECCI\u00d3N DE DATOS Y PRIVACIDAD \u00a0Tu privacidad es importante para nosotros. En esta declaraci\u00f3n de privacidad se explica qu\u00e9 datos personales recopilamos de nuestros usuarios y c\u00f3mo los utilizamos. Te animamos a leer detenidamente estos t\u00e9rminos antes de facilitar tus datos personales. En el caso de los menores de 14 [&hellip;]\" \/>\n<meta property=\"og:url\" content=\"https:\/\/ritualsbyglow.com\/en\/politicas-de-privacidad\/\" \/>\n<meta property=\"og:site_name\" content=\"Rituals by Glow\" \/>\n<meta property=\"article:modified_time\" content=\"2026-03-06T19:19:22+00:00\" \/>\n<meta name=\"twitter:card\" content=\"summary_large_image\" \/>\n<meta name=\"twitter:label1\" content=\"Est. reading time\" \/>\n\t<meta name=\"twitter:data1\" content=\"5 minutes\" \/>\n<script type=\"application\/ld+json\" class=\"yoast-schema-graph\">{\"@context\":\"https:\\\/\\\/schema.org\",\"@graph\":[{\"@type\":\"WebPage\",\"@id\":\"https:\\\/\\\/ritualsbyglow.com\\\/politicas-de-privacidad\\\/\",\"url\":\"https:\\\/\\\/ritualsbyglow.com\\\/politicas-de-privacidad\\\/\",\"name\":\"Pol\u00edticas de privacidad - Rituals by Glow\",\"isPartOf\":{\"@id\":\"https:\\\/\\\/ritualsbyglow.com\\\/#website\"},\"datePublished\":\"2025-09-24T15:52:43+00:00\",\"dateModified\":\"2026-03-06T19:19:22+00:00\",\"breadcrumb\":{\"@id\":\"https:\\\/\\\/ritualsbyglow.com\\\/politicas-de-privacidad\\\/#breadcrumb\"},\"inLanguage\":\"en-GB\",\"potentialAction\":[{\"@type\":\"ReadAction\",\"target\":[\"https:\\\/\\\/ritualsbyglow.com\\\/politicas-de-privacidad\\\/\"]}]},{\"@type\":\"BreadcrumbList\",\"@id\":\"https:\\\/\\\/ritualsbyglow.com\\\/politicas-de-privacidad\\\/#breadcrumb\",\"itemListElement\":[{\"@type\":\"ListItem\",\"position\":1,\"name\":\"Portada\",\"item\":\"https:\\\/\\\/ritualsbyglow.com\\\/\"},{\"@type\":\"ListItem\",\"position\":2,\"name\":\"Pol\u00edticas de privacidad\"}]},{\"@type\":\"WebSite\",\"@id\":\"https:\\\/\\\/ritualsbyglow.com\\\/#website\",\"url\":\"https:\\\/\\\/ritualsbyglow.com\\\/\",\"name\":\"Rituals by Glow\",\"description\":\"Japanese Head Spa y masajes relajantes en M\u00e1laga\",\"potentialAction\":[{\"@type\":\"SearchAction\",\"target\":{\"@type\":\"EntryPoint\",\"urlTemplate\":\"https:\\\/\\\/ritualsbyglow.com\\\/?s={search_term_string}\"},\"query-input\":{\"@type\":\"PropertyValueSpecification\",\"valueRequired\":true,\"valueName\":\"search_term_string\"}}],\"inLanguage\":\"en-GB\"}]}<\/script>\n<!-- \/ Yoast SEO plugin. -->","yoast_head_json":{"title":"Pol\u00edticas de privacidad - Rituals by Glow","robots":{"index":"noindex","follow":"nofollow"},"og_locale":"en_GB","og_type":"article","og_title":"Pol\u00edticas de privacidad - Rituals by Glow","og_description":"Condiciones de Privacidad POL\u00cdTICA DE PROTECCI\u00d3N DE DATOS Y PRIVACIDAD \u00a0Tu privacidad es importante para nosotros. En esta declaraci\u00f3n de privacidad se explica qu\u00e9 datos personales recopilamos de nuestros usuarios y c\u00f3mo los utilizamos. Te animamos a leer detenidamente estos t\u00e9rminos antes de facilitar tus datos personales. En el caso de los menores de 14 [&hellip;]","og_url":"https:\/\/ritualsbyglow.com\/en\/politicas-de-privacidad\/","og_site_name":"Rituals by Glow","article_modified_time":"2026-03-06T19:19:22+00:00","twitter_card":"summary_large_image","twitter_misc":{"Est. reading time":"5 minutes"},"schema":{"@context":"https:\/\/schema.org","@graph":[{"@type":"WebPage","@id":"https:\/\/ritualsbyglow.com\/politicas-de-privacidad\/","url":"https:\/\/ritualsbyglow.com\/politicas-de-privacidad\/","name":"Pol\u00edticas de privacidad - Rituals by Glow","isPartOf":{"@id":"https:\/\/ritualsbyglow.com\/#website"},"datePublished":"2025-09-24T15:52:43+00:00","dateModified":"2026-03-06T19:19:22+00:00","breadcrumb":{"@id":"https:\/\/ritualsbyglow.com\/politicas-de-privacidad\/#breadcrumb"},"inLanguage":"en-GB","potentialAction":[{"@type":"ReadAction","target":["https:\/\/ritualsbyglow.com\/politicas-de-privacidad\/"]}]},{"@type":"BreadcrumbList","@id":"https:\/\/ritualsbyglow.com\/politicas-de-privacidad\/#breadcrumb","itemListElement":[{"@type":"ListItem","position":1,"name":"Portada","item":"https:\/\/ritualsbyglow.com\/"},{"@type":"ListItem","position":2,"name":"Pol\u00edticas de privacidad"}]},{"@type":"WebSite","@id":"https:\/\/ritualsbyglow.com\/#website","url":"https:\/\/ritualsbyglow.com\/","name":"Rituals by Glow","description":"Japanese Head Spa y masajes relajantes en M\u00e1laga","potentialAction":[{"@type":"SearchAction","target":{"@type":"EntryPoint","urlTemplate":"https:\/\/ritualsbyglow.com\/?s={search_term_string}"},"query-input":{"@type":"PropertyValueSpecification","valueRequired":true,"valueName":"search_term_string"}}],"inLanguage":"en-GB"}]}},"_hostinger_reach_plugin_has_subscription_block":false,"_hostinger_reach_plugin_is_elementor":false,"_links":{"self":[{"href":"https:\/\/ritualsbyglow.com\/en\/wp-json\/wp\/v2\/pages\/27564224","targetHints":{"allow":["GET"]}}],"collection":[{"href":"https:\/\/ritualsbyglow.com\/en\/wp-json\/wp\/v2\/pages"}],"about":[{"href":"https:\/\/ritualsbyglow.com\/en\/wp-json\/wp\/v2\/types\/page"}],"author":[{"embeddable":true,"href":"https:\/\/ritualsbyglow.com\/en\/wp-json\/wp\/v2\/users\/1"}],"replies":[{"embeddable":true,"href":"https:\/\/ritualsbyglow.com\/en\/wp-json\/wp\/v2\/comments?post=27564224"}],"version-history":[{"count":5,"href":"https:\/\/ritualsbyglow.com\/en\/wp-json\/wp\/v2\/pages\/27564224\/revisions"}],"predecessor-version":[{"id":27565565,"href":"https:\/\/ritualsbyglow.com\/en\/wp-json\/wp\/v2\/pages\/27564224\/revisions\/27565565"}],"wp:attachment":[{"href":"https:\/\/ritualsbyglow.com\/en\/wp-json\/wp\/v2\/media?parent=27564224"}],"curies":[{"name":"wp","href":"https:\/\/api.w.org\/{rel}","templated":true}]}}