{"id":27564230,"date":"2025-09-24T15:55:37","date_gmt":"2025-09-24T15:55:37","guid":{"rendered":"https:\/\/ritualsbyglow.com\/?page_id=27564230"},"modified":"2026-03-06T20:18:47","modified_gmt":"2026-03-06T19:18:47","slug":"politicas-de-cookies","status":"publish","type":"page","link":"https:\/\/ritualsbyglow.com\/en\/politicas-de-cookies\/","title":{"rendered":"Cookie policy"},"content":{"rendered":"<p>[et_pb_section fb_built=\u00bb1&#8243; _builder_version=\u00bb4.21.0&#8243; _module_preset=\u00bbdefault\u00bb global_colors_info=\u00bb{}\u00bb][et_pb_row _builder_version=\u00bb4.21.0&#8243; _module_preset=\u00bbdefault\u00bb global_colors_info=\u00bb{}\u00bb][et_pb_column type=\u00bb4_4&#8243; _builder_version=\u00bb4.21.0&#8243; _module_preset=\u00bbdefault\u00bb global_colors_info=\u00bb{}\u00bb][et_pb_text _builder_version=\u00bb4.21.0&#8243; _module_preset=\u00bbdefault\u00bb text_font=\u00bbPlayfair Display||||||||\u00bb text_text_color=\u00bb#000000&#8243; text_font_size=\u00bb34px\u00bb text_orientation=\u00bbcenter\u00bb global_colors_info=\u00bb{}\u00bb]<\/p>\n<p>Pol\u00edtica de Cookies<\/p>\n<p>[\/et_pb_text][\/et_pb_column][\/et_pb_row][et_pb_row _builder_version=\u00bb4.21.0&#8243; _module_preset=\u00bbdefault\u00bb global_colors_info=\u00bb{}\u00bb][et_pb_column type=\u00bb4_4&#8243; _builder_version=\u00bb4.21.0&#8243; _module_preset=\u00bbdefault\u00bb global_colors_info=\u00bb{}\u00bb][et_pb_text _builder_version=\u00bb4.21.0&#8243; _module_preset=\u00bbdefault\u00bb text_font=\u00bbNunito||||||||\u00bb global_colors_info=\u00bb{}\u00bb]<\/p>\n<p>Esta Pol\u00edtica de cookies fue actualizada por \u00faltima vez el 24 de septiembre de 2025 y se aplica a los ciudadanos y residentes legales permanentes del Espacio Econ\u00f3mico Europeo y Suiza.<br \/><strong>1. Introducci\u00f3n<\/strong><br \/>Nuestra web, https:\/\/ritualsbyglow.com (en adelante: &#8216;la web&#8217;), utiliza cookies y otras tecnolog\u00edas similares (para mayor comodidad, todas las tecnolog\u00edas se denominar\u00e1n como &#8216;cookies&#8217;). Las cookies tambi\u00e9n pueden ser colocadas por terceros con los que trabajamos. En este documento te informamos sobre el uso de cookies en nuestra web.<br \/><strong>2. \u00bfQu\u00e9 son las cookies?<\/strong><br \/>Una cookie es un peque\u00f1o archivo que se env\u00eda junto con las p\u00e1ginas de esta web y que tu navegador almacena en el disco duro de tu ordenador u otro dispositivo. La informaci\u00f3n almacenada puede ser devuelta a nuestros servidores o a los servidores de terceros apropiados durante una visita posterior.<br \/><strong>3. \u00bfQu\u00e9 son los scripts?<\/strong><br \/>Un script es un fragmento de c\u00f3digo de programa que se utiliza para que nuestra web funcione correctamente y de forma interactiva. Este c\u00f3digo se ejecuta en nuestro servidor o en tu dispositivo.<br \/><strong>4. \u00bfQu\u00e9 es un web beacon?<\/strong><br \/>Una baliza web (o etiqueta de p\u00edxel) es una peque\u00f1a e invisible pieza de texto o imagen en una web que se utiliza para monitorizar el tr\u00e1fico en la web. Para ello, se almacenan diversos datos sobre ti mediante estas balizas web.<br \/><strong>5. Cookies<\/strong><br \/>A continuaci\u00f3n, te explicamos los diferentes tipos de cookies que utilizamos:<br \/><strong>5.1 Cookies t\u00e9cnicas o funcionales<\/strong><br \/>Algunas cookies aseguran que ciertas partes de la web funcionen correctamente y que tus preferencias de<br \/>usuario se mantengan reconocidas. Estas cookies pueden colocarse sin tu consentimiento expreso.<br \/><strong>5.2 Cookies de estad\u00edsticas<\/strong><br \/>Utilizamos cookies estad\u00edsticas para optimizar la experiencia de la web para nuestros usuarios. Con estas cookies obtenemos informaci\u00f3n sobre el uso de nuestra web. Te pediremos permiso para colocarlas.<br \/><strong>5.3 Cookies publicitarias<\/strong><br \/>Podemos usar cookies publicitarias para obtener informaci\u00f3n sobre el rendimiento de nuestras campa\u00f1as. Estas cookies no crean un perfil detallado de tu comportamiento fuera de nuestra web.<br \/><strong>5.4 Cookies de marketing\/seguimiento<\/strong><br \/>Estas cookies se utilizan para rastrear a los visitantes en la web y en internet con fines de marketing. Su objetivo es mostrar anuncios relevantes y atractivos para el usuario.<br \/><strong>5.5 Redes sociales<\/strong><br \/>En nuestra web hemos incluido contenido de redes sociales como Facebook, Instagram, TikTok y Google. Este contenido puede colocar cookies y procesar ciertos datos para fines de marketing.<br \/><strong>6. Cookies usadas<\/strong><br \/>Entre las cookies que pueden utilizarse en nuestra web se incluyen, a modo de ejemplo:<br \/>&#8211; Google Analytics (estad\u00edsticas)<br \/>&#8211; Meta \/ Facebook Pixel (marketing, estad\u00edsticas)<br \/>&#8211; TikTok Pixel (marketing, estad\u00edsticas)<br \/>&#8211; CookieHub (gesti\u00f3n del consentimiento, funcional)<br \/>&#8211; Google Ads (marketing)<br \/>&#8211; Hotjar (estad\u00edsticas, experiencia de usuario)<br \/>La lista puede actualizarse conforme incorporemos o eliminemos servicios de terceros.<br \/><strong>7. Consentimiento<\/strong><br \/>Cuando visites nuestra web por primera vez, te mostraremos un banner de cookies con una explicaci\u00f3n. En cuanto hagas clic en &#8216;Aceptar&#8217; o &#8216;Guardar preferencias&#8217;, estar\u00e1s dando tu consentimiento para que utilicemos las categor\u00edas de cookies seleccionadas. Puedes cambiar tus preferencias en cualquier momento desde el centro de<br \/>configuraci\u00f3n de cookies.<br \/><strong>8. Activaci\u00f3n\/desactivaci\u00f3n y eliminaci\u00f3n de cookies<\/strong><br \/>Puedes usar tu navegador para eliminar cookies autom\u00e1tica o manualmente. Tambi\u00e9n puedes configurar que no se coloquen determinadas cookies o recibir un aviso cuando se env\u00ede una cookie. Si desactivas todas las cookies, es posible que nuestra web no funcione correctamente.<br \/><strong>9. Tus derechos respecto a los datos personales<\/strong><br \/>Tienes derecho a:<br \/>&#8211; Saber por qu\u00e9 necesitamos tus datos personales, c\u00f3mo se usar\u00e1n y durante cu\u00e1nto tiempo se conservar\u00e1n.<br \/>&#8211; Acceder a los datos que tenemos sobre ti.<br \/>&#8211; Rectificar, eliminar o bloquear tus datos personales.<br \/>&#8211; Retirar tu consentimiento en cualquier momento.<br \/>&#8211; Solicitar la cesi\u00f3n de tus datos a otro responsable.<br \/>&#8211; Oponerte al tratamiento de tus datos personales en ciertos casos.<br \/>Para ejercer estos derechos, por favor ponte en contacto con nosotros.<\/p>\n<p>Tambi\u00e9n puedes presentar una reclamaci\u00f3n ante la Agencia Espa\u00f1ola de Protecci\u00f3n de Datos (AEPD).<br \/><strong>10. Datos de contacto<\/strong><br \/>WORLD BEAUTY BF SL<br \/>Centro Rituals by Glow<br \/>C. Medina Azahara, 1, 29631 Benalm\u00e1dena, M\u00e1laga, Espa\u00f1a<br \/>Web: https:\/\/ritualsbyglow.com<br \/>Correo electr\u00f3nico: administracion@glowexperience.eu<br \/>Tel\u00e9fono: 651 02 67 00<\/p>\n<p>[\/et_pb_text][\/et_pb_column][\/et_pb_row][\/et_pb_section]<\/p>\n","protected":false},"excerpt":{"rendered":"<p>Pol\u00edtica de CookiesEsta Pol\u00edtica de cookies fue actualizada por \u00faltima vez el 24 de septiembre de 2025 y se aplica a los ciudadanos y residentes legales permanentes del Espacio Econ\u00f3mico Europeo y Suiza.1. Introducci\u00f3nNuestra web, https:\/\/ritualsbyglow.com (en adelante: &#8216;la web&#8217;), utiliza cookies y otras tecnolog\u00edas similares (para mayor comodidad, todas las tecnolog\u00edas se denominar\u00e1n como [&hellip;]<\/p>\n","protected":false},"author":1,"featured_media":0,"parent":0,"menu_order":0,"comment_status":"closed","ping_status":"closed","template":"","meta":{"_et_pb_use_builder":"on","_et_pb_old_content":"","_et_gb_content_width":"","footnotes":""},"class_list":["post-27564230","page","type-page","status-publish","hentry"],"yoast_head":"<!-- This site is optimized with the Yoast SEO plugin v27.3 - https:\/\/yoast.com\/product\/yoast-seo-wordpress\/ -->\n<title>Pol\u00edticas de cookies - Rituals by Glow<\/title>\n<meta name=\"robots\" content=\"noindex, nofollow\" \/>\n<meta property=\"og:locale\" content=\"en_GB\" \/>\n<meta property=\"og:type\" content=\"article\" \/>\n<meta property=\"og:title\" content=\"Pol\u00edticas de cookies - Rituals by Glow\" \/>\n<meta property=\"og:description\" content=\"Pol\u00edtica de CookiesEsta Pol\u00edtica de cookies fue actualizada por \u00faltima vez el 24 de septiembre de 2025 y se aplica a los ciudadanos y residentes legales permanentes del Espacio Econ\u00f3mico Europeo y Suiza.1. Introducci\u00f3nNuestra web, https:\/\/ritualsbyglow.com (en adelante: &#039;la web&#039;), utiliza cookies y otras tecnolog\u00edas similares (para mayor comodidad, todas las tecnolog\u00edas se denominar\u00e1n como [&hellip;]\" \/>\n<meta property=\"og:url\" content=\"https:\/\/ritualsbyglow.com\/en\/politicas-de-cookies\/\" \/>\n<meta property=\"og:site_name\" content=\"Rituals by Glow\" \/>\n<meta property=\"article:modified_time\" content=\"2026-03-06T19:18:47+00:00\" \/>\n<meta name=\"twitter:card\" content=\"summary_large_image\" \/>\n<meta name=\"twitter:label1\" content=\"Est. reading time\" \/>\n\t<meta name=\"twitter:data1\" content=\"4 minutes\" \/>\n<script type=\"application\/ld+json\" class=\"yoast-schema-graph\">{\"@context\":\"https:\\\/\\\/schema.org\",\"@graph\":[{\"@type\":\"WebPage\",\"@id\":\"https:\\\/\\\/ritualsbyglow.com\\\/politicas-de-cookies\\\/\",\"url\":\"https:\\\/\\\/ritualsbyglow.com\\\/politicas-de-cookies\\\/\",\"name\":\"Pol\u00edticas de cookies - Rituals by Glow\",\"isPartOf\":{\"@id\":\"https:\\\/\\\/ritualsbyglow.com\\\/#website\"},\"datePublished\":\"2025-09-24T15:55:37+00:00\",\"dateModified\":\"2026-03-06T19:18:47+00:00\",\"breadcrumb\":{\"@id\":\"https:\\\/\\\/ritualsbyglow.com\\\/politicas-de-cookies\\\/#breadcrumb\"},\"inLanguage\":\"en-GB\",\"potentialAction\":[{\"@type\":\"ReadAction\",\"target\":[\"https:\\\/\\\/ritualsbyglow.com\\\/politicas-de-cookies\\\/\"]}]},{\"@type\":\"BreadcrumbList\",\"@id\":\"https:\\\/\\\/ritualsbyglow.com\\\/politicas-de-cookies\\\/#breadcrumb\",\"itemListElement\":[{\"@type\":\"ListItem\",\"position\":1,\"name\":\"Portada\",\"item\":\"https:\\\/\\\/ritualsbyglow.com\\\/\"},{\"@type\":\"ListItem\",\"position\":2,\"name\":\"Pol\u00edticas de cookies\"}]},{\"@type\":\"WebSite\",\"@id\":\"https:\\\/\\\/ritualsbyglow.com\\\/#website\",\"url\":\"https:\\\/\\\/ritualsbyglow.com\\\/\",\"name\":\"Rituals by Glow\",\"description\":\"Japanese Head Spa y masajes relajantes en M\u00e1laga\",\"potentialAction\":[{\"@type\":\"SearchAction\",\"target\":{\"@type\":\"EntryPoint\",\"urlTemplate\":\"https:\\\/\\\/ritualsbyglow.com\\\/?s={search_term_string}\"},\"query-input\":{\"@type\":\"PropertyValueSpecification\",\"valueRequired\":true,\"valueName\":\"search_term_string\"}}],\"inLanguage\":\"en-GB\"}]}<\/script>\n<!-- \/ Yoast SEO plugin. -->","yoast_head_json":{"title":"Pol\u00edticas de cookies - Rituals by Glow","robots":{"index":"noindex","follow":"nofollow"},"og_locale":"en_GB","og_type":"article","og_title":"Pol\u00edticas de cookies - Rituals by Glow","og_description":"Pol\u00edtica de CookiesEsta Pol\u00edtica de cookies fue actualizada por \u00faltima vez el 24 de septiembre de 2025 y se aplica a los ciudadanos y residentes legales permanentes del Espacio Econ\u00f3mico Europeo y Suiza.1. Introducci\u00f3nNuestra web, https:\/\/ritualsbyglow.com (en adelante: 'la web'), utiliza cookies y otras tecnolog\u00edas similares (para mayor comodidad, todas las tecnolog\u00edas se denominar\u00e1n como [&hellip;]","og_url":"https:\/\/ritualsbyglow.com\/en\/politicas-de-cookies\/","og_site_name":"Rituals by Glow","article_modified_time":"2026-03-06T19:18:47+00:00","twitter_card":"summary_large_image","twitter_misc":{"Est. reading time":"4 minutes"},"schema":{"@context":"https:\/\/schema.org","@graph":[{"@type":"WebPage","@id":"https:\/\/ritualsbyglow.com\/politicas-de-cookies\/","url":"https:\/\/ritualsbyglow.com\/politicas-de-cookies\/","name":"Pol\u00edticas de cookies - Rituals by Glow","isPartOf":{"@id":"https:\/\/ritualsbyglow.com\/#website"},"datePublished":"2025-09-24T15:55:37+00:00","dateModified":"2026-03-06T19:18:47+00:00","breadcrumb":{"@id":"https:\/\/ritualsbyglow.com\/politicas-de-cookies\/#breadcrumb"},"inLanguage":"en-GB","potentialAction":[{"@type":"ReadAction","target":["https:\/\/ritualsbyglow.com\/politicas-de-cookies\/"]}]},{"@type":"BreadcrumbList","@id":"https:\/\/ritualsbyglow.com\/politicas-de-cookies\/#breadcrumb","itemListElement":[{"@type":"ListItem","position":1,"name":"Portada","item":"https:\/\/ritualsbyglow.com\/"},{"@type":"ListItem","position":2,"name":"Pol\u00edticas de cookies"}]},{"@type":"WebSite","@id":"https:\/\/ritualsbyglow.com\/#website","url":"https:\/\/ritualsbyglow.com\/","name":"Rituals by Glow","description":"Japanese Head Spa y masajes relajantes en M\u00e1laga","potentialAction":[{"@type":"SearchAction","target":{"@type":"EntryPoint","urlTemplate":"https:\/\/ritualsbyglow.com\/?s={search_term_string}"},"query-input":{"@type":"PropertyValueSpecification","valueRequired":true,"valueName":"search_term_string"}}],"inLanguage":"en-GB"}]}},"_hostinger_reach_plugin_has_subscription_block":false,"_hostinger_reach_plugin_is_elementor":false,"_links":{"self":[{"href":"https:\/\/ritualsbyglow.com\/en\/wp-json\/wp\/v2\/pages\/27564230","targetHints":{"allow":["GET"]}}],"collection":[{"href":"https:\/\/ritualsbyglow.com\/en\/wp-json\/wp\/v2\/pages"}],"about":[{"href":"https:\/\/ritualsbyglow.com\/en\/wp-json\/wp\/v2\/types\/page"}],"author":[{"embeddable":true,"href":"https:\/\/ritualsbyglow.com\/en\/wp-json\/wp\/v2\/users\/1"}],"replies":[{"embeddable":true,"href":"https:\/\/ritualsbyglow.com\/en\/wp-json\/wp\/v2\/comments?post=27564230"}],"version-history":[{"count":4,"href":"https:\/\/ritualsbyglow.com\/en\/wp-json\/wp\/v2\/pages\/27564230\/revisions"}],"predecessor-version":[{"id":27564601,"href":"https:\/\/ritualsbyglow.com\/en\/wp-json\/wp\/v2\/pages\/27564230\/revisions\/27564601"}],"wp:attachment":[{"href":"https:\/\/ritualsbyglow.com\/en\/wp-json\/wp\/v2\/media?parent=27564230"}],"curies":[{"name":"wp","href":"https:\/\/api.w.org\/{rel}","templated":true}]}}