{"id":27564239,"date":"2025-09-24T16:08:32","date_gmt":"2025-09-24T16:08:32","guid":{"rendered":"https:\/\/ritualsbyglow.com\/?page_id=27564239"},"modified":"2026-03-06T20:17:45","modified_gmt":"2026-03-06T19:17:45","slug":"aviso-legal","status":"publish","type":"page","link":"https:\/\/ritualsbyglow.com\/en\/aviso-legal\/","title":{"rendered":"Legal Notice"},"content":{"rendered":"<p>[et_pb_section fb_built=\u00bb1&#8243; _builder_version=\u00bb4.21.0&#8243; _module_preset=\u00bbdefault\u00bb global_colors_info=\u00bb{}\u00bb][et_pb_row _builder_version=\u00bb4.21.0&#8243; _module_preset=\u00bbdefault\u00bb global_colors_info=\u00bb{}\u00bb][et_pb_column type=\u00bb4_4&#8243; _builder_version=\u00bb4.21.0&#8243; _module_preset=\u00bbdefault\u00bb global_colors_info=\u00bb{}\u00bb][et_pb_text _builder_version=\u00bb4.21.0&#8243; _module_preset=\u00bbdefault\u00bb text_font=\u00bbPlayfair Display||||||||\u00bb text_text_color=\u00bb#000000&#8243; text_font_size=\u00bb34px\u00bb text_orientation=\u00bbcenter\u00bb global_colors_info=\u00bb{}\u00bb]<\/p>\n<p>Aviso Legal<\/p>\n<p>[\/et_pb_text][\/et_pb_column][\/et_pb_row][et_pb_row _builder_version=\u00bb4.21.0&#8243; _module_preset=\u00bbdefault\u00bb global_colors_info=\u00bb{}\u00bb][et_pb_column type=\u00bb4_4&#8243; _builder_version=\u00bb4.21.0&#8243; _module_preset=\u00bbdefault\u00bb global_colors_info=\u00bb{}\u00bb][et_pb_text _builder_version=\u00bb4.21.0&#8243; _module_preset=\u00bbdefault\u00bb text_font=\u00bbNunito||||||||\u00bb global_colors_info=\u00bb{}\u00bb]<\/p>\n<div class=\"et_pb_module et_pb_text et_pb_text_1  et_pb_text_align_left et_pb_bg_layout_light\">\n<div class=\"et_pb_text_inner\">\n<h1><strong data-start=\"235\" data-end=\"261\" style=\"font-size: 16px;\">Titular del sitio web:<\/strong><\/h1>\n<\/div>\n<\/div>\n<div class=\"et_pb_module et_pb_text et_pb_text_2  et_pb_text_align_left et_pb_bg_layout_light\">\n<div class=\"et_pb_text_inner\">\n<p>Identidad del Responsable: World Beauty BF SL<\/p>\n<p>Nombre comercial: GLOW<\/p>\n<p>CIF: B75952572<\/p>\n<p>Direcci\u00f3n: C. Capulino Jauregui, 5. 29002 Malaga (Malaga, Espa\u00f1a)<\/p>\n<p>Correo electr\u00f3nico:<span>\u00a0<\/span><a href=\"mailto:administracion@glowexperience.eu\">administracion@glowexperience.eu<\/a><\/p>\n<p>Actividad: Actividades de cuidad de belleza<\/p>\n<h4 data-start=\"510\" data-end=\"526\" class=\"\">1. Objeto<\/h4>\n<p data-start=\"527\" data-end=\"667\" class=\"\">El presente Aviso Legal regula el uso del sitio web<span>\u00a0<\/span><a data-start=\"579\" data-end=\"603\" rel=\"noopener\" target=\"_new\" class=\"\" href=\"http:\/\/www.glowbeautystudio.com\/\">www.glowexperience.es<\/a><span>\u00a0<\/span>(en adelante, \u201cla Web\u201d), titularidad de World Beauty BF SL<\/p>\n<p data-start=\"669\" data-end=\"854\" class=\"\">El acceso a la Web es gratuito salvo en lo relativo al coste de la conexi\u00f3n a trav\u00e9s de la red de telecomunicaciones suministrada por el proveedor de acceso contratado por los usuarios.<\/p>\n<h4 data-start=\"856\" data-end=\"888\" class=\"\">2. Aceptaci\u00f3n del Usuario<\/h4>\n<p data-start=\"889\" data-end=\"1175\" class=\"\">La utilizaci\u00f3n de la Web atribuye la condici\u00f3n de usuario e implica la aceptaci\u00f3n plena y sin reservas de todas las disposiciones incluidas en este Aviso Legal. Si el usuario no estuviera conforme con alguna de las condiciones aqu\u00ed establecidas, no deber\u00e1 usar\/acceder a este sitio web.<\/p>\n<h4 data-start=\"1177\" data-end=\"1221\" class=\"\">3. Propiedad Intelectual e Industrial<\/h4>\n<p data-start=\"1222\" data-end=\"1610\" class=\"\">Todos los contenidos de la Web, incluyendo textos, fotograf\u00edas, gr\u00e1ficos, im\u00e1genes, iconos, tecnolog\u00eda, software, dise\u00f1o gr\u00e1fico, c\u00f3digo fuente y dem\u00e1s elementos, son propiedad intelectual de World Beauty BF SL o de terceros, sin que puedan entenderse cedidos al usuario ning\u00fan derecho de explotaci\u00f3n sobre los mismos m\u00e1s all\u00e1 de lo estrictamente necesario para el uso del sitio web.<\/p>\n<h4 data-start=\"1612\" data-end=\"1641\" class=\"\">4. Protecci\u00f3n de Datos<\/h4>\n<p data-start=\"1642\" data-end=\"1809\" class=\"\">Glow Beauty Studio S.L. cumple con el Reglamento (UE) 2016\/679 (RGPD) y la Ley Org\u00e1nica 3\/2018, de Protecci\u00f3n de Datos Personales y garant\u00eda de los derechos digitales.<\/p>\n<blockquote>\n<p data-start=\"1811\" data-end=\"1878\" class=\"\">Para m\u00e1s informaci\u00f3n, consulte nuestra<a href=\"https:\/\/ritualsbyglow.com\/politicas-de-privacidad\"><span>\u00a0<\/span>Pol\u00edtica de Privacidad.<\/a><\/p>\n<\/blockquote>\n<h4 data-start=\"1880\" data-end=\"1905\" class=\"\">5. Responsabilidad<\/h4>\n<p data-start=\"1906\" data-end=\"2076\" class=\"\">World Beauty BF SL no se responsabiliza del mal uso que se realice de los contenidos del sitio web ni de los da\u00f1os que pudieran derivarse del acceso o uso del mismo.<\/p>\n<h4 data-start=\"2078\" data-end=\"2095\" class=\"\">6. Enlaces<\/h4>\n<p data-start=\"2096\" data-end=\"2265\" class=\"\">Este sitio web puede contener enlaces a p\u00e1ginas externas. World Beauty BF SL no se responsabiliza del contenido ni de las pol\u00edticas de privacidad de dichas p\u00e1ginas.<\/p>\n<h4 data-start=\"2267\" data-end=\"2313\" class=\"\">7. Legislaci\u00f3n Aplicable y Jurisdicci\u00f3n<\/h4>\n<p data-start=\"2314\" data-end=\"2497\" class=\"\">El presente Aviso Legal se rige por la legislaci\u00f3n espa\u00f1ola y europea. Para la resoluci\u00f3n de conflictos, las partes se someter\u00e1n a los juzgados y tribunales del domicilio del usuario.<\/p>\n<\/div>\n<\/div>\n<p>[\/et_pb_text][\/et_pb_column][\/et_pb_row][\/et_pb_section]<\/p>\n","protected":false},"excerpt":{"rendered":"<p>Aviso Legal Titular del sitio web: Identidad del Responsable: World Beauty BF SL Nombre comercial: GLOW CIF: B75952572 Direcci\u00f3n: C. Capulino Jauregui, 5. 29002 Malaga (Malaga, Espa\u00f1a) Correo electr\u00f3nico:\u00a0administracion@glowexperience.eu Actividad: Actividades de cuidad de belleza 1. Objeto El presente Aviso Legal regula el uso del sitio web\u00a0www.glowexperience.es\u00a0(en adelante, \u201cla Web\u201d), titularidad de World Beauty BF [&hellip;]<\/p>\n","protected":false},"author":1,"featured_media":0,"parent":0,"menu_order":0,"comment_status":"closed","ping_status":"closed","template":"","meta":{"_et_pb_use_builder":"on","_et_pb_old_content":"","_et_gb_content_width":"","footnotes":""},"class_list":["post-27564239","page","type-page","status-publish","hentry"],"yoast_head":"<!-- This site is optimized with the Yoast SEO plugin v27.3 - https:\/\/yoast.com\/product\/yoast-seo-wordpress\/ -->\n<title>Aviso Legal - Rituals by Glow<\/title>\n<meta name=\"robots\" content=\"noindex, nofollow\" \/>\n<meta property=\"og:locale\" content=\"en_GB\" \/>\n<meta property=\"og:type\" content=\"article\" \/>\n<meta property=\"og:title\" content=\"Aviso Legal - Rituals by Glow\" \/>\n<meta property=\"og:description\" content=\"Aviso Legal Titular del sitio web: Identidad del Responsable: World Beauty BF SL Nombre comercial: GLOW CIF: B75952572 Direcci\u00f3n: C. Capulino Jauregui, 5. 29002 Malaga (Malaga, Espa\u00f1a) Correo electr\u00f3nico:\u00a0administracion@glowexperience.eu Actividad: Actividades de cuidad de belleza 1. Objeto El presente Aviso Legal regula el uso del sitio web\u00a0www.glowexperience.es\u00a0(en adelante, \u201cla Web\u201d), titularidad de World Beauty BF [&hellip;]\" \/>\n<meta property=\"og:url\" content=\"https:\/\/ritualsbyglow.com\/en\/aviso-legal\/\" \/>\n<meta property=\"og:site_name\" content=\"Rituals by Glow\" \/>\n<meta property=\"article:modified_time\" content=\"2026-03-06T19:17:45+00:00\" \/>\n<meta name=\"twitter:card\" content=\"summary_large_image\" \/>\n<meta name=\"twitter:label1\" content=\"Est. reading time\" \/>\n\t<meta name=\"twitter:data1\" content=\"2 minutes\" \/>\n<script type=\"application\/ld+json\" class=\"yoast-schema-graph\">{\"@context\":\"https:\\\/\\\/schema.org\",\"@graph\":[{\"@type\":\"WebPage\",\"@id\":\"https:\\\/\\\/ritualsbyglow.com\\\/aviso-legal\\\/\",\"url\":\"https:\\\/\\\/ritualsbyglow.com\\\/aviso-legal\\\/\",\"name\":\"Aviso Legal - Rituals by Glow\",\"isPartOf\":{\"@id\":\"https:\\\/\\\/ritualsbyglow.com\\\/#website\"},\"datePublished\":\"2025-09-24T16:08:32+00:00\",\"dateModified\":\"2026-03-06T19:17:45+00:00\",\"breadcrumb\":{\"@id\":\"https:\\\/\\\/ritualsbyglow.com\\\/aviso-legal\\\/#breadcrumb\"},\"inLanguage\":\"en-GB\",\"potentialAction\":[{\"@type\":\"ReadAction\",\"target\":[\"https:\\\/\\\/ritualsbyglow.com\\\/aviso-legal\\\/\"]}]},{\"@type\":\"BreadcrumbList\",\"@id\":\"https:\\\/\\\/ritualsbyglow.com\\\/aviso-legal\\\/#breadcrumb\",\"itemListElement\":[{\"@type\":\"ListItem\",\"position\":1,\"name\":\"Portada\",\"item\":\"https:\\\/\\\/ritualsbyglow.com\\\/\"},{\"@type\":\"ListItem\",\"position\":2,\"name\":\"Aviso Legal\"}]},{\"@type\":\"WebSite\",\"@id\":\"https:\\\/\\\/ritualsbyglow.com\\\/#website\",\"url\":\"https:\\\/\\\/ritualsbyglow.com\\\/\",\"name\":\"Rituals by Glow\",\"description\":\"Japanese Head Spa y masajes relajantes en M\u00e1laga\",\"potentialAction\":[{\"@type\":\"SearchAction\",\"target\":{\"@type\":\"EntryPoint\",\"urlTemplate\":\"https:\\\/\\\/ritualsbyglow.com\\\/?s={search_term_string}\"},\"query-input\":{\"@type\":\"PropertyValueSpecification\",\"valueRequired\":true,\"valueName\":\"search_term_string\"}}],\"inLanguage\":\"en-GB\"}]}<\/script>\n<!-- \/ Yoast SEO plugin. -->","yoast_head_json":{"title":"Aviso Legal - Rituals by Glow","robots":{"index":"noindex","follow":"nofollow"},"og_locale":"en_GB","og_type":"article","og_title":"Aviso Legal - Rituals by Glow","og_description":"Aviso Legal Titular del sitio web: Identidad del Responsable: World Beauty BF SL Nombre comercial: GLOW CIF: B75952572 Direcci\u00f3n: C. Capulino Jauregui, 5. 29002 Malaga (Malaga, Espa\u00f1a) Correo electr\u00f3nico:\u00a0administracion@glowexperience.eu Actividad: Actividades de cuidad de belleza 1. Objeto El presente Aviso Legal regula el uso del sitio web\u00a0www.glowexperience.es\u00a0(en adelante, \u201cla Web\u201d), titularidad de World Beauty BF [&hellip;]","og_url":"https:\/\/ritualsbyglow.com\/en\/aviso-legal\/","og_site_name":"Rituals by Glow","article_modified_time":"2026-03-06T19:17:45+00:00","twitter_card":"summary_large_image","twitter_misc":{"Est. reading time":"2 minutes"},"schema":{"@context":"https:\/\/schema.org","@graph":[{"@type":"WebPage","@id":"https:\/\/ritualsbyglow.com\/aviso-legal\/","url":"https:\/\/ritualsbyglow.com\/aviso-legal\/","name":"Aviso Legal - Rituals by Glow","isPartOf":{"@id":"https:\/\/ritualsbyglow.com\/#website"},"datePublished":"2025-09-24T16:08:32+00:00","dateModified":"2026-03-06T19:17:45+00:00","breadcrumb":{"@id":"https:\/\/ritualsbyglow.com\/aviso-legal\/#breadcrumb"},"inLanguage":"en-GB","potentialAction":[{"@type":"ReadAction","target":["https:\/\/ritualsbyglow.com\/aviso-legal\/"]}]},{"@type":"BreadcrumbList","@id":"https:\/\/ritualsbyglow.com\/aviso-legal\/#breadcrumb","itemListElement":[{"@type":"ListItem","position":1,"name":"Portada","item":"https:\/\/ritualsbyglow.com\/"},{"@type":"ListItem","position":2,"name":"Aviso Legal"}]},{"@type":"WebSite","@id":"https:\/\/ritualsbyglow.com\/#website","url":"https:\/\/ritualsbyglow.com\/","name":"Rituals by Glow","description":"Japanese Head Spa y masajes relajantes en M\u00e1laga","potentialAction":[{"@type":"SearchAction","target":{"@type":"EntryPoint","urlTemplate":"https:\/\/ritualsbyglow.com\/?s={search_term_string}"},"query-input":{"@type":"PropertyValueSpecification","valueRequired":true,"valueName":"search_term_string"}}],"inLanguage":"en-GB"}]}},"_hostinger_reach_plugin_has_subscription_block":false,"_hostinger_reach_plugin_is_elementor":false,"_links":{"self":[{"href":"https:\/\/ritualsbyglow.com\/en\/wp-json\/wp\/v2\/pages\/27564239","targetHints":{"allow":["GET"]}}],"collection":[{"href":"https:\/\/ritualsbyglow.com\/en\/wp-json\/wp\/v2\/pages"}],"about":[{"href":"https:\/\/ritualsbyglow.com\/en\/wp-json\/wp\/v2\/types\/page"}],"author":[{"embeddable":true,"href":"https:\/\/ritualsbyglow.com\/en\/wp-json\/wp\/v2\/users\/1"}],"replies":[{"embeddable":true,"href":"https:\/\/ritualsbyglow.com\/en\/wp-json\/wp\/v2\/comments?post=27564239"}],"version-history":[{"count":6,"href":"https:\/\/ritualsbyglow.com\/en\/wp-json\/wp\/v2\/pages\/27564239\/revisions"}],"predecessor-version":[{"id":27565564,"href":"https:\/\/ritualsbyglow.com\/en\/wp-json\/wp\/v2\/pages\/27564239\/revisions\/27565564"}],"wp:attachment":[{"href":"https:\/\/ritualsbyglow.com\/en\/wp-json\/wp\/v2\/media?parent=27564239"}],"curies":[{"name":"wp","href":"https:\/\/api.w.org\/{rel}","templated":true}]}}