{"id":27565121,"date":"2025-12-06T16:26:08","date_gmt":"2025-12-06T15:26:08","guid":{"rendered":"https:\/\/ritualsbyglow.com\/?page_id=27565121"},"modified":"2026-03-06T17:03:22","modified_gmt":"2026-03-06T16:03:22","slug":"localizacion","status":"publish","type":"page","link":"https:\/\/ritualsbyglow.com\/en\/localizacion\/","title":{"rendered":"Localizaci\u00f3n"},"content":{"rendered":"<div class=\"spa-locations-wrapper\">\n<div class=\"spa-grid\">\n<article class=\"spa-card\">\n<div class=\"spa-card-img-box\"><img decoding=\"async\" src=\"https:\/\/ritualsbyglow.com\/wp-content\/uploads\/2025\/12\/IMG_3101-scaled.jpg\" alt=\"Rituals Benalm\u00e1dena\" \/><\/div>\n<div class=\"spa-card-body\">\n<h2 class=\"spa-location-title\">Rituals By Glow Benalm\u00e1dena<\/h2>\n<ul class=\"spa-info-list\">\n<li class=\"spa-info-item\">C. Medina Azahara, 3<br \/>\n29631 Benalm\u00e1dena, M\u00e1laga<\/li>\n<li class=\"spa-info-item\">Mar &#8211; Sab: 10:00 &#8211; 20:00<\/li>\n<li class=\"spa-info-item\">645 064 904<\/li>\n<\/ul>\n<p><a class=\"spa-btn-reserve landing-link\" href=\"\/en\/benalmadena\/\">Reservar Ahora<\/a><\/p>\n<div class=\"spa-footer-links\">\n<a class=\"spa-link-sec landing-link\" href=\"\/en\/benalmadena\/\"><svg xmlns=\"http:\/\/www.w3.org\/2000\/svg\" width=\"16\" height=\"16\" viewbox=\"0 0 24 24\" fill=\"none\" stroke=\"currentColor\" stroke-width=\"2\" stroke-linecap=\"round\" stroke-linejoin=\"round\"><path d=\"M18 13v6a2 2 0 0 1-2 2H5a2 2 0 0 1-2-2V8a2 2 0 0 1 2-2h6\"\/><polyline points=\"15 3 21 3 21 9\"\/><line x1=\"10\" y1=\"14\" x2=\"21\" y2=\"3\"\/><\/svg> Visitar Web<\/a><br \/>\n<a class=\"spa-link-sec landing-link\" href=\"\/en\/benalmadena\/\"><svg xmlns=\"http:\/\/www.w3.org\/2000\/svg\" width=\"16\" height=\"16\" viewbox=\"0 0 24 24\" fill=\"none\" stroke=\"currentColor\" stroke-width=\"2\" stroke-linecap=\"round\" stroke-linejoin=\"round\"><polyline points=\"20 12 20 22 4 22 4 12\"\/><rect x=\"2\" y=\"7\" width=\"20\" height=\"5\"\/><path d=\"M12 22V7\"\/><path d=\"M12 7H7.5a2.5 2.5 0 0 1 0-5C11 2 12 7 12 7z\"\/><path d=\"M12 7h4.5a2.5 2.5 0 0 0 0-5C13 2 12 7 12 7z\"\/><\/svg> Gift Cards<\/a>\n<\/div>\n<\/div>\n<\/article>\n<article class=\"spa-card\">\n<div class=\"spa-card-img-box\"><img decoding=\"async\" src=\"https:\/\/ritualsbyglow.com\/wp-content\/uploads\/2025\/10\/Supreme_head_spa_rituals_by_glow2.jpg\" alt=\"Rituals Fuengirola\" \/><\/div>\n<div class=\"spa-card-body\">\n<h2 class=\"spa-location-title\">Rituals By Glow Fuengirola<\/h2>\n<ul class=\"spa-info-list\">\n<li class=\"spa-info-item\">Ave. Alcalde Clemente D\u00edaz Ruiz N\u00ba 3 Local B 29640 Fuengirola, M\u00e1laga<\/li>\n<li class=\"spa-info-item\">Mar &#8211; Sab: 10:00 &#8211; 20:00<\/li>\n<li class=\"spa-info-item\">664 276 448<\/li>\n<\/ul>\n<p><a class=\"spa-btn-reserve landing-link\" href=\"https:\/\/fuengirola.ritualsbyglow.com\/servicios-spa-capilar-fuengirola\/\">Reservar Ahora<\/a><\/p>\n<div class=\"spa-footer-links\">\n<a class=\"spa-link-sec landing-link\" href=\"https:\/\/fuengirola.ritualsbyglow.com\/servicios-spa-capilar-fuengirola\/\"><svg xmlns=\"http:\/\/www.w3.org\/2000\/svg\" width=\"16\" height=\"16\" viewbox=\"0 0 24 24\" fill=\"none\" stroke=\"currentColor\" stroke-width=\"2\" stroke-linecap=\"round\" stroke-linejoin=\"round\"><path d=\"M18 13v6a2 2 0 0 1-2 2H5a2 2 0 0 1-2-2V8a2 2 0 0 1 2-2h6\"\/><polyline points=\"15 3 21 3 21 9\"\/><line x1=\"10\" y1=\"14\" x2=\"21\" y2=\"3\"\/><\/svg> Visitar Web<\/a><br \/>\n<a class=\"spa-link-sec landing-link\" href=\"https:\/\/fuengirola.ritualsbyglow.com\/tarjeta-regalo-spa-fuengirola\/\"><svg xmlns=\"http:\/\/www.w3.org\/2000\/svg\" width=\"16\" height=\"16\" viewbox=\"0 0 24 24\" fill=\"none\" stroke=\"currentColor\" stroke-width=\"2\" stroke-linecap=\"round\" stroke-linejoin=\"round\"><polyline points=\"20 12 20 22 4 22 4 12\"\/><rect x=\"2\" y=\"7\" width=\"20\" height=\"5\"\/><path d=\"M12 22V7\"\/><path d=\"M12 7H7.5a2.5 2.5 0 0 1 0-5C11 2 12 7 12 7z\"\/><path d=\"M12 7h4.5a2.5 2.5 0 0 0 0-5C13 2 12 7 12 7z\"\/><\/svg> Gift Cards<\/a>\n<\/div>\n<\/div>\n<\/article>\n<article class=\"spa-card\">\n<div class=\"spa-card-img-box\"><img decoding=\"async\" src=\"https:\/\/ritualsbyglow.com\/wp-content\/uploads\/2025\/10\/reset_head_spa_rituals_by_glow-scaled.jpeg\" alt=\"Rituals Marbella\" \/><\/div>\n<div class=\"spa-card-body\">\n<h2 class=\"spa-location-title\">Rituals By Glow Marbella<\/h2>\n<ul class=\"spa-info-list\">\n<li class=\"spa-info-item\">C. Pablo Casals, 3<br \/>\n29602 Marbella, M\u00e1laga<\/li>\n<li class=\"spa-info-item\">Mar &#8211; Sab: 10:00 &#8211; 20:00<\/li>\n<li class=\"spa-info-item\">699 732 239<\/li>\n<\/ul>\n<p><a class=\"spa-btn-reserve landing-link\" href=\"\/en\/marbella\/\">Reservar Ahora<\/a><\/p>\n<div class=\"spa-footer-links\">\n<a class=\"spa-link-sec landing-link\" href=\"\/en\/marbella\/\"><svg xmlns=\"http:\/\/www.w3.org\/2000\/svg\" width=\"16\" height=\"16\" viewbox=\"0 0 24 24\" fill=\"none\" stroke=\"currentColor\" stroke-width=\"2\" stroke-linecap=\"round\" stroke-linejoin=\"round\"><path d=\"M18 13v6a2 2 0 0 1-2 2H5a2 2 0 0 1-2-2V8a2 2 0 0 1 2-2h6\"\/><polyline points=\"15 3 21 3 21 9\"\/><line x1=\"10\" y1=\"14\" x2=\"21\" y2=\"3\"\/><\/svg> Visitar Web<\/a><br \/>\n<a class=\"spa-link-sec landing-link\" href=\"\/en\/marbella\/\"><svg xmlns=\"http:\/\/www.w3.org\/2000\/svg\" width=\"16\" height=\"16\" viewbox=\"0 0 24 24\" fill=\"none\" stroke=\"currentColor\" stroke-width=\"2\" stroke-linecap=\"round\" stroke-linejoin=\"round\"><polyline points=\"20 12 20 22 4 22 4 12\"\/><rect x=\"2\" y=\"7\" width=\"20\" height=\"5\"\/><path d=\"M12 22V7\"\/><path d=\"M12 7H7.5a2.5 2.5 0 0 1 0-5C11 2 12 7 12 7z\"\/><path d=\"M12 7h4.5a2.5 2.5 0 0 0 0-5C13 2 12 7 12 7z\"\/><\/svg> Gift Cards<\/a>\n<\/div>\n<\/div>\n<\/article>\n<\/div>\n<\/div>\n<p><script>\nconst queryString = window.location.search;\nconst urlParams = new URLSearchParams(queryString);\nconst serviceId = urlParams.get('serviceId');\nif(serviceId) {\n  const landingLinks = document.querySelectorAll(\".landing-link\");\n  for(let link of landingLinks) {\n    link.href = `${link.href}?serviceId=${serviceId}`\n  }\n}\n<\/script><\/p>","protected":false},"excerpt":{"rendered":"<p>Rituals By Glow Benalm\u00e1dena C. Medina Azahara, 3 29631 Benalm\u00e1dena, M\u00e1laga Mar &#8211; Sab: 10:00 &#8211; 20:00 645 064 904 Reservar Ahora Visitar Web Tarjetas Regalo Rituals By Glow Fuengirola Ave. Alcalde Clemente D\u00edaz Ruiz N\u00ba 3 Local B 29640 Fuengirola, M\u00e1laga Mar &#8211; Sab: 10:00 &#8211; 20:00 664 276 448 Reservar Ahora Visitar Web [&hellip;]<\/p>\n","protected":false},"author":1,"featured_media":0,"parent":0,"menu_order":0,"comment_status":"closed","ping_status":"closed","template":"","meta":{"_et_pb_use_builder":"","_et_pb_old_content":"","_et_gb_content_width":"","footnotes":""},"class_list":["post-27565121","page","type-page","status-publish","hentry"],"yoast_head":"<!-- This site is optimized with the Yoast SEO plugin v27.3 - https:\/\/yoast.com\/product\/yoast-seo-wordpress\/ -->\n<title>Localizaci\u00f3n - Rituals by Glow<\/title>\n<meta name=\"robots\" content=\"index, follow, max-snippet:-1, max-image-preview:large, max-video-preview:-1\" \/>\n<link rel=\"canonical\" href=\"https:\/\/ritualsbyglow.com\/en\/localizacion\/\" \/>\n<meta property=\"og:locale\" content=\"en_GB\" \/>\n<meta property=\"og:type\" content=\"article\" \/>\n<meta property=\"og:title\" content=\"Localizaci\u00f3n - Rituals by Glow\" \/>\n<meta property=\"og:description\" content=\"Rituals By Glow Benalm\u00e1dena C. Medina Azahara, 3 29631 Benalm\u00e1dena, M\u00e1laga Mar &#8211; Sab: 10:00 &#8211; 20:00 645 064 904 Reservar Ahora Visitar Web Tarjetas Regalo Rituals By Glow Fuengirola Ave. Alcalde Clemente D\u00edaz Ruiz N\u00ba 3 Local B 29640 Fuengirola, M\u00e1laga Mar &#8211; Sab: 10:00 &#8211; 20:00 664 276 448 Reservar Ahora Visitar Web [&hellip;]\" \/>\n<meta property=\"og:url\" content=\"https:\/\/ritualsbyglow.com\/en\/localizacion\/\" \/>\n<meta property=\"og:site_name\" content=\"Rituals by Glow\" \/>\n<meta property=\"article:modified_time\" content=\"2026-03-06T16:03:22+00:00\" \/>\n<meta property=\"og:image\" content=\"https:\/\/ritualsbyglow.com\/wp-content\/uploads\/2025\/12\/IMG_3101-scaled.jpg\" \/>\n<meta name=\"twitter:card\" content=\"summary_large_image\" \/>\n<meta name=\"twitter:label1\" content=\"Est. reading time\" \/>\n\t<meta name=\"twitter:data1\" content=\"1 minute\" \/>\n<script type=\"application\/ld+json\" class=\"yoast-schema-graph\">{\"@context\":\"https:\\\/\\\/schema.org\",\"@graph\":[{\"@type\":\"WebPage\",\"@id\":\"https:\\\/\\\/ritualsbyglow.com\\\/localizacion\\\/\",\"url\":\"https:\\\/\\\/ritualsbyglow.com\\\/localizacion\\\/\",\"name\":\"Localizaci\u00f3n - Rituals by Glow\",\"isPartOf\":{\"@id\":\"https:\\\/\\\/ritualsbyglow.com\\\/#website\"},\"primaryImageOfPage\":{\"@id\":\"https:\\\/\\\/ritualsbyglow.com\\\/localizacion\\\/#primaryimage\"},\"image\":{\"@id\":\"https:\\\/\\\/ritualsbyglow.com\\\/localizacion\\\/#primaryimage\"},\"thumbnailUrl\":\"https:\\\/\\\/ritualsbyglow.com\\\/wp-content\\\/uploads\\\/2025\\\/12\\\/IMG_3101-scaled.jpg\",\"datePublished\":\"2025-12-06T15:26:08+00:00\",\"dateModified\":\"2026-03-06T16:03:22+00:00\",\"breadcrumb\":{\"@id\":\"https:\\\/\\\/ritualsbyglow.com\\\/localizacion\\\/#breadcrumb\"},\"inLanguage\":\"en-GB\",\"potentialAction\":[{\"@type\":\"ReadAction\",\"target\":[\"https:\\\/\\\/ritualsbyglow.com\\\/localizacion\\\/\"]}]},{\"@type\":\"ImageObject\",\"inLanguage\":\"en-GB\",\"@id\":\"https:\\\/\\\/ritualsbyglow.com\\\/localizacion\\\/#primaryimage\",\"url\":\"https:\\\/\\\/ritualsbyglow.com\\\/wp-content\\\/uploads\\\/2025\\\/12\\\/IMG_3101-scaled.jpg\",\"contentUrl\":\"https:\\\/\\\/ritualsbyglow.com\\\/wp-content\\\/uploads\\\/2025\\\/12\\\/IMG_3101-scaled.jpg\"},{\"@type\":\"BreadcrumbList\",\"@id\":\"https:\\\/\\\/ritualsbyglow.com\\\/localizacion\\\/#breadcrumb\",\"itemListElement\":[{\"@type\":\"ListItem\",\"position\":1,\"name\":\"Portada\",\"item\":\"https:\\\/\\\/ritualsbyglow.com\\\/\"},{\"@type\":\"ListItem\",\"position\":2,\"name\":\"Localizaci\u00f3n\"}]},{\"@type\":\"WebSite\",\"@id\":\"https:\\\/\\\/ritualsbyglow.com\\\/#website\",\"url\":\"https:\\\/\\\/ritualsbyglow.com\\\/\",\"name\":\"Rituals by Glow\",\"description\":\"Japanese Head Spa y masajes relajantes en M\u00e1laga\",\"potentialAction\":[{\"@type\":\"SearchAction\",\"target\":{\"@type\":\"EntryPoint\",\"urlTemplate\":\"https:\\\/\\\/ritualsbyglow.com\\\/?s={search_term_string}\"},\"query-input\":{\"@type\":\"PropertyValueSpecification\",\"valueRequired\":true,\"valueName\":\"search_term_string\"}}],\"inLanguage\":\"en-GB\"}]}<\/script>\n<!-- \/ Yoast SEO plugin. -->","yoast_head_json":{"title":"Localizaci\u00f3n - Rituals by Glow","robots":{"index":"index","follow":"follow","max-snippet":"max-snippet:-1","max-image-preview":"max-image-preview:large","max-video-preview":"max-video-preview:-1"},"canonical":"https:\/\/ritualsbyglow.com\/en\/localizacion\/","og_locale":"en_GB","og_type":"article","og_title":"Localizaci\u00f3n - Rituals by Glow","og_description":"Rituals By Glow Benalm\u00e1dena C. Medina Azahara, 3 29631 Benalm\u00e1dena, M\u00e1laga Mar &#8211; Sab: 10:00 &#8211; 20:00 645 064 904 Reservar Ahora Visitar Web Tarjetas Regalo Rituals By Glow Fuengirola Ave. Alcalde Clemente D\u00edaz Ruiz N\u00ba 3 Local B 29640 Fuengirola, M\u00e1laga Mar &#8211; Sab: 10:00 &#8211; 20:00 664 276 448 Reservar Ahora Visitar Web [&hellip;]","og_url":"https:\/\/ritualsbyglow.com\/en\/localizacion\/","og_site_name":"Rituals by Glow","article_modified_time":"2026-03-06T16:03:22+00:00","og_image":[{"url":"https:\/\/ritualsbyglow.com\/wp-content\/uploads\/2025\/12\/IMG_3101-scaled.jpg","type":"","width":"","height":""}],"twitter_card":"summary_large_image","twitter_misc":{"Est. reading time":"1 minute"},"schema":{"@context":"https:\/\/schema.org","@graph":[{"@type":"WebPage","@id":"https:\/\/ritualsbyglow.com\/localizacion\/","url":"https:\/\/ritualsbyglow.com\/localizacion\/","name":"Localizaci\u00f3n - Rituals by Glow","isPartOf":{"@id":"https:\/\/ritualsbyglow.com\/#website"},"primaryImageOfPage":{"@id":"https:\/\/ritualsbyglow.com\/localizacion\/#primaryimage"},"image":{"@id":"https:\/\/ritualsbyglow.com\/localizacion\/#primaryimage"},"thumbnailUrl":"https:\/\/ritualsbyglow.com\/wp-content\/uploads\/2025\/12\/IMG_3101-scaled.jpg","datePublished":"2025-12-06T15:26:08+00:00","dateModified":"2026-03-06T16:03:22+00:00","breadcrumb":{"@id":"https:\/\/ritualsbyglow.com\/localizacion\/#breadcrumb"},"inLanguage":"en-GB","potentialAction":[{"@type":"ReadAction","target":["https:\/\/ritualsbyglow.com\/localizacion\/"]}]},{"@type":"ImageObject","inLanguage":"en-GB","@id":"https:\/\/ritualsbyglow.com\/localizacion\/#primaryimage","url":"https:\/\/ritualsbyglow.com\/wp-content\/uploads\/2025\/12\/IMG_3101-scaled.jpg","contentUrl":"https:\/\/ritualsbyglow.com\/wp-content\/uploads\/2025\/12\/IMG_3101-scaled.jpg"},{"@type":"BreadcrumbList","@id":"https:\/\/ritualsbyglow.com\/localizacion\/#breadcrumb","itemListElement":[{"@type":"ListItem","position":1,"name":"Portada","item":"https:\/\/ritualsbyglow.com\/"},{"@type":"ListItem","position":2,"name":"Localizaci\u00f3n"}]},{"@type":"WebSite","@id":"https:\/\/ritualsbyglow.com\/#website","url":"https:\/\/ritualsbyglow.com\/","name":"Rituals by Glow","description":"Japanese Head Spa y masajes relajantes en M\u00e1laga","potentialAction":[{"@type":"SearchAction","target":{"@type":"EntryPoint","urlTemplate":"https:\/\/ritualsbyglow.com\/?s={search_term_string}"},"query-input":{"@type":"PropertyValueSpecification","valueRequired":true,"valueName":"search_term_string"}}],"inLanguage":"en-GB"}]}},"_hostinger_reach_plugin_has_subscription_block":false,"_hostinger_reach_plugin_is_elementor":false,"_links":{"self":[{"href":"https:\/\/ritualsbyglow.com\/en\/wp-json\/wp\/v2\/pages\/27565121","targetHints":{"allow":["GET"]}}],"collection":[{"href":"https:\/\/ritualsbyglow.com\/en\/wp-json\/wp\/v2\/pages"}],"about":[{"href":"https:\/\/ritualsbyglow.com\/en\/wp-json\/wp\/v2\/types\/page"}],"author":[{"embeddable":true,"href":"https:\/\/ritualsbyglow.com\/en\/wp-json\/wp\/v2\/users\/1"}],"replies":[{"embeddable":true,"href":"https:\/\/ritualsbyglow.com\/en\/wp-json\/wp\/v2\/comments?post=27565121"}],"version-history":[{"count":27,"href":"https:\/\/ritualsbyglow.com\/en\/wp-json\/wp\/v2\/pages\/27565121\/revisions"}],"predecessor-version":[{"id":27565543,"href":"https:\/\/ritualsbyglow.com\/en\/wp-json\/wp\/v2\/pages\/27565121\/revisions\/27565543"}],"wp:attachment":[{"href":"https:\/\/ritualsbyglow.com\/en\/wp-json\/wp\/v2\/media?parent=27565121"}],"curies":[{"name":"wp","href":"https:\/\/api.w.org\/{rel}","templated":true}]}}