{"id":43,"date":"2025-08-01T16:18:05","date_gmt":"2025-08-01T16:18:05","guid":{"rendered":"https:\/\/ritualsbyglow.com\/?page_id=43"},"modified":"2025-11-06T23:09:24","modified_gmt":"2025-11-06T22:09:24","slug":"nosotros","status":"publish","type":"page","link":"https:\/\/ritualsbyglow.com\/en\/nosotros\/","title":{"rendered":"Nosotros"},"content":{"rendered":"<p>[et_pb_section fb_built=\u00bb1&#8243; _builder_version=\u00bb4.21.0&#8243; _module_preset=\u00bbdefault\u00bb custom_padding=\u00bb||17px|||\u00bb global_colors_info=\u00bb{}\u00bb][et_pb_row _builder_version=\u00bb4.21.0&#8243; _module_preset=\u00bbdefault\u00bb global_colors_info=\u00bb{}\u00bb][et_pb_column type=\u00bb4_4&#8243; _builder_version=\u00bb4.21.0&#8243; _module_preset=\u00bbdefault\u00bb global_colors_info=\u00bb{}\u00bb][et_pb_text _builder_version=\u00bb4.21.0&#8243; _module_preset=\u00bbdefault\u00bb text_font=\u00bbNunito||||||||\u00bb text_font_size=\u00bb15px\u00bb header_font=\u00bbPlayfair Display|700|||||||\u00bb header_text_color=\u00bb#000000&#8243; header_font_size=\u00bb40px\u00bb global_colors_info=\u00bb{}\u00bb]<\/p>\n<h1 style=\"text-align: center;\">Cont\u00e1ctanos<\/h1>\n<p style=\"text-align: center;\">Queremos que tu camino hacia el bienestar sea sencillo y especial<\/p>\n<p>[\/et_pb_text][\/et_pb_column][\/et_pb_row][et_pb_row _builder_version=\u00bb4.21.0&#8243; _module_preset=\u00bbdefault\u00bb column_structure=\u00bb1_4,1_4,1_4,1_4&#8243;][et_pb_column _builder_version=\u00bb4.21.0&#8243; _module_preset=\u00bbdefault\u00bb type=\u00bb1_4&#8243;][et_pb_text _builder_version=\u00bb4.21.0&#8243; _module_preset=\u00bbdefault\u00bb text_font=\u00bbNunito|700|||||||\u00bb text_text_color=\u00bb#000000&#8243; text_orientation=\u00bbcenter\u00bb link_option_url=\u00bbhttps:\/\/maps.app.goo.gl\/Q7FXJNAzYjaQGpHy7&#8243; global_colors_info=\u00bb{}\u00bb text_text_color__hover_enabled=\u00bbon|hover\u00bb text_text_color__hover=\u00bb#0C71C3&#8243;]<\/p>\n<p><span>\ud83d\udccd<\/span><span> C. Medina Azahara, 3, 29631 Benalm\u00e1dena, M\u00e1laga\u00a0<\/span><\/p>\n<p>[\/et_pb_text][\/et_pb_column][et_pb_column _builder_version=\u00bb4.21.0&#8243; _module_preset=\u00bbdefault\u00bb type=\u00bb1_4&#8243;][et_pb_text _builder_version=\u00bb4.21.0&#8243; _module_preset=\u00bbdefault\u00bb text_font=\u00bbNunito|700|||||||\u00bb text_text_color=\u00bb#000000&#8243; text_orientation=\u00bbcenter\u00bb custom_padding=\u00bb10px||10px||true|false\u00bb link_option_url=\u00bbtel:+\u202a34645064904\u202c\u00bb hover_enabled=\u00bb0&#8243; global_colors_info=\u00bb{}\u00bb text_text_color__hover_enabled=\u00bbon|hover\u00bb text_text_color__hover=\u00bb#0C71C3&#8243; sticky_enabled=\u00bb0&#8243;]<\/p>\n<p>Tel\u00e9fono: \u202a+34\u00a0645\u00a006\u00a049\u00a004\u202c<\/p>\n<p>[\/et_pb_text][\/et_pb_column][et_pb_column _builder_version=\u00bb4.21.0&#8243; _module_preset=\u00bbdefault\u00bb type=\u00bb1_4&#8243;][et_pb_text _builder_version=\u00bb4.21.0&#8243; _module_preset=\u00bbdefault\u00bb text_font=\u00bbNunito|700|||||||\u00bb text_text_color=\u00bb#000000&#8243; link_font=\u00bbNunito|700|||||||\u00bb link_text_color=\u00bb#000000&#8243; text_orientation=\u00bbcenter\u00bb custom_padding=\u00bb10px||10px||true|false\u00bb link_option_url=\u00bbtel:+34651026700&#8243; hover_enabled=\u00bb0&#8243; global_colors_info=\u00bb{}\u00bb text_text_color__hover_enabled=\u00bbon|hover\u00bb text_text_color__hover=\u00bb#0C71C3&#8243; sticky_enabled=\u00bb0&#8243;]<\/p>\n<p>Mail: <a href=\"mailto:servicio@ritualsbyglow.com\"><span style=\"font-weight: 400;\">servicio@ritualsbyglow.com<\/span><\/a><\/p>\n<p>[\/et_pb_text][\/et_pb_column][et_pb_column _builder_version=\u00bb4.21.0&#8243; _module_preset=\u00bbdefault\u00bb type=\u00bb1_4&#8243;][et_pb_button button_url=\u00bbhttps:\/\/api.whatsapp.com\/send?phone=34645064904&#038;text=Hola+Rituals+Head+Spa+by+Glow%2C+necesito+m%C3%A1s+informaci%C3%B3n+sobre+sus+servicios\u00bb url_new_window=\u00bbon\u00bb button_text=\u00bbWhatsApp\u00bb button_alignment=\u00bbcenter\u00bb _builder_version=\u00bb4.21.0&#8243; _module_preset=\u00bbdefault\u00bb custom_button=\u00bbon\u00bb button_text_color=\u00bb#FFFFFF\u00bb button_bg_color=\u00bb#2cd46b\u00bb button_border_width=\u00bb0px\u00bb button_border_radius=\u00bb7px\u00bb button_font=\u00bbNunito||||||||\u00bb custom_padding=\u00bb20px|60px|20px|60px|true|true\u00bb box_shadow_style=\u00bbpreset1&#8243; global_colors_info=\u00bb{}\u00bb button_bg_color__hover_enabled=\u00bbon|hover\u00bb button_bg_color__hover=\u00bb#2CD46B\u00bb button_bg_enable_color__hover=\u00bbon\u00bb][\/et_pb_button][\/et_pb_column][\/et_pb_row][\/et_pb_section][et_pb_section fb_built=\u00bb1&#8243; theme_builder_area=\u00bbpost_content\u00bb _builder_version=\u00bb4.21.0&#8243; _module_preset=\u00bbdefault\u00bb custom_padding=\u00bb13px|||||\u00bb][et_pb_row _builder_version=\u00bb4.21.0&#8243; _module_preset=\u00bbdefault\u00bb column_structure=\u00bb1_2,1_2&#8243; theme_builder_area=\u00bbpost_content\u00bb][et_pb_column _builder_version=\u00bb4.21.0&#8243; _module_preset=\u00bbdefault\u00bb type=\u00bb1_2&#8243; theme_builder_area=\u00bbpost_content\u00bb][et_pb_code disabled_on=\u00bboff|off|off\u00bb _builder_version=\u00bb4.21.0&#8243; _module_preset=\u00bbdefault\u00bb module_alignment=\u00bbleft\u00bb hover_enabled=\u00bb0&#8243; global_colors_info=\u00bb{}\u00bb sticky_enabled=\u00bb0&#8243; theme_builder_area=\u00bbpost_content\u00bb]<iframe src=\"https:\/\/www.google.com\/maps\/embed?pb=!1m18!1m12!1m3!1d3203.0507487887776!2d-4.533534224498132!3d36.60108677230458!2m3!1f0!2f0!3f0!3m2!1i1024!2i768!4f13.1!3m3!1m2!1s0xd72fd001efdb11b%3A0x88f83c64d2a41c82!2sRituals%20Head%20Spa%20by%20Glow!5e0!3m2!1ses-419!2ses!4v1761045587629!5m2!1ses-419!2ses\" width=\"100%\" height=\"450\" style=\"border:0;\" allowfullscreen=\"\" loading=\"lazy\" referrerpolicy=\"no-referrer-when-downgrade\"><\/iframe>[\/et_pb_code][\/et_pb_column][et_pb_column _builder_version=\u00bb4.21.0&#8243; _module_preset=\u00bbdefault\u00bb type=\u00bb1_2&#8243; theme_builder_area=\u00bbpost_content\u00bb][et_pb_text _builder_version=\u00bb4.21.0&#8243; _module_preset=\u00bbdefault\u00bb header_font=\u00bbInter|700|||||||\u00bb custom_margin=\u00bb||8px|||\u00bb hover_enabled=\u00bb0&#8243; global_colors_info=\u00bb{}\u00bb custom_margin_last_edited=\u00bbon|phone\u00bb custom_margin_phone=\u00bb|20px|8px|20px|false|true\u00bb sticky_enabled=\u00bb0&#8243; theme_builder_area=\u00bbpost_content\u00bb custom_margin_tablet=\u00bb||8px|||\u00bb]<\/p>\n<h1>Rituals Head Spa by Glow<\/h1>\n<p>[\/et_pb_text][et_pb_text _builder_version=\u00bb4.21.0&#8243; _module_preset=\u00bbdefault\u00bb header_2_font=\u00bbInter|300|||||||\u00bb header_2_font_size=\u00bb23px\u00bb custom_margin=\u00bb||11px|||\u00bb hover_enabled=\u00bb0&#8243; global_colors_info=\u00bb{}\u00bb custom_margin_last_edited=\u00bbon|phone\u00bb custom_margin_phone=\u00bb|20px|11px|20px|false|true\u00bb sticky_enabled=\u00bb0&#8243; theme_builder_area=\u00bbpost_content\u00bb custom_margin_tablet=\u00bb||11px|||\u00bb]<\/p>\n<h2>Una marca de World Beauty Corporation.<\/h2>\n<p>[\/et_pb_text][et_pb_text _builder_version=\u00bb4.21.0&#8243; _module_preset=\u00bbdefault\u00bb hover_enabled=\u00bb0&#8243; global_colors_info=\u00bb{}\u00bb custom_margin_last_edited=\u00bbon|phone\u00bb custom_margin_phone=\u00bb|10px||10px|false|true\u00bb sticky_enabled=\u00bb0&#8243; theme_builder_area=\u00bbpost_content\u00bb]<\/p>\n<p>Benalm\u00e1dena, Fuengirola, M\u00e1laga, Marbella.<\/p>\n<p data-start=\"212\" data-end=\"384\">Queremos que <strong data-start=\"225\" data-end=\"244\">Rituals Head Spa by Glow<\/strong> est\u00e9 presente en cada rinc\u00f3n del mundo, ofreciendo un espacio donde cualquier persona pueda ser aut\u00e9ntica y sentirse mejor consigo misma.<\/p>\n<p data-start=\"386\" data-end=\"657\">Un lugar donde encontrar los mejores tratamientos y tecnolog\u00edas, pero tambi\u00e9n un punto de encuentro para conectar y compartir experiencias. Queremos marcar tendencia, traer especialistas que compartan sus conocimientos de bienestar y desarrollar propuestas innovadoras.<\/p>\n<p data-start=\"659\" data-end=\"827\">Nuestro prop\u00f3sito es que <strong data-start=\"684\" data-end=\"703\">Rituals Head Spa by Glow<\/strong> sea el primer pensamiento de quien busque desconectarse de la rutina y disfrutar de un momento \u00fanico de cuidado personal.<\/p>\n<p>[\/et_pb_text][\/et_pb_column][\/et_pb_row][\/et_pb_section][et_pb_section fb_built=\u00bb1&#8243; _builder_version=\u00bb4.21.0&#8243; _module_preset=\u00bbdefault\u00bb background_color=\u00bb#efefef\u00bb custom_padding=\u00bb0px||0px|||\u00bb global_colors_info=\u00bb{}\u00bb][et_pb_row column_structure=\u00bb1_3,1_3,1_3&#8243; _builder_version=\u00bb4.21.0&#8243; _module_preset=\u00bbdefault\u00bb global_colors_info=\u00bb{}\u00bb][et_pb_column type=\u00bb1_3&#8243; _builder_version=\u00bb4.21.0&#8243; _module_preset=\u00bbdefault\u00bb global_colors_info=\u00bb{}\u00bb][et_pb_circle_counter title=\u00bbFundaci\u00f3n\u00bb number=\u00bb2020&#8243; percent_sign=\u00bboff\u00bb bar_bg_color=\u00bb#FFFFFF\u00bb circle_color=\u00bb#f2b9c4&#8243; _builder_version=\u00bb4.21.0&#8243; _module_preset=\u00bbdefault\u00bb title_font=\u00bbInter||||||||\u00bb number_font=\u00bbInter|700|||||||\u00bb number_font_size=\u00bb38px\u00bb width=\u00bb44%\u00bb global_colors_info=\u00bb{}\u00bb][\/et_pb_circle_counter][\/et_pb_column][et_pb_column type=\u00bb1_3&#8243; _builder_version=\u00bb4.21.0&#8243; _module_preset=\u00bbdefault\u00bb global_colors_info=\u00bb{}\u00bb][et_pb_circle_counter title=\u00bbProfesionales\u00bb number=\u00bb+32&#8243; percent_sign=\u00bboff\u00bb bar_bg_color=\u00bb#FFFFFF\u00bb circle_color=\u00bb#f2b9c4&#8243; _builder_version=\u00bb4.21.0&#8243; _module_preset=\u00bbdefault\u00bb title_font=\u00bbInter||||||||\u00bb number_font=\u00bbInter|700|||||||\u00bb number_font_size=\u00bb38px\u00bb width=\u00bb44%\u00bb global_colors_info=\u00bb{}\u00bb][\/et_pb_circle_counter][\/et_pb_column][et_pb_column type=\u00bb1_3&#8243; _builder_version=\u00bb4.21.0&#8243; _module_preset=\u00bbdefault\u00bb global_colors_info=\u00bb{}\u00bb][et_pb_circle_counter title=\u00bbSedes\u00bb number=\u00bb+5&#8243; percent_sign=\u00bboff\u00bb bar_bg_color=\u00bb#FFFFFF\u00bb circle_color=\u00bb#f2b9c4&#8243; _builder_version=\u00bb4.21.0&#8243; _module_preset=\u00bbdefault\u00bb title_font=\u00bbInter||||||||\u00bb number_font=\u00bbInter|700|||||||\u00bb number_font_size=\u00bb38px\u00bb width=\u00bb44%\u00bb global_colors_info=\u00bb{}\u00bb][\/et_pb_circle_counter][\/et_pb_column][\/et_pb_row][\/et_pb_section][et_pb_section fb_built=\u00bb1&#8243; _builder_version=\u00bb4.21.0&#8243; _module_preset=\u00bbdefault\u00bb custom_padding=\u00bb||45px|||\u00bb global_colors_info=\u00bb{}\u00bb][et_pb_row column_structure=\u00bb1_2,1_2&#8243; _builder_version=\u00bb4.21.0&#8243; _module_preset=\u00bbdefault\u00bb global_colors_info=\u00bb{}\u00bb][et_pb_column type=\u00bb1_2&#8243; _builder_version=\u00bb4.21.0&#8243; _module_preset=\u00bbdefault\u00bb global_colors_info=\u00bb{}\u00bb][et_pb_text _builder_version=\u00bb4.21.0&#8243; _module_preset=\u00bbdefault\u00bb header_font=\u00bbInter|700|||||||\u00bb custom_margin=\u00bb||8px|||\u00bb global_colors_info=\u00bb{}\u00bb]<\/p>\n<h1>Nuestra Visi\u00f3n<\/h1>\n<p>[\/et_pb_text][et_pb_text _builder_version=\u00bb4.21.0&#8243; _module_preset=\u00bbdefault\u00bb header_2_font=\u00bbInter|300|||||||\u00bb header_2_font_size=\u00bb23px\u00bb global_colors_info=\u00bb{}\u00bb]<\/p>\n<h2>Solo queremos tu sonrisa.<\/h2>\n<p>[\/et_pb_text][et_pb_text _builder_version=\u00bb4.21.0&#8243; _module_preset=\u00bbdefault\u00bb text_font=\u00bbInter|300|||||||\u00bb text_font_size=\u00bb16px\u00bb custom_padding=\u00bb||0px|||\u00bb global_colors_info=\u00bb{}\u00bb]<\/p>\n<p>Brindar a cada persona un espacio exclusivo para realzar su bienestar y cuidado personal, combinando tratamientos innovadores, tecnolog\u00eda de vanguardia y un ambiente acogedor. Nos enfocamos en marcar tendencia, capacitar a nuestro equipo con especialistas y desarrollar propuestas de alta calidad, para ofrecer una experiencia \u00fanica en cada visita.<\/p>\n<p>[\/et_pb_text][\/et_pb_column][et_pb_column type=\u00bb1_2&#8243; _builder_version=\u00bb4.21.0&#8243; _module_preset=\u00bbdefault\u00bb global_colors_info=\u00bb{}\u00bb][\/et_pb_column][\/et_pb_row][\/et_pb_section]<\/p>\n","protected":false},"excerpt":{"rendered":"<p>Cont\u00e1ctanos Queremos que tu camino hacia el bienestar sea sencillo y especial\ud83d\udccd C. Medina Azahara, 3, 29631 Benalm\u00e1dena, M\u00e1laga\u00a0Tel\u00e9fono: \u202a+34\u00a0645\u00a006\u00a049\u00a004\u202cMail: servicio@ritualsbyglow.comRituals Head Spa by GlowUna marca de World Beauty Corporation.Benalm\u00e1dena, Fuengirola, M\u00e1laga, Marbella. Queremos que Rituals Head Spa by Glow est\u00e9 presente en cada rinc\u00f3n del mundo, ofreciendo un espacio donde cualquier persona pueda ser [&hellip;]<\/p>\n","protected":false},"author":1,"featured_media":0,"parent":0,"menu_order":0,"comment_status":"closed","ping_status":"closed","template":"","meta":{"_et_pb_use_builder":"on","_et_pb_old_content":"","_et_gb_content_width":"","footnotes":""},"class_list":["post-43","page","type-page","status-publish","hentry"],"yoast_head":"<!-- This site is optimized with the Yoast SEO plugin v27.3 - https:\/\/yoast.com\/product\/yoast-seo-wordpress\/ -->\n<title>Nosotros - Rituals by Glow<\/title>\n<meta name=\"robots\" content=\"index, follow, max-snippet:-1, max-image-preview:large, max-video-preview:-1\" \/>\n<link rel=\"canonical\" href=\"https:\/\/ritualsbyglow.com\/en\/nosotros\/\" \/>\n<meta property=\"og:locale\" content=\"en_GB\" \/>\n<meta property=\"og:type\" content=\"article\" \/>\n<meta property=\"og:title\" content=\"Nosotros - Rituals by Glow\" \/>\n<meta property=\"og:description\" content=\"Cont\u00e1ctanos Queremos que tu camino hacia el bienestar sea sencillo y especial\ud83d\udccd C. Medina Azahara, 3, 29631 Benalm\u00e1dena, M\u00e1laga\u00a0Tel\u00e9fono: \u202a+34\u00a0645\u00a006\u00a049\u00a004\u202cMail: servicio@ritualsbyglow.comRituals Head Spa by GlowUna marca de World Beauty Corporation.Benalm\u00e1dena, Fuengirola, M\u00e1laga, Marbella. Queremos que Rituals Head Spa by Glow est\u00e9 presente en cada rinc\u00f3n del mundo, ofreciendo un espacio donde cualquier persona pueda ser [&hellip;]\" \/>\n<meta property=\"og:url\" content=\"https:\/\/ritualsbyglow.com\/en\/nosotros\/\" \/>\n<meta property=\"og:site_name\" content=\"Rituals by Glow\" \/>\n<meta property=\"article:modified_time\" content=\"2025-11-06T22:09:24+00:00\" \/>\n<meta name=\"twitter:card\" content=\"summary_large_image\" \/>\n<meta name=\"twitter:label1\" content=\"Est. reading time\" \/>\n\t<meta name=\"twitter:data1\" content=\"6 minutes\" \/>\n<script type=\"application\/ld+json\" class=\"yoast-schema-graph\">{\"@context\":\"https:\\\/\\\/schema.org\",\"@graph\":[{\"@type\":\"WebPage\",\"@id\":\"https:\\\/\\\/ritualsbyglow.com\\\/nosotros\\\/\",\"url\":\"https:\\\/\\\/ritualsbyglow.com\\\/nosotros\\\/\",\"name\":\"Nosotros - Rituals by Glow\",\"isPartOf\":{\"@id\":\"https:\\\/\\\/ritualsbyglow.com\\\/#website\"},\"datePublished\":\"2025-08-01T16:18:05+00:00\",\"dateModified\":\"2025-11-06T22:09:24+00:00\",\"breadcrumb\":{\"@id\":\"https:\\\/\\\/ritualsbyglow.com\\\/nosotros\\\/#breadcrumb\"},\"inLanguage\":\"en-GB\",\"potentialAction\":[{\"@type\":\"ReadAction\",\"target\":[\"https:\\\/\\\/ritualsbyglow.com\\\/nosotros\\\/\"]}]},{\"@type\":\"BreadcrumbList\",\"@id\":\"https:\\\/\\\/ritualsbyglow.com\\\/nosotros\\\/#breadcrumb\",\"itemListElement\":[{\"@type\":\"ListItem\",\"position\":1,\"name\":\"Portada\",\"item\":\"https:\\\/\\\/ritualsbyglow.com\\\/\"},{\"@type\":\"ListItem\",\"position\":2,\"name\":\"Nosotros\"}]},{\"@type\":\"WebSite\",\"@id\":\"https:\\\/\\\/ritualsbyglow.com\\\/#website\",\"url\":\"https:\\\/\\\/ritualsbyglow.com\\\/\",\"name\":\"Rituals by Glow\",\"description\":\"Japanese Head Spa y masajes relajantes en M\u00e1laga\",\"potentialAction\":[{\"@type\":\"SearchAction\",\"target\":{\"@type\":\"EntryPoint\",\"urlTemplate\":\"https:\\\/\\\/ritualsbyglow.com\\\/?s={search_term_string}\"},\"query-input\":{\"@type\":\"PropertyValueSpecification\",\"valueRequired\":true,\"valueName\":\"search_term_string\"}}],\"inLanguage\":\"en-GB\"}]}<\/script>\n<!-- \/ Yoast SEO plugin. -->","yoast_head_json":{"title":"Nosotros - Rituals by Glow","robots":{"index":"index","follow":"follow","max-snippet":"max-snippet:-1","max-image-preview":"max-image-preview:large","max-video-preview":"max-video-preview:-1"},"canonical":"https:\/\/ritualsbyglow.com\/en\/nosotros\/","og_locale":"en_GB","og_type":"article","og_title":"Nosotros - Rituals by Glow","og_description":"Cont\u00e1ctanos Queremos que tu camino hacia el bienestar sea sencillo y especial\ud83d\udccd C. Medina Azahara, 3, 29631 Benalm\u00e1dena, M\u00e1laga\u00a0Tel\u00e9fono: \u202a+34\u00a0645\u00a006\u00a049\u00a004\u202cMail: servicio@ritualsbyglow.comRituals Head Spa by GlowUna marca de World Beauty Corporation.Benalm\u00e1dena, Fuengirola, M\u00e1laga, Marbella. Queremos que Rituals Head Spa by Glow est\u00e9 presente en cada rinc\u00f3n del mundo, ofreciendo un espacio donde cualquier persona pueda ser [&hellip;]","og_url":"https:\/\/ritualsbyglow.com\/en\/nosotros\/","og_site_name":"Rituals by Glow","article_modified_time":"2025-11-06T22:09:24+00:00","twitter_card":"summary_large_image","twitter_misc":{"Est. reading time":"6 minutes"},"schema":{"@context":"https:\/\/schema.org","@graph":[{"@type":"WebPage","@id":"https:\/\/ritualsbyglow.com\/nosotros\/","url":"https:\/\/ritualsbyglow.com\/nosotros\/","name":"Nosotros - Rituals by Glow","isPartOf":{"@id":"https:\/\/ritualsbyglow.com\/#website"},"datePublished":"2025-08-01T16:18:05+00:00","dateModified":"2025-11-06T22:09:24+00:00","breadcrumb":{"@id":"https:\/\/ritualsbyglow.com\/nosotros\/#breadcrumb"},"inLanguage":"en-GB","potentialAction":[{"@type":"ReadAction","target":["https:\/\/ritualsbyglow.com\/nosotros\/"]}]},{"@type":"BreadcrumbList","@id":"https:\/\/ritualsbyglow.com\/nosotros\/#breadcrumb","itemListElement":[{"@type":"ListItem","position":1,"name":"Portada","item":"https:\/\/ritualsbyglow.com\/"},{"@type":"ListItem","position":2,"name":"Nosotros"}]},{"@type":"WebSite","@id":"https:\/\/ritualsbyglow.com\/#website","url":"https:\/\/ritualsbyglow.com\/","name":"Rituals by Glow","description":"Japanese Head Spa y masajes relajantes en M\u00e1laga","potentialAction":[{"@type":"SearchAction","target":{"@type":"EntryPoint","urlTemplate":"https:\/\/ritualsbyglow.com\/?s={search_term_string}"},"query-input":{"@type":"PropertyValueSpecification","valueRequired":true,"valueName":"search_term_string"}}],"inLanguage":"en-GB"}]}},"_hostinger_reach_plugin_has_subscription_block":false,"_hostinger_reach_plugin_is_elementor":false,"_links":{"self":[{"href":"https:\/\/ritualsbyglow.com\/en\/wp-json\/wp\/v2\/pages\/43","targetHints":{"allow":["GET"]}}],"collection":[{"href":"https:\/\/ritualsbyglow.com\/en\/wp-json\/wp\/v2\/pages"}],"about":[{"href":"https:\/\/ritualsbyglow.com\/en\/wp-json\/wp\/v2\/types\/page"}],"author":[{"embeddable":true,"href":"https:\/\/ritualsbyglow.com\/en\/wp-json\/wp\/v2\/users\/1"}],"replies":[{"embeddable":true,"href":"https:\/\/ritualsbyglow.com\/en\/wp-json\/wp\/v2\/comments?post=43"}],"version-history":[{"count":30,"href":"https:\/\/ritualsbyglow.com\/en\/wp-json\/wp\/v2\/pages\/43\/revisions"}],"predecessor-version":[{"id":27564953,"href":"https:\/\/ritualsbyglow.com\/en\/wp-json\/wp\/v2\/pages\/43\/revisions\/27564953"}],"wp:attachment":[{"href":"https:\/\/ritualsbyglow.com\/en\/wp-json\/wp\/v2\/media?parent=43"}],"curies":[{"name":"wp","href":"https:\/\/api.w.org\/{rel}","templated":true}]}}