{"id":27563790,"date":"2025-09-03T00:55:07","date_gmt":"2025-09-03T00:55:07","guid":{"rendered":"https:\/\/ritualsbyglow.com\/?post_type=product&#038;p=27563790"},"modified":"2025-12-01T09:03:40","modified_gmt":"2025-12-01T08:03:40","slug":"reset-head-spa-tarjeta-regalo","status":"publish","type":"product","link":"https:\/\/ritualsbyglow.com\/en\/product\/reset-head-spa-tarjeta-regalo\/","title":{"rendered":"Reset Head Spa Gift Card"},"content":{"rendered":"<p class=\"p1\"><b>Un ritual creado para quienes necesitan detenerse, soltar el peso del d\u00eda a d\u00eda y volver <\/b><b>a s\u00ed mismos.<\/b><\/p>\n<p class=\"p1\">Es una experiencia sensorial profunda, pensada para liberar tensiones, desconectar de las exigencias externas y reconectar con el cuerpo, la respiraci\u00f3n y el presente. Un tratamiento transformador, que combina la esencia del <i>Head Spa <\/i>con unamirada integral al bienestar f\u00edsico, mental y emocional.<\/p>\n<p class=\"p1\"><b>\u00bfQu\u00e9 incluye?<\/b><\/p>\n<ul>\n<li>Lavado purificador del cuero cabelludo con productos revitalizantes.<\/li>\n<li class=\"p1\">\u00a0Hidroterapia con chorros de agua templada que inducen una relajaci\u00f3n progresiva desde la ra\u00edz.<\/li>\n<li class=\"p1\">Masaje craneal con presiones r\u00edtmicas combinadas con <b>respiraci\u00f3n guiada<\/b>,propiciando un estado de equilibrio y calma profunda.<\/li>\n<li class=\"p1\"><b>Masaje facial relajante y reafirmante<\/b>, trabajando los m\u00fasculos faciales mediante t\u00e9cnicas de estiramiento para activar el riego sangu\u00edneo y devolver luz y elasticidad a la piel.<\/li>\n<li class=\"p1\">Aromaterapia personalizada con aceites esenciales adaptados a tu estado emocional.<\/li>\n<li class=\"p1\">Sonoterapia con cuenco tibetano y frecuencias suaves que acompa\u00f1an y expanden la experiencia.<\/li>\n<li>Finalizamos con un secado del cabello y una bebida a elecci\u00f3n para sellar esta vivencia \u00fanica en estado de calma total.<\/li>\n<\/ul>","protected":false},"excerpt":{"rendered":"<p>Un ritual creado para quienes necesitan detenerse, soltar el peso del d\u00eda a d\u00eda y volver a s\u00ed mismos. Es una experiencia sensorial profunda, pensada para liberar tensiones, desconectar de las exigencias externas y reconectar con el cuerpo, la respiraci\u00f3n y el presente. Un tratamiento transformador, que combina la esencia del Head Spa con unamirada [&hellip;]<\/p>\n","protected":false},"featured_media":27564494,"template":"","meta":{"_et_pb_use_builder":"off","_et_pb_old_content":"Un ritual creado para quienes necesitan detenerse, soltar el peso del d\u00eda a d\u00eda y volver a s\u00ed mismos. Glow Reset es una experiencia sensorial profunda, pensada para liberar tensiones, desconectar de las exigencias externas y reconectar con el cuerpo, la respiraci\u00f3n y el presente. Un tratamiento transformador, que combina la esencia del Head Spa con una mirada integral al bienestar f\u00edsico, mental y emocional.","_et_gb_content_width":""},"product_brand":[],"product_cat":[28],"product_tag":[],"class_list":{"0":"post-27563790","1":"product","2":"type-product","3":"status-publish","4":"has-post-thumbnail","6":"product_cat-wps_wgm_giftcard","8":"first","9":"instock","10":"shipping-taxable","11":"purchasable","12":"product-type-simple"},"yoast_head":"<!-- This site is optimized with the Yoast SEO plugin v27.3 - https:\/\/yoast.com\/product\/yoast-seo-wordpress\/ -->\n<title>Reset Head Spa Tarjeta Regalo - Rituals by Glow<\/title>\n<meta name=\"robots\" content=\"index, follow, max-snippet:-1, max-image-preview:large, max-video-preview:-1\" \/>\n<link rel=\"canonical\" href=\"https:\/\/ritualsbyglow.com\/en\/product\/reset-head-spa-tarjeta-regalo\/\" \/>\n<meta property=\"og:locale\" content=\"en_GB\" \/>\n<meta property=\"og:type\" content=\"article\" \/>\n<meta property=\"og:title\" content=\"Reset Head Spa Tarjeta Regalo - Rituals by Glow\" \/>\n<meta property=\"og:description\" content=\"Un ritual creado para quienes necesitan detenerse, soltar el peso del d\u00eda a d\u00eda y volver a s\u00ed mismos. Es una experiencia sensorial profunda, pensada para liberar tensiones, desconectar de las exigencias externas y reconectar con el cuerpo, la respiraci\u00f3n y el presente. Un tratamiento transformador, que combina la esencia del Head Spa con unamirada [&hellip;]\" \/>\n<meta property=\"og:url\" content=\"https:\/\/ritualsbyglow.com\/en\/product\/reset-head-spa-tarjeta-regalo\/\" \/>\n<meta property=\"og:site_name\" content=\"Rituals by Glow\" \/>\n<meta property=\"article:modified_time\" content=\"2025-12-01T08:03:40+00:00\" \/>\n<meta property=\"og:image\" content=\"https:\/\/ritualsbyglow.com\/wp-content\/uploads\/2025\/09\/supreme-head-spa-rituals-by-glow.jpeg\" \/>\n\t<meta property=\"og:image:width\" content=\"2048\" \/>\n\t<meta property=\"og:image:height\" content=\"1152\" \/>\n\t<meta property=\"og:image:type\" content=\"image\/jpeg\" \/>\n<meta name=\"twitter:card\" content=\"summary_large_image\" \/>\n<meta name=\"twitter:label1\" content=\"Est. reading time\" \/>\n\t<meta name=\"twitter:data1\" content=\"1 minute\" \/>\n<script type=\"application\/ld+json\" class=\"yoast-schema-graph\">{\"@context\":\"https:\\\/\\\/schema.org\",\"@graph\":[{\"@type\":\"WebPage\",\"@id\":\"https:\\\/\\\/ritualsbyglow.com\\\/producto\\\/reset-head-spa-tarjeta-regalo\\\/\",\"url\":\"https:\\\/\\\/ritualsbyglow.com\\\/producto\\\/reset-head-spa-tarjeta-regalo\\\/\",\"name\":\"Reset Head Spa Tarjeta Regalo - Rituals by Glow\",\"isPartOf\":{\"@id\":\"https:\\\/\\\/ritualsbyglow.com\\\/#website\"},\"primaryImageOfPage\":{\"@id\":\"https:\\\/\\\/ritualsbyglow.com\\\/producto\\\/reset-head-spa-tarjeta-regalo\\\/#primaryimage\"},\"image\":{\"@id\":\"https:\\\/\\\/ritualsbyglow.com\\\/producto\\\/reset-head-spa-tarjeta-regalo\\\/#primaryimage\"},\"thumbnailUrl\":\"https:\\\/\\\/ritualsbyglow.com\\\/wp-content\\\/uploads\\\/2025\\\/09\\\/supreme-head-spa-rituals-by-glow.jpeg\",\"datePublished\":\"2025-09-03T00:55:07+00:00\",\"dateModified\":\"2025-12-01T08:03:40+00:00\",\"breadcrumb\":{\"@id\":\"https:\\\/\\\/ritualsbyglow.com\\\/producto\\\/reset-head-spa-tarjeta-regalo\\\/#breadcrumb\"},\"inLanguage\":\"en-GB\",\"potentialAction\":[{\"@type\":\"ReadAction\",\"target\":[\"https:\\\/\\\/ritualsbyglow.com\\\/producto\\\/reset-head-spa-tarjeta-regalo\\\/\"]}]},{\"@type\":\"ImageObject\",\"inLanguage\":\"en-GB\",\"@id\":\"https:\\\/\\\/ritualsbyglow.com\\\/producto\\\/reset-head-spa-tarjeta-regalo\\\/#primaryimage\",\"url\":\"https:\\\/\\\/ritualsbyglow.com\\\/wp-content\\\/uploads\\\/2025\\\/09\\\/supreme-head-spa-rituals-by-glow.jpeg\",\"contentUrl\":\"https:\\\/\\\/ritualsbyglow.com\\\/wp-content\\\/uploads\\\/2025\\\/09\\\/supreme-head-spa-rituals-by-glow.jpeg\",\"width\":2048,\"height\":1152,\"caption\":\"Harmony Head Spa en Rituals by Glow para relajaci\u00f3n profunda y cuidado capilar\"},{\"@type\":\"BreadcrumbList\",\"@id\":\"https:\\\/\\\/ritualsbyglow.com\\\/producto\\\/reset-head-spa-tarjeta-regalo\\\/#breadcrumb\",\"itemListElement\":[{\"@type\":\"ListItem\",\"position\":1,\"name\":\"Portada\",\"item\":\"https:\\\/\\\/ritualsbyglow.com\\\/\"},{\"@type\":\"ListItem\",\"position\":2,\"name\":\"Tienda\",\"item\":\"https:\\\/\\\/ritualsbyglow.com\\\/tienda\\\/\"},{\"@type\":\"ListItem\",\"position\":3,\"name\":\"Reset Head Spa Tarjeta Regalo\"}]},{\"@type\":\"WebSite\",\"@id\":\"https:\\\/\\\/ritualsbyglow.com\\\/#website\",\"url\":\"https:\\\/\\\/ritualsbyglow.com\\\/\",\"name\":\"Rituals by Glow\",\"description\":\"Japanese Head Spa y masajes relajantes en M\u00e1laga\",\"potentialAction\":[{\"@type\":\"SearchAction\",\"target\":{\"@type\":\"EntryPoint\",\"urlTemplate\":\"https:\\\/\\\/ritualsbyglow.com\\\/?s={search_term_string}\"},\"query-input\":{\"@type\":\"PropertyValueSpecification\",\"valueRequired\":true,\"valueName\":\"search_term_string\"}}],\"inLanguage\":\"en-GB\"}]}<\/script>\n<!-- \/ Yoast SEO plugin. -->","yoast_head_json":{"title":"Reset Head Spa Tarjeta Regalo - Rituals by Glow","robots":{"index":"index","follow":"follow","max-snippet":"max-snippet:-1","max-image-preview":"max-image-preview:large","max-video-preview":"max-video-preview:-1"},"canonical":"https:\/\/ritualsbyglow.com\/en\/product\/reset-head-spa-tarjeta-regalo\/","og_locale":"en_GB","og_type":"article","og_title":"Reset Head Spa Tarjeta Regalo - Rituals by Glow","og_description":"Un ritual creado para quienes necesitan detenerse, soltar el peso del d\u00eda a d\u00eda y volver a s\u00ed mismos. Es una experiencia sensorial profunda, pensada para liberar tensiones, desconectar de las exigencias externas y reconectar con el cuerpo, la respiraci\u00f3n y el presente. Un tratamiento transformador, que combina la esencia del Head Spa con unamirada [&hellip;]","og_url":"https:\/\/ritualsbyglow.com\/en\/product\/reset-head-spa-tarjeta-regalo\/","og_site_name":"Rituals by Glow","article_modified_time":"2025-12-01T08:03:40+00:00","og_image":[{"width":2048,"height":1152,"url":"https:\/\/ritualsbyglow.com\/wp-content\/uploads\/2025\/09\/supreme-head-spa-rituals-by-glow.jpeg","type":"image\/jpeg"}],"twitter_card":"summary_large_image","twitter_misc":{"Est. reading time":"1 minute"},"schema":{"@context":"https:\/\/schema.org","@graph":[{"@type":"WebPage","@id":"https:\/\/ritualsbyglow.com\/producto\/reset-head-spa-tarjeta-regalo\/","url":"https:\/\/ritualsbyglow.com\/producto\/reset-head-spa-tarjeta-regalo\/","name":"Reset Head Spa Tarjeta Regalo - Rituals by Glow","isPartOf":{"@id":"https:\/\/ritualsbyglow.com\/#website"},"primaryImageOfPage":{"@id":"https:\/\/ritualsbyglow.com\/producto\/reset-head-spa-tarjeta-regalo\/#primaryimage"},"image":{"@id":"https:\/\/ritualsbyglow.com\/producto\/reset-head-spa-tarjeta-regalo\/#primaryimage"},"thumbnailUrl":"https:\/\/ritualsbyglow.com\/wp-content\/uploads\/2025\/09\/supreme-head-spa-rituals-by-glow.jpeg","datePublished":"2025-09-03T00:55:07+00:00","dateModified":"2025-12-01T08:03:40+00:00","breadcrumb":{"@id":"https:\/\/ritualsbyglow.com\/producto\/reset-head-spa-tarjeta-regalo\/#breadcrumb"},"inLanguage":"en-GB","potentialAction":[{"@type":"ReadAction","target":["https:\/\/ritualsbyglow.com\/producto\/reset-head-spa-tarjeta-regalo\/"]}]},{"@type":"ImageObject","inLanguage":"en-GB","@id":"https:\/\/ritualsbyglow.com\/producto\/reset-head-spa-tarjeta-regalo\/#primaryimage","url":"https:\/\/ritualsbyglow.com\/wp-content\/uploads\/2025\/09\/supreme-head-spa-rituals-by-glow.jpeg","contentUrl":"https:\/\/ritualsbyglow.com\/wp-content\/uploads\/2025\/09\/supreme-head-spa-rituals-by-glow.jpeg","width":2048,"height":1152,"caption":"Harmony Head Spa en Rituals by Glow para relajaci\u00f3n profunda y cuidado capilar"},{"@type":"BreadcrumbList","@id":"https:\/\/ritualsbyglow.com\/producto\/reset-head-spa-tarjeta-regalo\/#breadcrumb","itemListElement":[{"@type":"ListItem","position":1,"name":"Portada","item":"https:\/\/ritualsbyglow.com\/"},{"@type":"ListItem","position":2,"name":"Tienda","item":"https:\/\/ritualsbyglow.com\/tienda\/"},{"@type":"ListItem","position":3,"name":"Reset Head Spa Tarjeta Regalo"}]},{"@type":"WebSite","@id":"https:\/\/ritualsbyglow.com\/#website","url":"https:\/\/ritualsbyglow.com\/","name":"Rituals by Glow","description":"Japanese Head Spa y masajes relajantes en M\u00e1laga","potentialAction":[{"@type":"SearchAction","target":{"@type":"EntryPoint","urlTemplate":"https:\/\/ritualsbyglow.com\/?s={search_term_string}"},"query-input":{"@type":"PropertyValueSpecification","valueRequired":true,"valueName":"search_term_string"}}],"inLanguage":"en-GB"}]}},"_links":{"self":[{"href":"https:\/\/ritualsbyglow.com\/en\/wp-json\/wp\/v2\/product\/27563790","targetHints":{"allow":["GET"]}}],"collection":[{"href":"https:\/\/ritualsbyglow.com\/en\/wp-json\/wp\/v2\/product"}],"about":[{"href":"https:\/\/ritualsbyglow.com\/en\/wp-json\/wp\/v2\/types\/product"}],"wp:featuredmedia":[{"embeddable":true,"href":"https:\/\/ritualsbyglow.com\/en\/wp-json\/wp\/v2\/media\/27564494"}],"wp:attachment":[{"href":"https:\/\/ritualsbyglow.com\/en\/wp-json\/wp\/v2\/media?parent=27563790"}],"wp:term":[{"taxonomy":"product_brand","embeddable":true,"href":"https:\/\/ritualsbyglow.com\/en\/wp-json\/wp\/v2\/product_brand?post=27563790"},{"taxonomy":"product_cat","embeddable":true,"href":"https:\/\/ritualsbyglow.com\/en\/wp-json\/wp\/v2\/product_cat?post=27563790"},{"taxonomy":"product_tag","embeddable":true,"href":"https:\/\/ritualsbyglow.com\/en\/wp-json\/wp\/v2\/product_tag?post=27563790"}],"curies":[{"name":"wp","href":"https:\/\/api.w.org\/{rel}","templated":true}]}}