{"id":27564268,"date":"2025-09-24T16:57:28","date_gmt":"2025-09-24T16:57:28","guid":{"rendered":"https:\/\/ritualsbyglow.com\/?post_type=product&#038;p=27564268"},"modified":"2025-10-22T14:41:20","modified_gmt":"2025-10-22T14:41:20","slug":"reflexologia-podal-tarjeta-regalo","status":"publish","type":"product","link":"https:\/\/ritualsbyglow.com\/en\/product\/reflexologia-podal-tarjeta-regalo\/","title":{"rendered":"Reflexologia Podal Tarjeta Regalo"},"content":{"rendered":"<p class=\"p1\">\u2022 Terapia ancestral aplicada a los puntos reflejos de los pies.<\/p>\n<p class=\"p1\">\u2022 Presiones precisas para estimular \u00f3rganos vitales y liberar estr\u00e9s.<\/p>\n<p class=\"p1\">\u2022 Uso de aceites esenciales y ambiente sensorial.<\/p>\n<p class=\"p1\"><i>Ideal para estr\u00e9s cr\u00f3nico, insomnio, dolores digestivos o quienes buscan un equilibrio profundo.<\/i><\/p>","protected":false},"excerpt":{"rendered":"<p>\u2022 Terapia ancestral aplicada a los puntos reflejos de los pies. \u2022 Presiones precisas para estimular \u00f3rganos vitales y liberar estr\u00e9s. \u2022 Uso de aceites esenciales y ambiente sensorial. Ideal para estr\u00e9s cr\u00f3nico, insomnio, dolores digestivos o quienes buscan un equilibrio profundo.<\/p>","protected":false},"featured_media":27564827,"template":"","meta":{"_et_pb_use_builder":"off","_et_pb_old_content":"Un ritual creado para quienes necesitan detenerse, soltar el peso del d\u00eda a d\u00eda y volver a s\u00ed mismos. Glow Reset es una experiencia sensorial profunda, pensada para liberar tensiones, desconectar de las exigencias externas y reconectar con el cuerpo, la respiraci\u00f3n y el presente. Un tratamiento transformador, que combina la esencia del Head Spa con una mirada integral al bienestar f\u00edsico, mental y emocional.","_et_gb_content_width":""},"product_brand":[],"product_cat":[28],"product_tag":[],"class_list":{"0":"post-27564268","1":"product","2":"type-product","3":"status-publish","4":"has-post-thumbnail","6":"product_cat-wps_wgm_giftcard","8":"first","9":"instock","10":"shipping-taxable","11":"purchasable","12":"product-type-simple"},"yoast_head":"<!-- This site is optimized with the Yoast SEO plugin v27.3 - https:\/\/yoast.com\/product\/yoast-seo-wordpress\/ -->\n<title>Reflexologia Podal Tarjeta Regalo - Rituals by Glow<\/title>\n<meta name=\"robots\" content=\"index, follow, max-snippet:-1, max-image-preview:large, max-video-preview:-1\" \/>\n<link rel=\"canonical\" href=\"https:\/\/ritualsbyglow.com\/en\/product\/reflexologia-podal-tarjeta-regalo\/\" \/>\n<meta property=\"og:locale\" content=\"en_GB\" \/>\n<meta property=\"og:type\" content=\"article\" \/>\n<meta property=\"og:title\" content=\"Reflexologia Podal Tarjeta Regalo - Rituals by Glow\" \/>\n<meta property=\"og:description\" content=\"\u2022 Terapia ancestral aplicada a los puntos reflejos de los pies. \u2022 Presiones precisas para estimular \u00f3rganos vitales y liberar estr\u00e9s. \u2022 Uso de aceites esenciales y ambiente sensorial. Ideal para estr\u00e9s cr\u00f3nico, insomnio, dolores digestivos o quienes buscan un equilibrio profundo.\" \/>\n<meta property=\"og:url\" content=\"https:\/\/ritualsbyglow.com\/en\/product\/reflexologia-podal-tarjeta-regalo\/\" \/>\n<meta property=\"og:site_name\" content=\"Rituals by Glow\" \/>\n<meta property=\"article:modified_time\" content=\"2025-10-22T14:41:20+00:00\" \/>\n<meta property=\"og:image\" content=\"https:\/\/ritualsbyglow.com\/wp-content\/uploads\/2025\/10\/reflexologia-podal-glow-rituals.jpg\" \/>\n\t<meta property=\"og:image:width\" content=\"800\" \/>\n\t<meta property=\"og:image:height\" content=\"533\" \/>\n\t<meta property=\"og:image:type\" content=\"image\/jpeg\" \/>\n<meta name=\"twitter:card\" content=\"summary_large_image\" \/>\n<script type=\"application\/ld+json\" class=\"yoast-schema-graph\">{\"@context\":\"https:\\\/\\\/schema.org\",\"@graph\":[{\"@type\":\"WebPage\",\"@id\":\"https:\\\/\\\/ritualsbyglow.com\\\/producto\\\/reflexologia-podal-tarjeta-regalo\\\/\",\"url\":\"https:\\\/\\\/ritualsbyglow.com\\\/producto\\\/reflexologia-podal-tarjeta-regalo\\\/\",\"name\":\"Reflexologia Podal Tarjeta Regalo - Rituals by Glow\",\"isPartOf\":{\"@id\":\"https:\\\/\\\/ritualsbyglow.com\\\/#website\"},\"primaryImageOfPage\":{\"@id\":\"https:\\\/\\\/ritualsbyglow.com\\\/producto\\\/reflexologia-podal-tarjeta-regalo\\\/#primaryimage\"},\"image\":{\"@id\":\"https:\\\/\\\/ritualsbyglow.com\\\/producto\\\/reflexologia-podal-tarjeta-regalo\\\/#primaryimage\"},\"thumbnailUrl\":\"https:\\\/\\\/ritualsbyglow.com\\\/wp-content\\\/uploads\\\/2025\\\/10\\\/reflexologia-podal-glow-rituals.jpg\",\"datePublished\":\"2025-09-24T16:57:28+00:00\",\"dateModified\":\"2025-10-22T14:41:20+00:00\",\"breadcrumb\":{\"@id\":\"https:\\\/\\\/ritualsbyglow.com\\\/producto\\\/reflexologia-podal-tarjeta-regalo\\\/#breadcrumb\"},\"inLanguage\":\"en-GB\",\"potentialAction\":[{\"@type\":\"ReadAction\",\"target\":[\"https:\\\/\\\/ritualsbyglow.com\\\/producto\\\/reflexologia-podal-tarjeta-regalo\\\/\"]}]},{\"@type\":\"ImageObject\",\"inLanguage\":\"en-GB\",\"@id\":\"https:\\\/\\\/ritualsbyglow.com\\\/producto\\\/reflexologia-podal-tarjeta-regalo\\\/#primaryimage\",\"url\":\"https:\\\/\\\/ritualsbyglow.com\\\/wp-content\\\/uploads\\\/2025\\\/10\\\/reflexologia-podal-glow-rituals.jpg\",\"contentUrl\":\"https:\\\/\\\/ritualsbyglow.com\\\/wp-content\\\/uploads\\\/2025\\\/10\\\/reflexologia-podal-glow-rituals.jpg\",\"width\":800,\"height\":533},{\"@type\":\"BreadcrumbList\",\"@id\":\"https:\\\/\\\/ritualsbyglow.com\\\/producto\\\/reflexologia-podal-tarjeta-regalo\\\/#breadcrumb\",\"itemListElement\":[{\"@type\":\"ListItem\",\"position\":1,\"name\":\"Portada\",\"item\":\"https:\\\/\\\/ritualsbyglow.com\\\/\"},{\"@type\":\"ListItem\",\"position\":2,\"name\":\"Tienda\",\"item\":\"https:\\\/\\\/ritualsbyglow.com\\\/tienda\\\/\"},{\"@type\":\"ListItem\",\"position\":3,\"name\":\"Reflexologia Podal Tarjeta Regalo\"}]},{\"@type\":\"WebSite\",\"@id\":\"https:\\\/\\\/ritualsbyglow.com\\\/#website\",\"url\":\"https:\\\/\\\/ritualsbyglow.com\\\/\",\"name\":\"Rituals by Glow\",\"description\":\"Japanese Head Spa y masajes relajantes en M\u00e1laga\",\"potentialAction\":[{\"@type\":\"SearchAction\",\"target\":{\"@type\":\"EntryPoint\",\"urlTemplate\":\"https:\\\/\\\/ritualsbyglow.com\\\/?s={search_term_string}\"},\"query-input\":{\"@type\":\"PropertyValueSpecification\",\"valueRequired\":true,\"valueName\":\"search_term_string\"}}],\"inLanguage\":\"en-GB\"}]}<\/script>\n<!-- \/ Yoast SEO plugin. -->","yoast_head_json":{"title":"Reflexologia Podal Tarjeta Regalo - Rituals by Glow","robots":{"index":"index","follow":"follow","max-snippet":"max-snippet:-1","max-image-preview":"max-image-preview:large","max-video-preview":"max-video-preview:-1"},"canonical":"https:\/\/ritualsbyglow.com\/en\/product\/reflexologia-podal-tarjeta-regalo\/","og_locale":"en_GB","og_type":"article","og_title":"Reflexologia Podal Tarjeta Regalo - Rituals by Glow","og_description":"\u2022 Terapia ancestral aplicada a los puntos reflejos de los pies. \u2022 Presiones precisas para estimular \u00f3rganos vitales y liberar estr\u00e9s. \u2022 Uso de aceites esenciales y ambiente sensorial. Ideal para estr\u00e9s cr\u00f3nico, insomnio, dolores digestivos o quienes buscan un equilibrio profundo.","og_url":"https:\/\/ritualsbyglow.com\/en\/product\/reflexologia-podal-tarjeta-regalo\/","og_site_name":"Rituals by Glow","article_modified_time":"2025-10-22T14:41:20+00:00","og_image":[{"width":800,"height":533,"url":"https:\/\/ritualsbyglow.com\/wp-content\/uploads\/2025\/10\/reflexologia-podal-glow-rituals.jpg","type":"image\/jpeg"}],"twitter_card":"summary_large_image","schema":{"@context":"https:\/\/schema.org","@graph":[{"@type":"WebPage","@id":"https:\/\/ritualsbyglow.com\/producto\/reflexologia-podal-tarjeta-regalo\/","url":"https:\/\/ritualsbyglow.com\/producto\/reflexologia-podal-tarjeta-regalo\/","name":"Reflexologia Podal Tarjeta Regalo - Rituals by Glow","isPartOf":{"@id":"https:\/\/ritualsbyglow.com\/#website"},"primaryImageOfPage":{"@id":"https:\/\/ritualsbyglow.com\/producto\/reflexologia-podal-tarjeta-regalo\/#primaryimage"},"image":{"@id":"https:\/\/ritualsbyglow.com\/producto\/reflexologia-podal-tarjeta-regalo\/#primaryimage"},"thumbnailUrl":"https:\/\/ritualsbyglow.com\/wp-content\/uploads\/2025\/10\/reflexologia-podal-glow-rituals.jpg","datePublished":"2025-09-24T16:57:28+00:00","dateModified":"2025-10-22T14:41:20+00:00","breadcrumb":{"@id":"https:\/\/ritualsbyglow.com\/producto\/reflexologia-podal-tarjeta-regalo\/#breadcrumb"},"inLanguage":"en-GB","potentialAction":[{"@type":"ReadAction","target":["https:\/\/ritualsbyglow.com\/producto\/reflexologia-podal-tarjeta-regalo\/"]}]},{"@type":"ImageObject","inLanguage":"en-GB","@id":"https:\/\/ritualsbyglow.com\/producto\/reflexologia-podal-tarjeta-regalo\/#primaryimage","url":"https:\/\/ritualsbyglow.com\/wp-content\/uploads\/2025\/10\/reflexologia-podal-glow-rituals.jpg","contentUrl":"https:\/\/ritualsbyglow.com\/wp-content\/uploads\/2025\/10\/reflexologia-podal-glow-rituals.jpg","width":800,"height":533},{"@type":"BreadcrumbList","@id":"https:\/\/ritualsbyglow.com\/producto\/reflexologia-podal-tarjeta-regalo\/#breadcrumb","itemListElement":[{"@type":"ListItem","position":1,"name":"Portada","item":"https:\/\/ritualsbyglow.com\/"},{"@type":"ListItem","position":2,"name":"Tienda","item":"https:\/\/ritualsbyglow.com\/tienda\/"},{"@type":"ListItem","position":3,"name":"Reflexologia Podal Tarjeta Regalo"}]},{"@type":"WebSite","@id":"https:\/\/ritualsbyglow.com\/#website","url":"https:\/\/ritualsbyglow.com\/","name":"Rituals by Glow","description":"Japanese Head Spa y masajes relajantes en M\u00e1laga","potentialAction":[{"@type":"SearchAction","target":{"@type":"EntryPoint","urlTemplate":"https:\/\/ritualsbyglow.com\/?s={search_term_string}"},"query-input":{"@type":"PropertyValueSpecification","valueRequired":true,"valueName":"search_term_string"}}],"inLanguage":"en-GB"}]}},"_links":{"self":[{"href":"https:\/\/ritualsbyglow.com\/en\/wp-json\/wp\/v2\/product\/27564268","targetHints":{"allow":["GET"]}}],"collection":[{"href":"https:\/\/ritualsbyglow.com\/en\/wp-json\/wp\/v2\/product"}],"about":[{"href":"https:\/\/ritualsbyglow.com\/en\/wp-json\/wp\/v2\/types\/product"}],"wp:featuredmedia":[{"embeddable":true,"href":"https:\/\/ritualsbyglow.com\/en\/wp-json\/wp\/v2\/media\/27564827"}],"wp:attachment":[{"href":"https:\/\/ritualsbyglow.com\/en\/wp-json\/wp\/v2\/media?parent=27564268"}],"wp:term":[{"taxonomy":"product_brand","embeddable":true,"href":"https:\/\/ritualsbyglow.com\/en\/wp-json\/wp\/v2\/product_brand?post=27564268"},{"taxonomy":"product_cat","embeddable":true,"href":"https:\/\/ritualsbyglow.com\/en\/wp-json\/wp\/v2\/product_cat?post=27564268"},{"taxonomy":"product_tag","embeddable":true,"href":"https:\/\/ritualsbyglow.com\/en\/wp-json\/wp\/v2\/product_tag?post=27564268"}],"curies":[{"name":"wp","href":"https:\/\/api.w.org\/{rel}","templated":true}]}}