{"id":27564293,"date":"2025-09-24T17:04:47","date_gmt":"2025-09-24T17:04:47","guid":{"rendered":"https:\/\/ritualsbyglow.com\/?post_type=product&#038;p=27564293"},"modified":"2026-02-22T10:00:52","modified_gmt":"2026-02-22T09:00:52","slug":"eternals-tarjeta-regalo","status":"publish","type":"product","link":"https:\/\/ritualsbyglow.com\/en\/product\/eternals-tarjeta-regalo\/","title":{"rendered":"Eternals Tarjeta Regalo"},"content":{"rendered":"<ul>\n<li class=\"p1\">Limpieza facial con leche limpiadora y t\u00f3nico.<\/li>\n<li class=\"p1\">Exfoliaci\u00f3n suave.<\/li>\n<li class=\"p1\">Masaje lifting japon\u00e9s reafirmante y drenante.<\/li>\n<li class=\"p1\">Mascarilla con activos antiedad y \u00e1cido hialur\u00f3nico.<\/li>\n<li class=\"p1\">Sonoterapia facial sutil.<\/li>\n<li class=\"p1\">Hidrataci\u00f3n final con crema reafirmante y elixir regenerador.<\/li>\n<\/ul>\n<p class=\"p1\"><i>Indicado para quienes buscan un tratamiento antiedad efectivo, nutritivo y con efecto lifting <\/i><i>natural.<\/i><\/p>","protected":false},"excerpt":{"rendered":"<p>Limpieza facial con leche limpiadora y t\u00f3nico. Exfoliaci\u00f3n suave. Masaje lifting japon\u00e9s reafirmante y drenante. Mascarilla con activos antiedad y \u00e1cido hialur\u00f3nico. Sonoterapia facial sutil. Hidrataci\u00f3n final con crema reafirmante y elixir regenerador. Indicado para quienes buscan un tratamiento antiedad efectivo, nutritivo y con efecto lifting natural.<\/p>","protected":false},"featured_media":27564518,"template":"","meta":{"_et_pb_use_builder":"off","_et_pb_old_content":"Un ritual creado para quienes necesitan detenerse, soltar el peso del d\u00eda a d\u00eda y volver a s\u00ed mismos. Glow Reset es una experiencia sensorial profunda, pensada para liberar tensiones, desconectar de las exigencias externas y reconectar con el cuerpo, la respiraci\u00f3n y el presente. Un tratamiento transformador, que combina la esencia del Head Spa con una mirada integral al bienestar f\u00edsico, mental y emocional.","_et_gb_content_width":""},"product_brand":[],"product_cat":[28],"product_tag":[],"class_list":{"0":"post-27564293","1":"product","2":"type-product","3":"status-publish","4":"has-post-thumbnail","6":"product_cat-wps_wgm_giftcard","8":"first","9":"instock","10":"shipping-taxable","11":"purchasable","12":"product-type-simple"},"yoast_head":"<!-- This site is optimized with the Yoast SEO plugin v27.3 - https:\/\/yoast.com\/product\/yoast-seo-wordpress\/ -->\n<title>Eternals Tarjeta Regalo - Rituals by Glow<\/title>\n<meta name=\"robots\" content=\"index, follow, max-snippet:-1, max-image-preview:large, max-video-preview:-1\" \/>\n<link rel=\"canonical\" href=\"https:\/\/ritualsbyglow.com\/en\/product\/eternals-tarjeta-regalo\/\" \/>\n<meta property=\"og:locale\" content=\"en_GB\" \/>\n<meta property=\"og:type\" content=\"article\" \/>\n<meta property=\"og:title\" content=\"Eternals Tarjeta Regalo - Rituals by Glow\" \/>\n<meta property=\"og:description\" content=\"Limpieza facial con leche limpiadora y t\u00f3nico. Exfoliaci\u00f3n suave. Masaje lifting japon\u00e9s reafirmante y drenante. Mascarilla con activos antiedad y \u00e1cido hialur\u00f3nico. Sonoterapia facial sutil. Hidrataci\u00f3n final con crema reafirmante y elixir regenerador. Indicado para quienes buscan un tratamiento antiedad efectivo, nutritivo y con efecto lifting natural.\" \/>\n<meta property=\"og:url\" content=\"https:\/\/ritualsbyglow.com\/en\/product\/eternals-tarjeta-regalo\/\" \/>\n<meta property=\"og:site_name\" content=\"Rituals by Glow\" \/>\n<meta property=\"article:modified_time\" content=\"2026-02-22T09:00:52+00:00\" \/>\n<meta property=\"og:image\" content=\"https:\/\/ritualsbyglow.com\/wp-content\/uploads\/2025\/09\/tratamiento-facial-eternal-rituals-by-glow-scaled.jpg\" \/>\n\t<meta property=\"og:image:width\" content=\"2560\" \/>\n\t<meta property=\"og:image:height\" content=\"1709\" \/>\n\t<meta property=\"og:image:type\" content=\"image\/jpeg\" \/>\n<meta name=\"twitter:card\" content=\"summary_large_image\" \/>\n<meta name=\"twitter:label1\" content=\"Est. reading time\" \/>\n\t<meta name=\"twitter:data1\" content=\"1 minute\" \/>\n<script type=\"application\/ld+json\" class=\"yoast-schema-graph\">{\"@context\":\"https:\\\/\\\/schema.org\",\"@graph\":[{\"@type\":\"WebPage\",\"@id\":\"https:\\\/\\\/ritualsbyglow.com\\\/producto\\\/eternals-tarjeta-regalo\\\/\",\"url\":\"https:\\\/\\\/ritualsbyglow.com\\\/producto\\\/eternals-tarjeta-regalo\\\/\",\"name\":\"Eternals Tarjeta Regalo - Rituals by Glow\",\"isPartOf\":{\"@id\":\"https:\\\/\\\/ritualsbyglow.com\\\/#website\"},\"primaryImageOfPage\":{\"@id\":\"https:\\\/\\\/ritualsbyglow.com\\\/producto\\\/eternals-tarjeta-regalo\\\/#primaryimage\"},\"image\":{\"@id\":\"https:\\\/\\\/ritualsbyglow.com\\\/producto\\\/eternals-tarjeta-regalo\\\/#primaryimage\"},\"thumbnailUrl\":\"https:\\\/\\\/ritualsbyglow.com\\\/wp-content\\\/uploads\\\/2025\\\/09\\\/tratamiento-facial-eternal-rituals-by-glow-scaled.jpg\",\"datePublished\":\"2025-09-24T17:04:47+00:00\",\"dateModified\":\"2026-02-22T09:00:52+00:00\",\"breadcrumb\":{\"@id\":\"https:\\\/\\\/ritualsbyglow.com\\\/producto\\\/eternals-tarjeta-regalo\\\/#breadcrumb\"},\"inLanguage\":\"en-GB\",\"potentialAction\":[{\"@type\":\"ReadAction\",\"target\":[\"https:\\\/\\\/ritualsbyglow.com\\\/producto\\\/eternals-tarjeta-regalo\\\/\"]}]},{\"@type\":\"ImageObject\",\"inLanguage\":\"en-GB\",\"@id\":\"https:\\\/\\\/ritualsbyglow.com\\\/producto\\\/eternals-tarjeta-regalo\\\/#primaryimage\",\"url\":\"https:\\\/\\\/ritualsbyglow.com\\\/wp-content\\\/uploads\\\/2025\\\/09\\\/tratamiento-facial-eternal-rituals-by-glow-scaled.jpg\",\"contentUrl\":\"https:\\\/\\\/ritualsbyglow.com\\\/wp-content\\\/uploads\\\/2025\\\/09\\\/tratamiento-facial-eternal-rituals-by-glow-scaled.jpg\",\"width\":2560,\"height\":1709,\"caption\":\"Tratamiento facial Eternal en Rituals by Glow con limpieza, exfoliaci\u00f3n y masaje lifting japon\u00e9s\"},{\"@type\":\"BreadcrumbList\",\"@id\":\"https:\\\/\\\/ritualsbyglow.com\\\/producto\\\/eternals-tarjeta-regalo\\\/#breadcrumb\",\"itemListElement\":[{\"@type\":\"ListItem\",\"position\":1,\"name\":\"Portada\",\"item\":\"https:\\\/\\\/ritualsbyglow.com\\\/\"},{\"@type\":\"ListItem\",\"position\":2,\"name\":\"Tienda\",\"item\":\"https:\\\/\\\/ritualsbyglow.com\\\/tienda\\\/\"},{\"@type\":\"ListItem\",\"position\":3,\"name\":\"Eternals Tarjeta Regalo\"}]},{\"@type\":\"WebSite\",\"@id\":\"https:\\\/\\\/ritualsbyglow.com\\\/#website\",\"url\":\"https:\\\/\\\/ritualsbyglow.com\\\/\",\"name\":\"Rituals by Glow\",\"description\":\"Japanese Head Spa y masajes relajantes en M\u00e1laga\",\"potentialAction\":[{\"@type\":\"SearchAction\",\"target\":{\"@type\":\"EntryPoint\",\"urlTemplate\":\"https:\\\/\\\/ritualsbyglow.com\\\/?s={search_term_string}\"},\"query-input\":{\"@type\":\"PropertyValueSpecification\",\"valueRequired\":true,\"valueName\":\"search_term_string\"}}],\"inLanguage\":\"en-GB\"}]}<\/script>\n<!-- \/ Yoast SEO plugin. -->","yoast_head_json":{"title":"Eternals Tarjeta Regalo - Rituals by Glow","robots":{"index":"index","follow":"follow","max-snippet":"max-snippet:-1","max-image-preview":"max-image-preview:large","max-video-preview":"max-video-preview:-1"},"canonical":"https:\/\/ritualsbyglow.com\/en\/product\/eternals-tarjeta-regalo\/","og_locale":"en_GB","og_type":"article","og_title":"Eternals Tarjeta Regalo - Rituals by Glow","og_description":"Limpieza facial con leche limpiadora y t\u00f3nico. Exfoliaci\u00f3n suave. Masaje lifting japon\u00e9s reafirmante y drenante. Mascarilla con activos antiedad y \u00e1cido hialur\u00f3nico. Sonoterapia facial sutil. Hidrataci\u00f3n final con crema reafirmante y elixir regenerador. Indicado para quienes buscan un tratamiento antiedad efectivo, nutritivo y con efecto lifting natural.","og_url":"https:\/\/ritualsbyglow.com\/en\/product\/eternals-tarjeta-regalo\/","og_site_name":"Rituals by Glow","article_modified_time":"2026-02-22T09:00:52+00:00","og_image":[{"width":2560,"height":1709,"url":"https:\/\/ritualsbyglow.com\/wp-content\/uploads\/2025\/09\/tratamiento-facial-eternal-rituals-by-glow-scaled.jpg","type":"image\/jpeg"}],"twitter_card":"summary_large_image","twitter_misc":{"Est. reading time":"1 minute"},"schema":{"@context":"https:\/\/schema.org","@graph":[{"@type":"WebPage","@id":"https:\/\/ritualsbyglow.com\/producto\/eternals-tarjeta-regalo\/","url":"https:\/\/ritualsbyglow.com\/producto\/eternals-tarjeta-regalo\/","name":"Eternals Tarjeta Regalo - Rituals by Glow","isPartOf":{"@id":"https:\/\/ritualsbyglow.com\/#website"},"primaryImageOfPage":{"@id":"https:\/\/ritualsbyglow.com\/producto\/eternals-tarjeta-regalo\/#primaryimage"},"image":{"@id":"https:\/\/ritualsbyglow.com\/producto\/eternals-tarjeta-regalo\/#primaryimage"},"thumbnailUrl":"https:\/\/ritualsbyglow.com\/wp-content\/uploads\/2025\/09\/tratamiento-facial-eternal-rituals-by-glow-scaled.jpg","datePublished":"2025-09-24T17:04:47+00:00","dateModified":"2026-02-22T09:00:52+00:00","breadcrumb":{"@id":"https:\/\/ritualsbyglow.com\/producto\/eternals-tarjeta-regalo\/#breadcrumb"},"inLanguage":"en-GB","potentialAction":[{"@type":"ReadAction","target":["https:\/\/ritualsbyglow.com\/producto\/eternals-tarjeta-regalo\/"]}]},{"@type":"ImageObject","inLanguage":"en-GB","@id":"https:\/\/ritualsbyglow.com\/producto\/eternals-tarjeta-regalo\/#primaryimage","url":"https:\/\/ritualsbyglow.com\/wp-content\/uploads\/2025\/09\/tratamiento-facial-eternal-rituals-by-glow-scaled.jpg","contentUrl":"https:\/\/ritualsbyglow.com\/wp-content\/uploads\/2025\/09\/tratamiento-facial-eternal-rituals-by-glow-scaled.jpg","width":2560,"height":1709,"caption":"Tratamiento facial Eternal en Rituals by Glow con limpieza, exfoliaci\u00f3n y masaje lifting japon\u00e9s"},{"@type":"BreadcrumbList","@id":"https:\/\/ritualsbyglow.com\/producto\/eternals-tarjeta-regalo\/#breadcrumb","itemListElement":[{"@type":"ListItem","position":1,"name":"Portada","item":"https:\/\/ritualsbyglow.com\/"},{"@type":"ListItem","position":2,"name":"Tienda","item":"https:\/\/ritualsbyglow.com\/tienda\/"},{"@type":"ListItem","position":3,"name":"Eternals Tarjeta Regalo"}]},{"@type":"WebSite","@id":"https:\/\/ritualsbyglow.com\/#website","url":"https:\/\/ritualsbyglow.com\/","name":"Rituals by Glow","description":"Japanese Head Spa y masajes relajantes en M\u00e1laga","potentialAction":[{"@type":"SearchAction","target":{"@type":"EntryPoint","urlTemplate":"https:\/\/ritualsbyglow.com\/?s={search_term_string}"},"query-input":{"@type":"PropertyValueSpecification","valueRequired":true,"valueName":"search_term_string"}}],"inLanguage":"en-GB"}]}},"_links":{"self":[{"href":"https:\/\/ritualsbyglow.com\/en\/wp-json\/wp\/v2\/product\/27564293","targetHints":{"allow":["GET"]}}],"collection":[{"href":"https:\/\/ritualsbyglow.com\/en\/wp-json\/wp\/v2\/product"}],"about":[{"href":"https:\/\/ritualsbyglow.com\/en\/wp-json\/wp\/v2\/types\/product"}],"wp:featuredmedia":[{"embeddable":true,"href":"https:\/\/ritualsbyglow.com\/en\/wp-json\/wp\/v2\/media\/27564518"}],"wp:attachment":[{"href":"https:\/\/ritualsbyglow.com\/en\/wp-json\/wp\/v2\/media?parent=27564293"}],"wp:term":[{"taxonomy":"product_brand","embeddable":true,"href":"https:\/\/ritualsbyglow.com\/en\/wp-json\/wp\/v2\/product_brand?post=27564293"},{"taxonomy":"product_cat","embeddable":true,"href":"https:\/\/ritualsbyglow.com\/en\/wp-json\/wp\/v2\/product_cat?post=27564293"},{"taxonomy":"product_tag","embeddable":true,"href":"https:\/\/ritualsbyglow.com\/en\/wp-json\/wp\/v2\/product_tag?post=27564293"}],"curies":[{"name":"wp","href":"https:\/\/api.w.org\/{rel}","templated":true}]}}