{"id":27564468,"date":"2025-09-30T20:54:46","date_gmt":"2025-09-30T20:54:46","guid":{"rendered":"https:\/\/ritualsbyglow.com\/?post_type=product&#038;p=27564468"},"modified":"2026-01-19T12:36:03","modified_gmt":"2026-01-19T11:36:03","slug":"supreme-head-spa","status":"publish","type":"product","link":"https:\/\/ritualsbyglow.com\/en\/product\/supreme-head-spa\/","title":{"rendered":"Supreme Head Spa"},"content":{"rendered":"<h1><strong>Precio : <span class=\"woocommerce-Price-currencySymbol\">\u20ac<\/span>130.00<\/strong><\/h1>\n<hr \/>\n<p><strong>Paga el 30% online y el 70% restante en el establecimiento<\/strong><\/p>\n<hr \/>\n<p class=\"p1\">Una experiencia premium que combina lo mejor del bienestar f\u00edsico, mental y est\u00e9tico en una sola sesi\u00f3n. Dise\u00f1ado para quienes buscan una desconexi\u00f3n total y una reconexi\u00f3n profunda con su cuerpo, su energ\u00eda y su belleza natural. Este tratamiento exclusivo fusiona t\u00e9cnicas ancestrales con los \u00faltimos rituales de lujo para brindarte una renovaci\u00f3n completa.<\/p>\n<p class=\"p1\">Durante el tratamiento:<\/p>\n<p class=\"p1\">\u25cf Iniciamos con un masaje con piedras calientes en piernas, espalda y hombros, que libera tensiones profundas, equilibra la energ\u00eda y prepara el cuerpo para recibir el ritual.<\/p>\n<p class=\"p1\">\u25cf Seguimos con una experiencia de Head Spa sensorial que incluye limpieza purificante del cuero cabelludo, exfoliaci\u00f3n, aplicaci\u00f3n de vapor, masaje capilar con aceites esenciales y t\u00e9cnicas de presi\u00f3n craneal acompa\u00f1adas de respiraci\u00f3n guiada.<\/p>\n<p class=\"p1\">\u25cf Este proceso se potencia con el uso de hidroterapia, a trav\u00e9s de suaves chorros de agua templada que recorren el cuero cabelludo, generando una relajaci\u00f3n profunda y estimulando la circulaci\u00f3n.<\/p>\n<p class=\"p1\">\u25cf Continuamos con un tratamiento facial completo: leche limpiadora, t\u00f3nico equilibrante, masaje lifting japon\u00e9s, mascarilla hidratante y crema reafirmante que devuelve vitalidad, firmeza y brillo al rostro.<\/p>\n<p class=\"p1\">\u25cf <span class=\"s1\">Mientras el vapor act\u00faa, se realiza una suave reflexolog\u00eda podal (5-7 minutos) para <\/span><span class=\"s1\">desbloquear puntos energ\u00e9ticos y completar la experiencia desde los pies.<\/span><\/p>\n<p class=\"p1\">\u25cf Finalizamos con un secado del cabello y una bebida a elecci\u00f3n para sellar esta vivencia \u00fanica en estado de calma total.<\/p>","protected":false},"excerpt":{"rendered":"<p>Precio : \u20ac130.00 Paga el 30% online y el 70% restante en el establecimiento Una experiencia premium que combina lo mejor del bienestar f\u00edsico, mental y est\u00e9tico en una sola sesi\u00f3n. Dise\u00f1ado para quienes buscan una desconexi\u00f3n total y una reconexi\u00f3n profunda con su cuerpo, su energ\u00eda y su belleza natural. Este tratamiento exclusivo fusiona [&hellip;]<\/p>\n","protected":false},"featured_media":27564494,"template":"","meta":{"_et_pb_use_builder":"off","_et_pb_old_content":"<p class=\"p1\">Una experiencia premium que combina lo mejor del bienestar f\u00edsico, mental y est\u00e9tico en una sola sesi\u00f3n. Dise\u00f1ado para quienes buscan una desconexi\u00f3n total y una reconexi\u00f3n profunda con su cuerpo, su energ\u00eda y su belleza natural. Este tratamiento exclusivo fusiona t\u00e9cnicas ancestrales con los \u00faltimos rituales de lujo para brindarte una renovaci\u00f3n completa.<\/p>\r\n<p class=\"p1\">Durante el tratamiento:<\/p>\r\n<p class=\"p1\">\u25cf Iniciamos con un masaje con piedras calientes en piernas, espalda y hombros, que libera tensiones profundas, equilibra la energ\u00eda y prepara el cuerpo para recibir el ritual.<\/p>\r\n<p class=\"p1\">\u25cf Seguimos con una experiencia de Head Spa sensorial que incluye limpieza purificante del cuero cabelludo, exfoliaci\u00f3n, aplicaci\u00f3n de vapor, masaje capilar con aceites esenciales y t\u00e9cnicas de presi\u00f3n craneal acompa\u00f1adas de respiraci\u00f3n guiada.<\/p>\r\n<p class=\"p1\">\u25cf Este proceso se potencia con el uso de hidroterapia, a trav\u00e9s de suaves chorros de agua templada que recorren el cuero cabelludo, generando una relajaci\u00f3n profunda y estimulando la circulaci\u00f3n.<\/p>\r\n<p class=\"p1\">\u25cf Continuamos con un tratamiento facial completo: leche limpiadora, t\u00f3nico equilibrante, masaje lifting japon\u00e9s, mascarilla hidratante y crema reafirmante que devuelve vitalidad, firmeza y brillo al rostro.<\/p>\r\n<p class=\"p1\">\u25cf <span class=\"s1\">Mientras el vapor act\u00faa, se realiza una suave reflexolog\u00eda podal (5-7 minutos) para <\/span><span class=\"s1\">desbloquear puntos energ\u00e9ticos y completar la experiencia desde los pies.<\/span><\/p>\r\n<p class=\"p1\">\u25cf Finalizamos con un secado del cabello y una bebida a elecci\u00f3n para sellar esta vivencia \u00fanica en estado de calma total.<\/p>","_et_gb_content_width":""},"product_brand":[],"product_cat":[35],"product_tag":[],"class_list":{"0":"post-27564468","1":"product","2":"type-product","3":"status-publish","4":"has-post-thumbnail","6":"product_cat-servicios","8":"first","9":"instock","10":"shipping-taxable","11":"purchasable","12":"product-type-simple"},"yoast_head":"<!-- This site is optimized with the Yoast SEO plugin v27.3 - https:\/\/yoast.com\/product\/yoast-seo-wordpress\/ -->\n<title>Supreme Head Spa - Rituals by Glow<\/title>\n<meta name=\"robots\" content=\"index, follow, max-snippet:-1, max-image-preview:large, max-video-preview:-1\" \/>\n<link rel=\"canonical\" href=\"https:\/\/ritualsbyglow.com\/en\/product\/supreme-head-spa\/\" \/>\n<meta property=\"og:locale\" content=\"en_GB\" \/>\n<meta property=\"og:type\" content=\"article\" \/>\n<meta property=\"og:title\" content=\"Supreme Head Spa - Rituals by Glow\" \/>\n<meta property=\"og:description\" content=\"Precio : \u20ac130.00 Paga el 30% online y el 70% restante en el establecimiento Una experiencia premium que combina lo mejor del bienestar f\u00edsico, mental y est\u00e9tico en una sola sesi\u00f3n. Dise\u00f1ado para quienes buscan una desconexi\u00f3n total y una reconexi\u00f3n profunda con su cuerpo, su energ\u00eda y su belleza natural. Este tratamiento exclusivo fusiona [&hellip;]\" \/>\n<meta property=\"og:url\" content=\"https:\/\/ritualsbyglow.com\/en\/product\/supreme-head-spa\/\" \/>\n<meta property=\"og:site_name\" content=\"Rituals by Glow\" \/>\n<meta property=\"article:modified_time\" content=\"2026-01-19T11:36:03+00:00\" \/>\n<meta property=\"og:image\" content=\"https:\/\/ritualsbyglow.com\/wp-content\/uploads\/2025\/09\/supreme-head-spa-rituals-by-glow.jpeg\" \/>\n\t<meta property=\"og:image:width\" content=\"2048\" \/>\n\t<meta property=\"og:image:height\" content=\"1152\" \/>\n\t<meta property=\"og:image:type\" content=\"image\/jpeg\" \/>\n<meta name=\"twitter:card\" content=\"summary_large_image\" \/>\n<meta name=\"twitter:label1\" content=\"Est. reading time\" \/>\n\t<meta name=\"twitter:data1\" content=\"1 minute\" \/>\n<script type=\"application\/ld+json\" class=\"yoast-schema-graph\">{\"@context\":\"https:\\\/\\\/schema.org\",\"@graph\":[{\"@type\":\"WebPage\",\"@id\":\"https:\\\/\\\/ritualsbyglow.com\\\/producto\\\/supreme-head-spa\\\/\",\"url\":\"https:\\\/\\\/ritualsbyglow.com\\\/producto\\\/supreme-head-spa\\\/\",\"name\":\"Supreme Head Spa - Rituals by Glow\",\"isPartOf\":{\"@id\":\"https:\\\/\\\/ritualsbyglow.com\\\/#website\"},\"primaryImageOfPage\":{\"@id\":\"https:\\\/\\\/ritualsbyglow.com\\\/producto\\\/supreme-head-spa\\\/#primaryimage\"},\"image\":{\"@id\":\"https:\\\/\\\/ritualsbyglow.com\\\/producto\\\/supreme-head-spa\\\/#primaryimage\"},\"thumbnailUrl\":\"https:\\\/\\\/ritualsbyglow.com\\\/wp-content\\\/uploads\\\/2025\\\/09\\\/supreme-head-spa-rituals-by-glow.jpeg\",\"datePublished\":\"2025-09-30T20:54:46+00:00\",\"dateModified\":\"2026-01-19T11:36:03+00:00\",\"breadcrumb\":{\"@id\":\"https:\\\/\\\/ritualsbyglow.com\\\/producto\\\/supreme-head-spa\\\/#breadcrumb\"},\"inLanguage\":\"en-GB\",\"potentialAction\":[{\"@type\":\"ReadAction\",\"target\":[\"https:\\\/\\\/ritualsbyglow.com\\\/producto\\\/supreme-head-spa\\\/\"]}]},{\"@type\":\"ImageObject\",\"inLanguage\":\"en-GB\",\"@id\":\"https:\\\/\\\/ritualsbyglow.com\\\/producto\\\/supreme-head-spa\\\/#primaryimage\",\"url\":\"https:\\\/\\\/ritualsbyglow.com\\\/wp-content\\\/uploads\\\/2025\\\/09\\\/supreme-head-spa-rituals-by-glow.jpeg\",\"contentUrl\":\"https:\\\/\\\/ritualsbyglow.com\\\/wp-content\\\/uploads\\\/2025\\\/09\\\/supreme-head-spa-rituals-by-glow.jpeg\",\"width\":2048,\"height\":1152,\"caption\":\"Harmony Head Spa en Rituals by Glow para relajaci\u00f3n profunda y cuidado capilar\"},{\"@type\":\"BreadcrumbList\",\"@id\":\"https:\\\/\\\/ritualsbyglow.com\\\/producto\\\/supreme-head-spa\\\/#breadcrumb\",\"itemListElement\":[{\"@type\":\"ListItem\",\"position\":1,\"name\":\"Portada\",\"item\":\"https:\\\/\\\/ritualsbyglow.com\\\/\"},{\"@type\":\"ListItem\",\"position\":2,\"name\":\"Tienda\",\"item\":\"https:\\\/\\\/ritualsbyglow.com\\\/tienda\\\/\"},{\"@type\":\"ListItem\",\"position\":3,\"name\":\"Supreme Head Spa\"}]},{\"@type\":\"WebSite\",\"@id\":\"https:\\\/\\\/ritualsbyglow.com\\\/#website\",\"url\":\"https:\\\/\\\/ritualsbyglow.com\\\/\",\"name\":\"Rituals by Glow\",\"description\":\"Japanese Head Spa y masajes relajantes en M\u00e1laga\",\"potentialAction\":[{\"@type\":\"SearchAction\",\"target\":{\"@type\":\"EntryPoint\",\"urlTemplate\":\"https:\\\/\\\/ritualsbyglow.com\\\/?s={search_term_string}\"},\"query-input\":{\"@type\":\"PropertyValueSpecification\",\"valueRequired\":true,\"valueName\":\"search_term_string\"}}],\"inLanguage\":\"en-GB\"}]}<\/script>\n<!-- \/ Yoast SEO plugin. -->","yoast_head_json":{"title":"Supreme Head Spa - Rituals by Glow","robots":{"index":"index","follow":"follow","max-snippet":"max-snippet:-1","max-image-preview":"max-image-preview:large","max-video-preview":"max-video-preview:-1"},"canonical":"https:\/\/ritualsbyglow.com\/en\/product\/supreme-head-spa\/","og_locale":"en_GB","og_type":"article","og_title":"Supreme Head Spa - Rituals by Glow","og_description":"Precio : \u20ac130.00 Paga el 30% online y el 70% restante en el establecimiento Una experiencia premium que combina lo mejor del bienestar f\u00edsico, mental y est\u00e9tico en una sola sesi\u00f3n. Dise\u00f1ado para quienes buscan una desconexi\u00f3n total y una reconexi\u00f3n profunda con su cuerpo, su energ\u00eda y su belleza natural. Este tratamiento exclusivo fusiona [&hellip;]","og_url":"https:\/\/ritualsbyglow.com\/en\/product\/supreme-head-spa\/","og_site_name":"Rituals by Glow","article_modified_time":"2026-01-19T11:36:03+00:00","og_image":[{"width":2048,"height":1152,"url":"https:\/\/ritualsbyglow.com\/wp-content\/uploads\/2025\/09\/supreme-head-spa-rituals-by-glow.jpeg","type":"image\/jpeg"}],"twitter_card":"summary_large_image","twitter_misc":{"Est. reading time":"1 minute"},"schema":{"@context":"https:\/\/schema.org","@graph":[{"@type":"WebPage","@id":"https:\/\/ritualsbyglow.com\/producto\/supreme-head-spa\/","url":"https:\/\/ritualsbyglow.com\/producto\/supreme-head-spa\/","name":"Supreme Head Spa - Rituals by Glow","isPartOf":{"@id":"https:\/\/ritualsbyglow.com\/#website"},"primaryImageOfPage":{"@id":"https:\/\/ritualsbyglow.com\/producto\/supreme-head-spa\/#primaryimage"},"image":{"@id":"https:\/\/ritualsbyglow.com\/producto\/supreme-head-spa\/#primaryimage"},"thumbnailUrl":"https:\/\/ritualsbyglow.com\/wp-content\/uploads\/2025\/09\/supreme-head-spa-rituals-by-glow.jpeg","datePublished":"2025-09-30T20:54:46+00:00","dateModified":"2026-01-19T11:36:03+00:00","breadcrumb":{"@id":"https:\/\/ritualsbyglow.com\/producto\/supreme-head-spa\/#breadcrumb"},"inLanguage":"en-GB","potentialAction":[{"@type":"ReadAction","target":["https:\/\/ritualsbyglow.com\/producto\/supreme-head-spa\/"]}]},{"@type":"ImageObject","inLanguage":"en-GB","@id":"https:\/\/ritualsbyglow.com\/producto\/supreme-head-spa\/#primaryimage","url":"https:\/\/ritualsbyglow.com\/wp-content\/uploads\/2025\/09\/supreme-head-spa-rituals-by-glow.jpeg","contentUrl":"https:\/\/ritualsbyglow.com\/wp-content\/uploads\/2025\/09\/supreme-head-spa-rituals-by-glow.jpeg","width":2048,"height":1152,"caption":"Harmony Head Spa en Rituals by Glow para relajaci\u00f3n profunda y cuidado capilar"},{"@type":"BreadcrumbList","@id":"https:\/\/ritualsbyglow.com\/producto\/supreme-head-spa\/#breadcrumb","itemListElement":[{"@type":"ListItem","position":1,"name":"Portada","item":"https:\/\/ritualsbyglow.com\/"},{"@type":"ListItem","position":2,"name":"Tienda","item":"https:\/\/ritualsbyglow.com\/tienda\/"},{"@type":"ListItem","position":3,"name":"Supreme Head Spa"}]},{"@type":"WebSite","@id":"https:\/\/ritualsbyglow.com\/#website","url":"https:\/\/ritualsbyglow.com\/","name":"Rituals by Glow","description":"Japanese Head Spa y masajes relajantes en M\u00e1laga","potentialAction":[{"@type":"SearchAction","target":{"@type":"EntryPoint","urlTemplate":"https:\/\/ritualsbyglow.com\/?s={search_term_string}"},"query-input":{"@type":"PropertyValueSpecification","valueRequired":true,"valueName":"search_term_string"}}],"inLanguage":"en-GB"}]}},"_links":{"self":[{"href":"https:\/\/ritualsbyglow.com\/en\/wp-json\/wp\/v2\/product\/27564468","targetHints":{"allow":["GET"]}}],"collection":[{"href":"https:\/\/ritualsbyglow.com\/en\/wp-json\/wp\/v2\/product"}],"about":[{"href":"https:\/\/ritualsbyglow.com\/en\/wp-json\/wp\/v2\/types\/product"}],"wp:featuredmedia":[{"embeddable":true,"href":"https:\/\/ritualsbyglow.com\/en\/wp-json\/wp\/v2\/media\/27564494"}],"wp:attachment":[{"href":"https:\/\/ritualsbyglow.com\/en\/wp-json\/wp\/v2\/media?parent=27564468"}],"wp:term":[{"taxonomy":"product_brand","embeddable":true,"href":"https:\/\/ritualsbyglow.com\/en\/wp-json\/wp\/v2\/product_brand?post=27564468"},{"taxonomy":"product_cat","embeddable":true,"href":"https:\/\/ritualsbyglow.com\/en\/wp-json\/wp\/v2\/product_cat?post=27564468"},{"taxonomy":"product_tag","embeddable":true,"href":"https:\/\/ritualsbyglow.com\/en\/wp-json\/wp\/v2\/product_tag?post=27564468"}],"curies":[{"name":"wp","href":"https:\/\/api.w.org\/{rel}","templated":true}]}}