{"id":27564470,"date":"2025-09-30T21:07:37","date_gmt":"2025-09-30T21:07:37","guid":{"rendered":"https:\/\/ritualsbyglow.com\/?post_type=product&#038;p=27564470"},"modified":"2026-01-08T17:15:01","modified_gmt":"2026-01-08T16:15:01","slug":"harmony-head-spa","status":"publish","type":"product","link":"https:\/\/ritualsbyglow.com\/en\/product\/harmony-head-spa\/","title":{"rendered":"Harmony Head Spa"},"content":{"rendered":"<h1><strong>Precio : <span class=\"woocommerce-Price-currencySymbol\">\u20ac<\/span>110.00<\/strong><\/h1>\n<hr \/>\n<p><strong>Paga el 30% online y el 70% restante en el establecimiento<\/strong><\/p>\n<hr \/>\n<p data-start=\"169\" data-end=\"407\">Un ritual creado para disfrutar solo o acompa\u00f1ado. <strong>Harmony Head Spa<\/strong> ofrece una experiencia \u00fanica que calma la mente, equilibra la energ\u00eda y renueva el alma a trav\u00e9s del cuidado completo del cuero cabelludo, el rostro y los sentidos.<\/p>\n<p class=\"p1\"><b>\u00bfQu\u00e9 incluye?<\/b><\/p>\n<p class=\"p1\">\u25cf Selecci\u00f3n de aceites esenciales seg\u00fan la energ\u00eda de la pareja.<\/p>\n<p class=\"p1\">\u25cf Ritual de bienvenida y conexi\u00f3n: breve ejercicio de respiraci\u00f3n consciente para armonizar las frecuencias individuales.<\/p>\n<p class=\"p1\">\u25cf Lavado capilar con productos naturales y <b>exfoliaci\u00f3n profunda<\/b> del cuero cabelludo para liberar impurezas y revitalizar los fol\u00edculos.<\/p>\n<p class=\"p1\">\u25cf <b>T\u00e9cnicas manuales de estimulaci\u00f3n sangu\u00ednea<\/b> con utensilios espec\u00edficos que activan los canales energ\u00e9ticos y propician una relajaci\u00f3n profunda e intensa.<\/p>\n<p class=\"p1\">\u25cf <b>Tratamiento facial completo<\/b>, que incluye:<\/p>\n<ul>\n<li class=\"p1\">Leche limpiadora + masaje facial estimulante<\/li>\n<li class=\"p1\">T\u00f3nico reequilibrante<\/li>\n<li class=\"p1\">Aceite facial con lifting japon\u00e9s manual<\/li>\n<li class=\"p1\">Crema hidratante reafirmante para aportar brillo y vitalidad<\/li>\n<\/ul>\n<p class=\"p1\">\u25cf <b>Shirodhara adaptado<\/b>: flujo de aceite templado vertido sobre el entrecejo para inducir un estado meditativo de descanso y lucidez interior.<\/p>\n<p class=\"p1\">\u25cf Aromaterapia guiada + sonoterapia con cuenco tibetano y frecuencias envolventes.<\/p>\n<p class=\"p1\">\u25cf Finalizamos con un secado de cabello y una <b>bebida relajante a elegir <\/b>para cerrar el ritual desde el bienestar y la presencia.<\/p>","protected":false},"excerpt":{"rendered":"<p>Precio : \u20ac110.00 Paga el 30% online y el 70% restante en el establecimiento Un ritual creado para disfrutar solo o acompa\u00f1ado. Harmony Head Spa ofrece una experiencia \u00fanica que calma la mente, equilibra la energ\u00eda y renueva el alma a trav\u00e9s del cuidado completo del cuero cabelludo, el rostro y los sentidos. \u00bfQu\u00e9 incluye? [&hellip;]<\/p>\n","protected":false},"featured_media":27564823,"template":"","meta":{"_et_pb_use_builder":"off","_et_pb_old_content":"Un ritual creado para quienes necesitan detenerse, soltar el peso del d\u00eda a d\u00eda y volver a s\u00ed mismos. Glow Reset es una experiencia sensorial profunda, pensada para liberar tensiones, desconectar de las exigencias externas y reconectar con el cuerpo, la respiraci\u00f3n y el presente. Un tratamiento transformador, que combina la esencia del Head Spa con una mirada integral al bienestar f\u00edsico, mental y emocional.","_et_gb_content_width":""},"product_brand":[],"product_cat":[35],"product_tag":[],"class_list":{"0":"post-27564470","1":"product","2":"type-product","3":"status-publish","4":"has-post-thumbnail","6":"product_cat-servicios","8":"first","9":"instock","10":"shipping-taxable","11":"purchasable","12":"product-type-simple"},"yoast_head":"<!-- This site is optimized with the Yoast SEO plugin v27.3 - https:\/\/yoast.com\/product\/yoast-seo-wordpress\/ -->\n<title>Harmony Head Spa - Rituals by Glow<\/title>\n<meta name=\"robots\" content=\"index, follow, max-snippet:-1, max-image-preview:large, max-video-preview:-1\" \/>\n<link rel=\"canonical\" href=\"https:\/\/ritualsbyglow.com\/en\/product\/harmony-head-spa\/\" \/>\n<meta property=\"og:locale\" content=\"en_GB\" \/>\n<meta property=\"og:type\" content=\"article\" \/>\n<meta property=\"og:title\" content=\"Harmony Head Spa - Rituals by Glow\" \/>\n<meta property=\"og:description\" content=\"Precio : \u20ac110.00 Paga el 30% online y el 70% restante en el establecimiento Un ritual creado para disfrutar solo o acompa\u00f1ado. Harmony Head Spa ofrece una experiencia \u00fanica que calma la mente, equilibra la energ\u00eda y renueva el alma a trav\u00e9s del cuidado completo del cuero cabelludo, el rostro y los sentidos. \u00bfQu\u00e9 incluye? [&hellip;]\" \/>\n<meta property=\"og:url\" content=\"https:\/\/ritualsbyglow.com\/en\/product\/harmony-head-spa\/\" \/>\n<meta property=\"og:site_name\" content=\"Rituals by Glow\" \/>\n<meta property=\"article:modified_time\" content=\"2026-01-08T16:15:01+00:00\" \/>\n<meta property=\"og:image\" content=\"https:\/\/ritualsbyglow.com\/wp-content\/uploads\/2025\/10\/Harmony_Head_Spa-glow2.jpg\" \/>\n\t<meta property=\"og:image:width\" content=\"800\" \/>\n\t<meta property=\"og:image:height\" content=\"533\" \/>\n\t<meta property=\"og:image:type\" content=\"image\/jpeg\" \/>\n<meta name=\"twitter:card\" content=\"summary_large_image\" \/>\n<meta name=\"twitter:label1\" content=\"Est. reading time\" \/>\n\t<meta name=\"twitter:data1\" content=\"1 minute\" \/>\n<script type=\"application\/ld+json\" class=\"yoast-schema-graph\">{\"@context\":\"https:\\\/\\\/schema.org\",\"@graph\":[{\"@type\":\"WebPage\",\"@id\":\"https:\\\/\\\/ritualsbyglow.com\\\/producto\\\/harmony-head-spa\\\/\",\"url\":\"https:\\\/\\\/ritualsbyglow.com\\\/producto\\\/harmony-head-spa\\\/\",\"name\":\"Harmony Head Spa - Rituals by Glow\",\"isPartOf\":{\"@id\":\"https:\\\/\\\/ritualsbyglow.com\\\/#website\"},\"primaryImageOfPage\":{\"@id\":\"https:\\\/\\\/ritualsbyglow.com\\\/producto\\\/harmony-head-spa\\\/#primaryimage\"},\"image\":{\"@id\":\"https:\\\/\\\/ritualsbyglow.com\\\/producto\\\/harmony-head-spa\\\/#primaryimage\"},\"thumbnailUrl\":\"https:\\\/\\\/ritualsbyglow.com\\\/wp-content\\\/uploads\\\/2025\\\/10\\\/Harmony_Head_Spa-glow2.jpg\",\"datePublished\":\"2025-09-30T21:07:37+00:00\",\"dateModified\":\"2026-01-08T16:15:01+00:00\",\"breadcrumb\":{\"@id\":\"https:\\\/\\\/ritualsbyglow.com\\\/producto\\\/harmony-head-spa\\\/#breadcrumb\"},\"inLanguage\":\"en-GB\",\"potentialAction\":[{\"@type\":\"ReadAction\",\"target\":[\"https:\\\/\\\/ritualsbyglow.com\\\/producto\\\/harmony-head-spa\\\/\"]}]},{\"@type\":\"ImageObject\",\"inLanguage\":\"en-GB\",\"@id\":\"https:\\\/\\\/ritualsbyglow.com\\\/producto\\\/harmony-head-spa\\\/#primaryimage\",\"url\":\"https:\\\/\\\/ritualsbyglow.com\\\/wp-content\\\/uploads\\\/2025\\\/10\\\/Harmony_Head_Spa-glow2.jpg\",\"contentUrl\":\"https:\\\/\\\/ritualsbyglow.com\\\/wp-content\\\/uploads\\\/2025\\\/10\\\/Harmony_Head_Spa-glow2.jpg\",\"width\":800,\"height\":533,\"caption\":\"Spa Capilar en Ben\u00e1lmadena\"},{\"@type\":\"BreadcrumbList\",\"@id\":\"https:\\\/\\\/ritualsbyglow.com\\\/producto\\\/harmony-head-spa\\\/#breadcrumb\",\"itemListElement\":[{\"@type\":\"ListItem\",\"position\":1,\"name\":\"Portada\",\"item\":\"https:\\\/\\\/ritualsbyglow.com\\\/\"},{\"@type\":\"ListItem\",\"position\":2,\"name\":\"Tienda\",\"item\":\"https:\\\/\\\/ritualsbyglow.com\\\/tienda\\\/\"},{\"@type\":\"ListItem\",\"position\":3,\"name\":\"Harmony Head Spa\"}]},{\"@type\":\"WebSite\",\"@id\":\"https:\\\/\\\/ritualsbyglow.com\\\/#website\",\"url\":\"https:\\\/\\\/ritualsbyglow.com\\\/\",\"name\":\"Rituals by Glow\",\"description\":\"Japanese Head Spa y masajes relajantes en M\u00e1laga\",\"potentialAction\":[{\"@type\":\"SearchAction\",\"target\":{\"@type\":\"EntryPoint\",\"urlTemplate\":\"https:\\\/\\\/ritualsbyglow.com\\\/?s={search_term_string}\"},\"query-input\":{\"@type\":\"PropertyValueSpecification\",\"valueRequired\":true,\"valueName\":\"search_term_string\"}}],\"inLanguage\":\"en-GB\"}]}<\/script>\n<!-- \/ Yoast SEO plugin. -->","yoast_head_json":{"title":"Harmony Head Spa - Rituals by Glow","robots":{"index":"index","follow":"follow","max-snippet":"max-snippet:-1","max-image-preview":"max-image-preview:large","max-video-preview":"max-video-preview:-1"},"canonical":"https:\/\/ritualsbyglow.com\/en\/product\/harmony-head-spa\/","og_locale":"en_GB","og_type":"article","og_title":"Harmony Head Spa - Rituals by Glow","og_description":"Precio : \u20ac110.00 Paga el 30% online y el 70% restante en el establecimiento Un ritual creado para disfrutar solo o acompa\u00f1ado. Harmony Head Spa ofrece una experiencia \u00fanica que calma la mente, equilibra la energ\u00eda y renueva el alma a trav\u00e9s del cuidado completo del cuero cabelludo, el rostro y los sentidos. \u00bfQu\u00e9 incluye? [&hellip;]","og_url":"https:\/\/ritualsbyglow.com\/en\/product\/harmony-head-spa\/","og_site_name":"Rituals by Glow","article_modified_time":"2026-01-08T16:15:01+00:00","og_image":[{"width":800,"height":533,"url":"https:\/\/ritualsbyglow.com\/wp-content\/uploads\/2025\/10\/Harmony_Head_Spa-glow2.jpg","type":"image\/jpeg"}],"twitter_card":"summary_large_image","twitter_misc":{"Est. reading time":"1 minute"},"schema":{"@context":"https:\/\/schema.org","@graph":[{"@type":"WebPage","@id":"https:\/\/ritualsbyglow.com\/producto\/harmony-head-spa\/","url":"https:\/\/ritualsbyglow.com\/producto\/harmony-head-spa\/","name":"Harmony Head Spa - Rituals by Glow","isPartOf":{"@id":"https:\/\/ritualsbyglow.com\/#website"},"primaryImageOfPage":{"@id":"https:\/\/ritualsbyglow.com\/producto\/harmony-head-spa\/#primaryimage"},"image":{"@id":"https:\/\/ritualsbyglow.com\/producto\/harmony-head-spa\/#primaryimage"},"thumbnailUrl":"https:\/\/ritualsbyglow.com\/wp-content\/uploads\/2025\/10\/Harmony_Head_Spa-glow2.jpg","datePublished":"2025-09-30T21:07:37+00:00","dateModified":"2026-01-08T16:15:01+00:00","breadcrumb":{"@id":"https:\/\/ritualsbyglow.com\/producto\/harmony-head-spa\/#breadcrumb"},"inLanguage":"en-GB","potentialAction":[{"@type":"ReadAction","target":["https:\/\/ritualsbyglow.com\/producto\/harmony-head-spa\/"]}]},{"@type":"ImageObject","inLanguage":"en-GB","@id":"https:\/\/ritualsbyglow.com\/producto\/harmony-head-spa\/#primaryimage","url":"https:\/\/ritualsbyglow.com\/wp-content\/uploads\/2025\/10\/Harmony_Head_Spa-glow2.jpg","contentUrl":"https:\/\/ritualsbyglow.com\/wp-content\/uploads\/2025\/10\/Harmony_Head_Spa-glow2.jpg","width":800,"height":533,"caption":"Spa Capilar en Ben\u00e1lmadena"},{"@type":"BreadcrumbList","@id":"https:\/\/ritualsbyglow.com\/producto\/harmony-head-spa\/#breadcrumb","itemListElement":[{"@type":"ListItem","position":1,"name":"Portada","item":"https:\/\/ritualsbyglow.com\/"},{"@type":"ListItem","position":2,"name":"Tienda","item":"https:\/\/ritualsbyglow.com\/tienda\/"},{"@type":"ListItem","position":3,"name":"Harmony Head Spa"}]},{"@type":"WebSite","@id":"https:\/\/ritualsbyglow.com\/#website","url":"https:\/\/ritualsbyglow.com\/","name":"Rituals by Glow","description":"Japanese Head Spa y masajes relajantes en M\u00e1laga","potentialAction":[{"@type":"SearchAction","target":{"@type":"EntryPoint","urlTemplate":"https:\/\/ritualsbyglow.com\/?s={search_term_string}"},"query-input":{"@type":"PropertyValueSpecification","valueRequired":true,"valueName":"search_term_string"}}],"inLanguage":"en-GB"}]}},"_links":{"self":[{"href":"https:\/\/ritualsbyglow.com\/en\/wp-json\/wp\/v2\/product\/27564470","targetHints":{"allow":["GET"]}}],"collection":[{"href":"https:\/\/ritualsbyglow.com\/en\/wp-json\/wp\/v2\/product"}],"about":[{"href":"https:\/\/ritualsbyglow.com\/en\/wp-json\/wp\/v2\/types\/product"}],"wp:featuredmedia":[{"embeddable":true,"href":"https:\/\/ritualsbyglow.com\/en\/wp-json\/wp\/v2\/media\/27564823"}],"wp:attachment":[{"href":"https:\/\/ritualsbyglow.com\/en\/wp-json\/wp\/v2\/media?parent=27564470"}],"wp:term":[{"taxonomy":"product_brand","embeddable":true,"href":"https:\/\/ritualsbyglow.com\/en\/wp-json\/wp\/v2\/product_brand?post=27564470"},{"taxonomy":"product_cat","embeddable":true,"href":"https:\/\/ritualsbyglow.com\/en\/wp-json\/wp\/v2\/product_cat?post=27564470"},{"taxonomy":"product_tag","embeddable":true,"href":"https:\/\/ritualsbyglow.com\/en\/wp-json\/wp\/v2\/product_tag?post=27564470"}],"curies":[{"name":"wp","href":"https:\/\/api.w.org\/{rel}","templated":true}]}}