{"id":27564473,"date":"2025-09-30T21:10:51","date_gmt":"2025-09-30T21:10:51","guid":{"rendered":"https:\/\/ritualsbyglow.com\/?post_type=product&#038;p=27564473"},"modified":"2026-01-08T17:14:42","modified_gmt":"2026-01-08T16:14:42","slug":"detox","status":"publish","type":"product","link":"https:\/\/ritualsbyglow.com\/en\/product\/detox\/","title":{"rendered":"Detox"},"content":{"rendered":"<h1><strong>Precio : <span class=\"woocommerce-Price-currencySymbol\">\u20ac<\/span>70.00<\/strong><\/h1>\n<hr \/>\n<p><strong>Paga el 30% online y el 70% restante en el establecimiento<\/strong><\/p>\n<hr \/>\n<p class=\"p1\">\u2022 Masaje corporal de drenaje manual.<\/p>\n<p class=\"p1\">\u2022 Uso de aceites esenciales depurativos.<\/p>\n<p class=\"p1\">\u2022 Activa la circulaci\u00f3n, reduce la retenci\u00f3n de l\u00edquidos y elimina toxinas.<\/p>\n<p class=\"p1\"><i>Ideal para personas con hinchaz\u00f3n, piernas cansadas o necesidad de un reset f\u00edsico y <\/i><i>energ\u00e9tico.<\/i><\/p>","protected":false},"excerpt":{"rendered":"<p>Precio : \u20ac70.00 Paga el 30% online y el 70% restante en el establecimiento \u2022 Masaje corporal de drenaje manual. \u2022 Uso de aceites esenciales depurativos. \u2022 Activa la circulaci\u00f3n, reduce la retenci\u00f3n de l\u00edquidos y elimina toxinas. Ideal para personas con hinchaz\u00f3n, piernas cansadas o necesidad de un reset f\u00edsico y energ\u00e9tico.<\/p>","protected":false},"featured_media":27564825,"template":"","meta":{"_et_pb_use_builder":"off","_et_pb_old_content":"Un ritual creado para quienes necesitan detenerse, soltar el peso del d\u00eda a d\u00eda y volver a s\u00ed mismos. Glow Reset es una experiencia sensorial profunda, pensada para liberar tensiones, desconectar de las exigencias externas y reconectar con el cuerpo, la respiraci\u00f3n y el presente. Un tratamiento transformador, que combina la esencia del Head Spa con una mirada integral al bienestar f\u00edsico, mental y emocional.","_et_gb_content_width":""},"product_brand":[],"product_cat":[35],"product_tag":[],"class_list":{"0":"post-27564473","1":"product","2":"type-product","3":"status-publish","4":"has-post-thumbnail","6":"product_cat-servicios","8":"first","9":"instock","10":"shipping-taxable","11":"purchasable","12":"product-type-simple"},"yoast_head":"<!-- This site is optimized with the Yoast SEO plugin v27.3 - https:\/\/yoast.com\/product\/yoast-seo-wordpress\/ -->\n<title>Detox - Rituals by Glow<\/title>\n<meta name=\"robots\" content=\"index, follow, max-snippet:-1, max-image-preview:large, max-video-preview:-1\" \/>\n<link rel=\"canonical\" href=\"https:\/\/ritualsbyglow.com\/en\/product\/detox\/\" \/>\n<meta property=\"og:locale\" content=\"en_GB\" \/>\n<meta property=\"og:type\" content=\"article\" \/>\n<meta property=\"og:title\" content=\"Detox - Rituals by Glow\" \/>\n<meta property=\"og:description\" content=\"Precio : \u20ac70.00 Paga el 30% online y el 70% restante en el establecimiento \u2022 Masaje corporal de drenaje manual. \u2022 Uso de aceites esenciales depurativos. \u2022 Activa la circulaci\u00f3n, reduce la retenci\u00f3n de l\u00edquidos y elimina toxinas. Ideal para personas con hinchaz\u00f3n, piernas cansadas o necesidad de un reset f\u00edsico y energ\u00e9tico.\" \/>\n<meta property=\"og:url\" content=\"https:\/\/ritualsbyglow.com\/en\/product\/detox\/\" \/>\n<meta property=\"og:site_name\" content=\"Rituals by Glow\" \/>\n<meta property=\"article:modified_time\" content=\"2026-01-08T16:14:42+00:00\" \/>\n<meta property=\"og:image\" content=\"https:\/\/ritualsbyglow.com\/wp-content\/uploads\/2025\/10\/detox-glow2.jpg\" \/>\n\t<meta property=\"og:image:width\" content=\"800\" \/>\n\t<meta property=\"og:image:height\" content=\"533\" \/>\n\t<meta property=\"og:image:type\" content=\"image\/jpeg\" \/>\n<meta name=\"twitter:card\" content=\"summary_large_image\" \/>\n<script type=\"application\/ld+json\" class=\"yoast-schema-graph\">{\"@context\":\"https:\\\/\\\/schema.org\",\"@graph\":[{\"@type\":\"WebPage\",\"@id\":\"https:\\\/\\\/ritualsbyglow.com\\\/producto\\\/detox\\\/\",\"url\":\"https:\\\/\\\/ritualsbyglow.com\\\/producto\\\/detox\\\/\",\"name\":\"Detox - Rituals by Glow\",\"isPartOf\":{\"@id\":\"https:\\\/\\\/ritualsbyglow.com\\\/#website\"},\"primaryImageOfPage\":{\"@id\":\"https:\\\/\\\/ritualsbyglow.com\\\/producto\\\/detox\\\/#primaryimage\"},\"image\":{\"@id\":\"https:\\\/\\\/ritualsbyglow.com\\\/producto\\\/detox\\\/#primaryimage\"},\"thumbnailUrl\":\"https:\\\/\\\/ritualsbyglow.com\\\/wp-content\\\/uploads\\\/2025\\\/10\\\/detox-glow2.jpg\",\"datePublished\":\"2025-09-30T21:10:51+00:00\",\"dateModified\":\"2026-01-08T16:14:42+00:00\",\"breadcrumb\":{\"@id\":\"https:\\\/\\\/ritualsbyglow.com\\\/producto\\\/detox\\\/#breadcrumb\"},\"inLanguage\":\"en-GB\",\"potentialAction\":[{\"@type\":\"ReadAction\",\"target\":[\"https:\\\/\\\/ritualsbyglow.com\\\/producto\\\/detox\\\/\"]}]},{\"@type\":\"ImageObject\",\"inLanguage\":\"en-GB\",\"@id\":\"https:\\\/\\\/ritualsbyglow.com\\\/producto\\\/detox\\\/#primaryimage\",\"url\":\"https:\\\/\\\/ritualsbyglow.com\\\/wp-content\\\/uploads\\\/2025\\\/10\\\/detox-glow2.jpg\",\"contentUrl\":\"https:\\\/\\\/ritualsbyglow.com\\\/wp-content\\\/uploads\\\/2025\\\/10\\\/detox-glow2.jpg\",\"width\":800,\"height\":533,\"caption\":\"Masaje Detox exfoliante en Rituals by Glow para renovar la piel\"},{\"@type\":\"BreadcrumbList\",\"@id\":\"https:\\\/\\\/ritualsbyglow.com\\\/producto\\\/detox\\\/#breadcrumb\",\"itemListElement\":[{\"@type\":\"ListItem\",\"position\":1,\"name\":\"Portada\",\"item\":\"https:\\\/\\\/ritualsbyglow.com\\\/\"},{\"@type\":\"ListItem\",\"position\":2,\"name\":\"Tienda\",\"item\":\"https:\\\/\\\/ritualsbyglow.com\\\/tienda\\\/\"},{\"@type\":\"ListItem\",\"position\":3,\"name\":\"Detox\"}]},{\"@type\":\"WebSite\",\"@id\":\"https:\\\/\\\/ritualsbyglow.com\\\/#website\",\"url\":\"https:\\\/\\\/ritualsbyglow.com\\\/\",\"name\":\"Rituals by Glow\",\"description\":\"Japanese Head Spa y masajes relajantes en M\u00e1laga\",\"potentialAction\":[{\"@type\":\"SearchAction\",\"target\":{\"@type\":\"EntryPoint\",\"urlTemplate\":\"https:\\\/\\\/ritualsbyglow.com\\\/?s={search_term_string}\"},\"query-input\":{\"@type\":\"PropertyValueSpecification\",\"valueRequired\":true,\"valueName\":\"search_term_string\"}}],\"inLanguage\":\"en-GB\"}]}<\/script>\n<!-- \/ Yoast SEO plugin. -->","yoast_head_json":{"title":"Detox - Rituals by Glow","robots":{"index":"index","follow":"follow","max-snippet":"max-snippet:-1","max-image-preview":"max-image-preview:large","max-video-preview":"max-video-preview:-1"},"canonical":"https:\/\/ritualsbyglow.com\/en\/product\/detox\/","og_locale":"en_GB","og_type":"article","og_title":"Detox - Rituals by Glow","og_description":"Precio : \u20ac70.00 Paga el 30% online y el 70% restante en el establecimiento \u2022 Masaje corporal de drenaje manual. \u2022 Uso de aceites esenciales depurativos. \u2022 Activa la circulaci\u00f3n, reduce la retenci\u00f3n de l\u00edquidos y elimina toxinas. Ideal para personas con hinchaz\u00f3n, piernas cansadas o necesidad de un reset f\u00edsico y energ\u00e9tico.","og_url":"https:\/\/ritualsbyglow.com\/en\/product\/detox\/","og_site_name":"Rituals by Glow","article_modified_time":"2026-01-08T16:14:42+00:00","og_image":[{"width":800,"height":533,"url":"https:\/\/ritualsbyglow.com\/wp-content\/uploads\/2025\/10\/detox-glow2.jpg","type":"image\/jpeg"}],"twitter_card":"summary_large_image","schema":{"@context":"https:\/\/schema.org","@graph":[{"@type":"WebPage","@id":"https:\/\/ritualsbyglow.com\/producto\/detox\/","url":"https:\/\/ritualsbyglow.com\/producto\/detox\/","name":"Detox - Rituals by Glow","isPartOf":{"@id":"https:\/\/ritualsbyglow.com\/#website"},"primaryImageOfPage":{"@id":"https:\/\/ritualsbyglow.com\/producto\/detox\/#primaryimage"},"image":{"@id":"https:\/\/ritualsbyglow.com\/producto\/detox\/#primaryimage"},"thumbnailUrl":"https:\/\/ritualsbyglow.com\/wp-content\/uploads\/2025\/10\/detox-glow2.jpg","datePublished":"2025-09-30T21:10:51+00:00","dateModified":"2026-01-08T16:14:42+00:00","breadcrumb":{"@id":"https:\/\/ritualsbyglow.com\/producto\/detox\/#breadcrumb"},"inLanguage":"en-GB","potentialAction":[{"@type":"ReadAction","target":["https:\/\/ritualsbyglow.com\/producto\/detox\/"]}]},{"@type":"ImageObject","inLanguage":"en-GB","@id":"https:\/\/ritualsbyglow.com\/producto\/detox\/#primaryimage","url":"https:\/\/ritualsbyglow.com\/wp-content\/uploads\/2025\/10\/detox-glow2.jpg","contentUrl":"https:\/\/ritualsbyglow.com\/wp-content\/uploads\/2025\/10\/detox-glow2.jpg","width":800,"height":533,"caption":"Masaje Detox exfoliante en Rituals by Glow para renovar la piel"},{"@type":"BreadcrumbList","@id":"https:\/\/ritualsbyglow.com\/producto\/detox\/#breadcrumb","itemListElement":[{"@type":"ListItem","position":1,"name":"Portada","item":"https:\/\/ritualsbyglow.com\/"},{"@type":"ListItem","position":2,"name":"Tienda","item":"https:\/\/ritualsbyglow.com\/tienda\/"},{"@type":"ListItem","position":3,"name":"Detox"}]},{"@type":"WebSite","@id":"https:\/\/ritualsbyglow.com\/#website","url":"https:\/\/ritualsbyglow.com\/","name":"Rituals by Glow","description":"Japanese Head Spa y masajes relajantes en M\u00e1laga","potentialAction":[{"@type":"SearchAction","target":{"@type":"EntryPoint","urlTemplate":"https:\/\/ritualsbyglow.com\/?s={search_term_string}"},"query-input":{"@type":"PropertyValueSpecification","valueRequired":true,"valueName":"search_term_string"}}],"inLanguage":"en-GB"}]}},"_links":{"self":[{"href":"https:\/\/ritualsbyglow.com\/en\/wp-json\/wp\/v2\/product\/27564473","targetHints":{"allow":["GET"]}}],"collection":[{"href":"https:\/\/ritualsbyglow.com\/en\/wp-json\/wp\/v2\/product"}],"about":[{"href":"https:\/\/ritualsbyglow.com\/en\/wp-json\/wp\/v2\/types\/product"}],"wp:featuredmedia":[{"embeddable":true,"href":"https:\/\/ritualsbyglow.com\/en\/wp-json\/wp\/v2\/media\/27564825"}],"wp:attachment":[{"href":"https:\/\/ritualsbyglow.com\/en\/wp-json\/wp\/v2\/media?parent=27564473"}],"wp:term":[{"taxonomy":"product_brand","embeddable":true,"href":"https:\/\/ritualsbyglow.com\/en\/wp-json\/wp\/v2\/product_brand?post=27564473"},{"taxonomy":"product_cat","embeddable":true,"href":"https:\/\/ritualsbyglow.com\/en\/wp-json\/wp\/v2\/product_cat?post=27564473"},{"taxonomy":"product_tag","embeddable":true,"href":"https:\/\/ritualsbyglow.com\/en\/wp-json\/wp\/v2\/product_tag?post=27564473"}],"curies":[{"name":"wp","href":"https:\/\/api.w.org\/{rel}","templated":true}]}}